{"id":974,"date":"2015-03-30T10:51:58","date_gmt":"2015-03-30T10:51:58","guid":{"rendered":"http:\/\/www.simili.at\/WP\/?page_id=974"},"modified":"2015-04-01T20:31:27","modified_gmt":"2015-04-01T20:31:27","slug":"impressum","status":"publish","type":"page","link":"http:\/\/www.simili.at\/WP\/impressum\/","title":{"rendered":"Impressum"},"content":{"rendered":"<p>Fa. SIMILI &#8211;\u00a0Gro\u00dfhandel<br \/>\nHaarschmuck &amp; Accessoires<\/p>\n<p>Gesch\u00e4ftsinhaberin: Karin Pendl<\/p>\n<p>Hirzingerweg 29<br \/>\n6380 St. Johann in Tirol<br \/>\n\u00d6sterreich<\/p>\n<p><!--more--><\/p>\n<p>Tel +43 (0) 5352 66869<br \/>\nFax + 43 (0) 5352 66806<\/p>\n<p>Email: office@simili.at<br \/>\nWebsite: www.simili.at<\/p>\n<p>UID Nr. ATU 43846503<\/p>\n<p>Gerichtsstand ist Kitzb\u00fchel<\/p>\n<p>&nbsp;<\/p>\n<p>&nbsp;<\/p>\n","protected":false},"excerpt":{"rendered":"<p>Fa. SIMILI &#8211;\u00a0Gro\u00dfhandel Haarschmuck &amp; Accessoires Gesch\u00e4ftsinhaberin: Karin Pendl Hirzingerweg 29 6380 St. Johann in Tirol \u00d6sterreich<\/p>\n","protected":false},"author":1,"featured_media":0,"parent":0,"menu_order":0,"comment_status":"open","ping_status":"open","template":"","meta":{"footnotes":""},"_links":{"self":[{"href":"http:\/\/www.simili.at\/WP\/wp-json\/wp\/v2\/pages\/974"}],"collection":[{"href":"http:\/\/www.simili.at\/WP\/wp-json\/wp\/v2\/pages"}],"about":[{"href":"http:\/\/www.simili.at\/WP\/wp-json\/wp\/v2\/types\/page"}],"author":[{"embeddable":true,"href":"http:\/\/www.simili.at\/WP\/wp-json\/wp\/v2\/users\/1"}],"replies":[{"embeddable":true,"href":"http:\/\/www.simili.at\/WP\/wp-json\/wp\/v2\/comments?post=974"}],"version-history":[{"count":6,"href":"http:\/\/www.simili.at\/WP\/wp-json\/wp\/v2\/pages\/974\/revisions"}],"predecessor-version":[{"id":1220,"href":"http:\/\/www.simili.at\/WP\/wp-json\/wp\/v2\/pages\/974\/revisions\/1220"}],"wp:attachment":[{"href":"http:\/\/www.simili.at\/WP\/wp-json\/wp\/v2\/media?parent=974"}],"curies":[{"name":"wp","href":"https:\/\/api.w.org\/{rel}","templated":true}]}}