{"id":955,"date":"2015-03-29T21:37:24","date_gmt":"2015-03-29T21:37:24","guid":{"rendered":"http:\/\/www.simili.at\/WP\/?page_id=955"},"modified":"2017-12-03T19:03:19","modified_gmt":"2017-12-03T19:03:19","slug":"preise-auf-anfrage","status":"publish","type":"page","link":"http:\/\/www.simili.at\/WP\/preise-auf-anfrage\/","title":{"rendered":"Preise"},"content":{"rendered":"<p>&nbsp;<\/p>\n<p>Bitte kontaktieren sie uns bez\u00fcglich Preisauskunft \u00fcber das<\/p>\n<p><span style=\"color: #33cccc;\"><a style=\"color: #33cccc; text-decoration: underline;\" title=\"Kontakt\" href=\"http:\/\/www.simili.at\/WP\/?page_id=6\">Kontaktformular <\/a><\/span><\/p>\n<p>Oder wenden sie sich telefonisch an uns,<br \/>\num Auskunft \u00fcber H\u00e4ndlerpreise zu erhalten.<\/p>\n<p><img decoding=\"async\" src=\"https:\/\/cdn0.iconfinder.com\/data\/icons\/iconsweets2\/40\/phone_telephone_call.png\" alt=\"call, phone, telephone icon\" \/><br \/>\n+43 5352 66869<\/p>\n<p>Firma SIMILI<br \/>\nGro\u00dfhandel mit Haarschmuck &amp; Accessoires<br \/>\nHirzingerweg 29<br \/>\n6380 St. Johann in Tirol<br \/>\n\u00d6sterreich<\/p>\n<p><a href=\"http:\/\/www.simili.at\/WP\/haarclipse\/haarclips\/\"><img loading=\"lazy\" decoding=\"async\" class=\"alignnone wp-image-2239 size-full\" src=\"http:\/\/www.simili.at\/WP\/wp-content\/uploads\/2015\/03\/Startseite-4-Herbst-2015.jpg\" alt=\"Startseite 4 Herbst 2015\" width=\"600\" height=\"562\" srcset=\"http:\/\/www.simili.at\/WP\/wp-content\/uploads\/2015\/03\/Startseite-4-Herbst-2015.jpg 600w, http:\/\/www.simili.at\/WP\/wp-content\/uploads\/2015\/03\/Startseite-4-Herbst-2015-300x281.jpg 300w\" sizes=\"(max-width: 600px) 100vw, 600px\" \/><\/a><\/p>\n<p>&nbsp;<\/p>\n<p>&nbsp;<\/p>\n","protected":false},"excerpt":{"rendered":"<p>&nbsp; Bitte kontaktieren sie uns bez\u00fcglich Preisauskunft \u00fcber das Kontaktformular Oder wenden sie sich telefonisch an uns, um Auskunft \u00fcber H\u00e4ndlerpreise zu erhalten. +43 5352 66869 Firma SIMILI Gro\u00dfhandel mit Haarschmuck &amp; Accessoires Hirzingerweg 29 6380 St. Johann in Tirol \u00d6sterreich &nbsp; &nbsp;<\/p>\n","protected":false},"author":1,"featured_media":0,"parent":0,"menu_order":0,"comment_status":"open","ping_status":"open","template":"","meta":{"footnotes":""},"_links":{"self":[{"href":"http:\/\/www.simili.at\/WP\/wp-json\/wp\/v2\/pages\/955"}],"collection":[{"href":"http:\/\/www.simili.at\/WP\/wp-json\/wp\/v2\/pages"}],"about":[{"href":"http:\/\/www.simili.at\/WP\/wp-json\/wp\/v2\/types\/page"}],"author":[{"embeddable":true,"href":"http:\/\/www.simili.at\/WP\/wp-json\/wp\/v2\/users\/1"}],"replies":[{"embeddable":true,"href":"http:\/\/www.simili.at\/WP\/wp-json\/wp\/v2\/comments?post=955"}],"version-history":[{"count":38,"href":"http:\/\/www.simili.at\/WP\/wp-json\/wp\/v2\/pages\/955\/revisions"}],"predecessor-version":[{"id":5084,"href":"http:\/\/www.simili.at\/WP\/wp-json\/wp\/v2\/pages\/955\/revisions\/5084"}],"wp:attachment":[{"href":"http:\/\/www.simili.at\/WP\/wp-json\/wp\/v2\/media?parent=955"}],"curies":[{"name":"wp","href":"https:\/\/api.w.org\/{rel}","templated":true}]}}