{"id":69,"date":"2015-02-24T22:12:54","date_gmt":"2015-02-24T22:12:54","guid":{"rendered":"http:\/\/www.simili.at\/WP\/?page_id=69"},"modified":"2015-04-07T19:06:59","modified_gmt":"2015-04-07T19:06:59","slug":"ueber-uns","status":"publish","type":"page","link":"http:\/\/www.simili.at\/WP\/ueber-uns\/","title":{"rendered":"\u00dcber uns"},"content":{"rendered":"<p style=\"text-align: left;\">Unser Familienbetrieb, <span lang=\"IT\">Firma\u00a0 S I M I L I<\/span> &#8211; <span lang=\"IT\">\u00a0<\/span>Gro\u00dfhandel mit\u00a0Haar- und Modeschmuck wurde im Jahre 1991\u00a0gegr\u00fcndet.<!--more--><\/p>\n<p style=\"text-align: left;\">Zahlreiche Friseure, Parfumerien, Kindermoden- und\u00a0 Modeschmuckboutiquen etc. z\u00e4hlen seither zu unseren\u00a0treuen\u00a0<span style=\"line-height: 1.5;\">und zufriedenen Kunden.\u00a0Den gr\u00f6\u00dften Teil unserer Ware beziehen wir direkt aus Italien,<br \/>\nwodurch die\u00a0neuesten Trends in k\u00fcrzester Zeit bei ihnen im Gesch\u00e4ft\u00a0sein k\u00f6nnen.<\/span><\/p>\n<p style=\"text-align: left;\">Lassen auch sie sich von der Vielfalt unseres Angebotes und der Qualit\u00e4t der Produkte \u00fcberzeugen.\u00a0Wir bieten ihnen den Service, in regelm\u00e4\u00dfigen Abst\u00e4nden in ihr Gesch\u00e4ft zu kommen,\u00a0um ihnen unsere Kollektionen zu pr\u00e4sentieren.<\/p>\n<p style=\"text-align: left;\"><span style=\"text-decoration: underline;\">Gesch\u00e4ftsinhaberin &#8211; Karin Pendl<\/span><\/p>\n<p><img loading=\"lazy\" decoding=\"async\" class=\"alignleft\" src=\"http:\/\/members.inode.at\/k.pendl\/wir_ueber_uns\/Karin-Portrait-1.gif\" alt=\"\" width=\"112\" height=\"148\" \/><\/p>\n<p style=\"text-align: left;\" align=\"center\">F\u00fcr alle Fragen zu ihrer Bestellung stehe<br \/>\nich\u00a0ihnen gerne mit Rat und Tat zur Seite.<br \/>\n<img decoding=\"async\" draggable=\"false\" src=\"http:\/\/www.simili.at\/WP\/wp-content\/uploads\/2015\/03\/tel_s.png\" alt=\"\" \/>\u00a0 +43 5352 66869<\/p>\n<p>&nbsp;<\/p>\n<p>&nbsp;<\/p>\n<p>&nbsp;<\/p>\n<p><a href=\"http:\/\/www.simili.at\/WP\/?page_id=321\"><img loading=\"lazy\" decoding=\"async\" class=\"alignnone wp-image-1165\" src=\"http:\/\/www.simili.at\/WP\/wp-content\/uploads\/2015\/03\/klein-4-1024x526.jpg\" alt=\"klein 4\" width=\"650\" height=\"334\" srcset=\"http:\/\/www.simili.at\/WP\/wp-content\/uploads\/2015\/03\/klein-4-1024x526.jpg 1024w, http:\/\/www.simili.at\/WP\/wp-content\/uploads\/2015\/03\/klein-4-300x154.jpg 300w, http:\/\/www.simili.at\/WP\/wp-content\/uploads\/2015\/03\/klein-4.jpg 1400w\" sizes=\"(max-width: 650px) 100vw, 650px\" \/><\/a><\/p>\n","protected":false},"excerpt":{"rendered":"<p>Unser Familienbetrieb, Firma\u00a0 S I M I L I &#8211; \u00a0Gro\u00dfhandel mit\u00a0Haar- und Modeschmuck wurde im Jahre 1991\u00a0gegr\u00fcndet.<\/p>\n","protected":false},"author":1,"featured_media":0,"parent":0,"menu_order":3,"comment_status":"open","ping_status":"open","template":"","meta":{"footnotes":""},"_links":{"self":[{"href":"http:\/\/www.simili.at\/WP\/wp-json\/wp\/v2\/pages\/69"}],"collection":[{"href":"http:\/\/www.simili.at\/WP\/wp-json\/wp\/v2\/pages"}],"about":[{"href":"http:\/\/www.simili.at\/WP\/wp-json\/wp\/v2\/types\/page"}],"author":[{"embeddable":true,"href":"http:\/\/www.simili.at\/WP\/wp-json\/wp\/v2\/users\/1"}],"replies":[{"embeddable":true,"href":"http:\/\/www.simili.at\/WP\/wp-json\/wp\/v2\/comments?post=69"}],"version-history":[{"count":87,"href":"http:\/\/www.simili.at\/WP\/wp-json\/wp\/v2\/pages\/69\/revisions"}],"predecessor-version":[{"id":1342,"href":"http:\/\/www.simili.at\/WP\/wp-json\/wp\/v2\/pages\/69\/revisions\/1342"}],"wp:attachment":[{"href":"http:\/\/www.simili.at\/WP\/wp-json\/wp\/v2\/media?parent=69"}],"curies":[{"name":"wp","href":"https:\/\/api.w.org\/{rel}","templated":true}]}}