{"id":352,"date":"2015-03-13T23:10:59","date_gmt":"2015-03-13T23:10:59","guid":{"rendered":"http:\/\/www.simili.at\/WP\/?page_id=352"},"modified":"2023-09-23T13:05:52","modified_gmt":"2023-09-23T13:05:52","slug":"diademe","status":"publish","type":"page","link":"http:\/\/www.simili.at\/WP\/diademe\/","title":{"rendered":"Diademe Tiaras Strass-Haardr\u00e4hte"},"content":{"rendered":"<p>Hier finden sie unsere Diademe und Haardr\u00e4hte f\u00fcr festliche Frisuren. Brautfrisuren bekommen durch diesen Haarschmuck einen besonders eleganten Touch.<\/p>\n\n\t\t<style type=\"text\/css\">\n\t\t\t#gallery-1 {\n\t\t\t\tmargin: auto;\n\t\t\t}\n\t\t\t#gallery-1 .gallery-item {\n\t\t\t\tfloat: left;\n\t\t\t\tmargin-top: 10px;\n\t\t\t\ttext-align: center;\n\t\t\t\twidth: 33%;\n\t\t\t}\n\t\t\t#gallery-1 img {\n\t\t\t\tborder: 2px solid #cfcfcf;\n\t\t\t}\n\t\t\t#gallery-1 .gallery-caption {\n\t\t\t\tmargin-left: 0;\n\t\t\t}\n\t\t\t\/* see gallery_shortcode() in wp-includes\/media.php *\/\n\t\t<\/style>\n\t\t<div id='gallery-1' class='gallery galleryid-352 gallery-columns-3 gallery-size-thumbnail'><dl class='gallery-item'>\n\t\t\t<dt class='gallery-icon landscape'>\n\t\t\t\t<a href='http:\/\/www.simili.at\/WP\/wp-content\/uploads\/2023\/09\/Haardraht-1.3397.7.jpg' rel=\"lightbox[gallery-0]\"><img loading=\"lazy\" decoding=\"async\" width=\"150\" height=\"150\" src=\"http:\/\/www.simili.at\/WP\/wp-content\/uploads\/2023\/09\/Haardraht-1.3397.7-150x150.jpg\" class=\"attachment-thumbnail size-thumbnail\" alt=\"\" aria-describedby=\"gallery-1-9064\" srcset=\"http:\/\/www.simili.at\/WP\/wp-content\/uploads\/2023\/09\/Haardraht-1.3397.7-150x150.jpg 150w, http:\/\/www.simili.at\/WP\/wp-content\/uploads\/2023\/09\/Haardraht-1.3397.7-300x300.jpg 300w, http:\/\/www.simili.at\/WP\/wp-content\/uploads\/2023\/09\/Haardraht-1.3397.7-182x182.jpg 182w, http:\/\/www.simili.at\/WP\/wp-content\/uploads\/2023\/09\/Haardraht-1.3397.7-83x83.jpg 83w, http:\/\/www.simili.at\/WP\/wp-content\/uploads\/2023\/09\/Haardraht-1.3397.7-184x184.jpg 184w, http:\/\/www.simili.at\/WP\/wp-content\/uploads\/2023\/09\/Haardraht-1.3397.7.jpg 600w\" sizes=\"(max-width: 150px) 100vw, 150px\" \/><\/a>\n\t\t\t<\/dt>\n\t\t\t\t<dd class='wp-caption-text gallery-caption' id='gallery-1-9064'>\n\t\t\t\t1.3397.7\n\t\t\t\t<\/dd><\/dl><dl class='gallery-item'>\n\t\t\t<dt class='gallery-icon landscape'>\n\t\t\t\t<a href='http:\/\/www.simili.at\/WP\/wp-content\/uploads\/2019\/05\/Haardraht-1.3393.14.jpg' rel=\"lightbox[gallery-0]\"><img loading=\"lazy\" decoding=\"async\" width=\"150\" height=\"150\" src=\"http:\/\/www.simili.at\/WP\/wp-content\/uploads\/2019\/05\/Haardraht-1.3393.14-150x150.jpg\" class=\"attachment-thumbnail size-thumbnail\" alt=\"\" aria-describedby=\"gallery-1-6805\" srcset=\"http:\/\/www.simili.at\/WP\/wp-content\/uploads\/2019\/05\/Haardraht-1.3393.14-150x150.jpg 150w, http:\/\/www.simili.at\/WP\/wp-content\/uploads\/2019\/05\/Haardraht-1.3393.14-300x300.jpg 300w, http:\/\/www.simili.at\/WP\/wp-content\/uploads\/2019\/05\/Haardraht-1.3393.14-182x182.jpg 182w, http:\/\/www.simili.at\/WP\/wp-content\/uploads\/2019\/05\/Haardraht-1.3393.14-83x83.jpg 83w, http:\/\/www.simili.at\/WP\/wp-content\/uploads\/2019\/05\/Haardraht-1.3393.14-184x184.jpg 184w, http:\/\/www.simili.at\/WP\/wp-content\/uploads\/2019\/05\/Haardraht-1.3393.14.jpg 600w\" sizes=\"(max-width: 150px) 100vw, 150px\" \/><\/a>\n\t\t\t<\/dt>\n\t\t\t\t<dd class='wp-caption-text gallery-caption' id='gallery-1-6805'>\n\t\t\t\t1.3393.14\n\t\t\t\t<\/dd><\/dl><dl class='gallery-item'>\n\t\t\t<dt class='gallery-icon landscape'>\n\t\t\t\t<a href='http:\/\/www.simili.at\/WP\/wp-content\/uploads\/2015\/03\/Haardraht-1.3373G.9.jpg' rel=\"lightbox[gallery-0]\"><img loading=\"lazy\" decoding=\"async\" width=\"150\" height=\"150\" src=\"http:\/\/www.simili.at\/WP\/wp-content\/uploads\/2015\/03\/Haardraht-1.3373G.9-150x150.jpg\" class=\"attachment-thumbnail size-thumbnail\" alt=\"\" aria-describedby=\"gallery-1-4605\" srcset=\"http:\/\/www.simili.at\/WP\/wp-content\/uploads\/2015\/03\/Haardraht-1.3373G.9-150x150.jpg 150w, http:\/\/www.simili.at\/WP\/wp-content\/uploads\/2015\/03\/Haardraht-1.3373G.9-300x300.jpg 300w, http:\/\/www.simili.at\/WP\/wp-content\/uploads\/2015\/03\/Haardraht-1.3373G.9-182x182.jpg 182w, http:\/\/www.simili.at\/WP\/wp-content\/uploads\/2015\/03\/Haardraht-1.3373G.9-83x83.jpg 83w, http:\/\/www.simili.at\/WP\/wp-content\/uploads\/2015\/03\/Haardraht-1.3373G.9-184x184.jpg 184w, http:\/\/www.simili.at\/WP\/wp-content\/uploads\/2015\/03\/Haardraht-1.3373G.9.jpg 600w\" sizes=\"(max-width: 150px) 100vw, 150px\" \/><\/a>\n\t\t\t<\/dt>\n\t\t\t\t<dd class='wp-caption-text gallery-caption' id='gallery-1-4605'>\n\t\t\t\t1.3373G.9\n\t\t\t\t<\/dd><\/dl><br style=\"clear: both\" \/><dl class='gallery-item'>\n\t\t\t<dt class='gallery-icon landscape'>\n\t\t\t\t<a href='http:\/\/www.simili.at\/WP\/wp-content\/uploads\/2015\/03\/1.3355.12.jpg' rel=\"lightbox[gallery-0]\"><img loading=\"lazy\" decoding=\"async\" width=\"150\" height=\"150\" src=\"http:\/\/www.simili.at\/WP\/wp-content\/uploads\/2015\/03\/1.3355.12-150x150.jpg\" class=\"attachment-thumbnail size-thumbnail\" alt=\"\" aria-describedby=\"gallery-1-3359\" srcset=\"http:\/\/www.simili.at\/WP\/wp-content\/uploads\/2015\/03\/1.3355.12-150x150.jpg 150w, http:\/\/www.simili.at\/WP\/wp-content\/uploads\/2015\/03\/1.3355.12-300x300.jpg 300w, http:\/\/www.simili.at\/WP\/wp-content\/uploads\/2015\/03\/1.3355.12-182x182.jpg 182w, http:\/\/www.simili.at\/WP\/wp-content\/uploads\/2015\/03\/1.3355.12-83x83.jpg 83w, http:\/\/www.simili.at\/WP\/wp-content\/uploads\/2015\/03\/1.3355.12-184x184.jpg 184w, http:\/\/www.simili.at\/WP\/wp-content\/uploads\/2015\/03\/1.3355.12.jpg 600w\" sizes=\"(max-width: 150px) 100vw, 150px\" \/><\/a>\n\t\t\t<\/dt>\n\t\t\t\t<dd class='wp-caption-text gallery-caption' id='gallery-1-3359'>\n\t\t\t\t1.3355.12\n\t\t\t\t<\/dd><\/dl><dl class='gallery-item'>\n\t\t\t<dt class='gallery-icon landscape'>\n\t\t\t\t<a href='http:\/\/www.simili.at\/WP\/wp-content\/uploads\/2019\/11\/Haardraht-1.3325.10.jpg' rel=\"lightbox[gallery-0]\"><img loading=\"lazy\" decoding=\"async\" width=\"150\" height=\"150\" src=\"http:\/\/www.simili.at\/WP\/wp-content\/uploads\/2019\/11\/Haardraht-1.3325.10-150x150.jpg\" class=\"attachment-thumbnail size-thumbnail\" alt=\"\" aria-describedby=\"gallery-1-7296\" srcset=\"http:\/\/www.simili.at\/WP\/wp-content\/uploads\/2019\/11\/Haardraht-1.3325.10-150x150.jpg 150w, http:\/\/www.simili.at\/WP\/wp-content\/uploads\/2019\/11\/Haardraht-1.3325.10-300x300.jpg 300w, http:\/\/www.simili.at\/WP\/wp-content\/uploads\/2019\/11\/Haardraht-1.3325.10-182x182.jpg 182w, http:\/\/www.simili.at\/WP\/wp-content\/uploads\/2019\/11\/Haardraht-1.3325.10-83x83.jpg 83w, http:\/\/www.simili.at\/WP\/wp-content\/uploads\/2019\/11\/Haardraht-1.3325.10-184x184.jpg 184w, http:\/\/www.simili.at\/WP\/wp-content\/uploads\/2019\/11\/Haardraht-1.3325.10.jpg 600w\" sizes=\"(max-width: 150px) 100vw, 150px\" \/><\/a>\n\t\t\t<\/dt>\n\t\t\t\t<dd class='wp-caption-text gallery-caption' id='gallery-1-7296'>\n\t\t\t\t1.3325.10\n\t\t\t\t<\/dd><\/dl><dl class='gallery-item'>\n\t\t\t<dt class='gallery-icon landscape'>\n\t\t\t\t<a href='http:\/\/www.simili.at\/WP\/wp-content\/uploads\/2015\/03\/Diadem-Stra\u00dfhaarreifen-1.3381.12.jpg' rel=\"lightbox[gallery-0]\"><img loading=\"lazy\" decoding=\"async\" width=\"150\" height=\"150\" src=\"http:\/\/www.simili.at\/WP\/wp-content\/uploads\/2015\/03\/Diadem-Stra\u00dfhaarreifen-1.3381.12-150x150.jpg\" class=\"attachment-thumbnail size-thumbnail\" alt=\"\" aria-describedby=\"gallery-1-4654\" srcset=\"http:\/\/www.simili.at\/WP\/wp-content\/uploads\/2015\/03\/Diadem-Stra\u00dfhaarreifen-1.3381.12-150x150.jpg 150w, http:\/\/www.simili.at\/WP\/wp-content\/uploads\/2015\/03\/Diadem-Stra\u00dfhaarreifen-1.3381.12-300x300.jpg 300w, http:\/\/www.simili.at\/WP\/wp-content\/uploads\/2015\/03\/Diadem-Stra\u00dfhaarreifen-1.3381.12-182x182.jpg 182w, http:\/\/www.simili.at\/WP\/wp-content\/uploads\/2015\/03\/Diadem-Stra\u00dfhaarreifen-1.3381.12-83x83.jpg 83w, http:\/\/www.simili.at\/WP\/wp-content\/uploads\/2015\/03\/Diadem-Stra\u00dfhaarreifen-1.3381.12-184x184.jpg 184w, http:\/\/www.simili.at\/WP\/wp-content\/uploads\/2015\/03\/Diadem-Stra\u00dfhaarreifen-1.3381.12.jpg 600w\" sizes=\"(max-width: 150px) 100vw, 150px\" \/><\/a>\n\t\t\t<\/dt>\n\t\t\t\t<dd class='wp-caption-text gallery-caption' id='gallery-1-4654'>\n\t\t\t\t1.3381.12\n\t\t\t\t<\/dd><\/dl><br style=\"clear: both\" \/><dl class='gallery-item'>\n\t\t\t<dt class='gallery-icon landscape'>\n\t\t\t\t<a href='http:\/\/www.simili.at\/WP\/wp-content\/uploads\/2015\/03\/Diadem-Tiara-1.3346.12.jpg' rel=\"lightbox[gallery-0]\"><img loading=\"lazy\" decoding=\"async\" width=\"150\" height=\"150\" src=\"http:\/\/www.simili.at\/WP\/wp-content\/uploads\/2015\/03\/Diadem-Tiara-1.3346.12-150x150.jpg\" class=\"attachment-thumbnail size-thumbnail\" alt=\"\" aria-describedby=\"gallery-1-1246\" srcset=\"http:\/\/www.simili.at\/WP\/wp-content\/uploads\/2015\/03\/Diadem-Tiara-1.3346.12-150x150.jpg 150w, http:\/\/www.simili.at\/WP\/wp-content\/uploads\/2015\/03\/Diadem-Tiara-1.3346.12-300x300.jpg 300w, http:\/\/www.simili.at\/WP\/wp-content\/uploads\/2015\/03\/Diadem-Tiara-1.3346.12-182x182.jpg 182w, http:\/\/www.simili.at\/WP\/wp-content\/uploads\/2015\/03\/Diadem-Tiara-1.3346.12-83x83.jpg 83w, http:\/\/www.simili.at\/WP\/wp-content\/uploads\/2015\/03\/Diadem-Tiara-1.3346.12-184x184.jpg 184w, http:\/\/www.simili.at\/WP\/wp-content\/uploads\/2015\/03\/Diadem-Tiara-1.3346.12.jpg 600w\" sizes=\"(max-width: 150px) 100vw, 150px\" \/><\/a>\n\t\t\t<\/dt>\n\t\t\t\t<dd class='wp-caption-text gallery-caption' id='gallery-1-1246'>\n\t\t\t\t1.3346.12\n\t\t\t\t<\/dd><\/dl>\n\t\t\t<br style='clear: both' \/>\n\t\t<\/div>\n\n\n\n<p><\/p>\n","protected":false},"excerpt":{"rendered":"<p>Hier finden sie unsere Diademe und Haardr\u00e4hte f\u00fcr festliche Frisuren. Brautfrisuren bekommen durch diesen Haarschmuck einen besonders eleganten Touch.<\/p>\n","protected":false},"author":1,"featured_media":0,"parent":0,"menu_order":0,"comment_status":"open","ping_status":"open","template":"","meta":{"footnotes":""},"_links":{"self":[{"href":"http:\/\/www.simili.at\/WP\/wp-json\/wp\/v2\/pages\/352"}],"collection":[{"href":"http:\/\/www.simili.at\/WP\/wp-json\/wp\/v2\/pages"}],"about":[{"href":"http:\/\/www.simili.at\/WP\/wp-json\/wp\/v2\/types\/page"}],"author":[{"embeddable":true,"href":"http:\/\/www.simili.at\/WP\/wp-json\/wp\/v2\/users\/1"}],"replies":[{"embeddable":true,"href":"http:\/\/www.simili.at\/WP\/wp-json\/wp\/v2\/comments?post=352"}],"version-history":[{"count":58,"href":"http:\/\/www.simili.at\/WP\/wp-json\/wp\/v2\/pages\/352\/revisions"}],"predecessor-version":[{"id":9065,"href":"http:\/\/www.simili.at\/WP\/wp-json\/wp\/v2\/pages\/352\/revisions\/9065"}],"wp:attachment":[{"href":"http:\/\/www.simili.at\/WP\/wp-json\/wp\/v2\/media?parent=352"}],"curies":[{"name":"wp","href":"https:\/\/api.w.org\/{rel}","templated":true}]}}