{"id":331,"date":"2015-03-13T23:08:09","date_gmt":"2015-03-13T23:08:09","guid":{"rendered":"http:\/\/www.simili.at\/WP\/?page_id=331"},"modified":"2021-02-09T19:41:54","modified_gmt":"2021-02-09T19:41:54","slug":"haarkaemme","status":"publish","type":"page","link":"http:\/\/www.simili.at\/WP\/haarkaemme\/","title":{"rendered":"diverse Haark\u00e4mme"},"content":{"rendered":"<p>Auf dieser Seite finden sie eine gr0\u00dfe Auswahl an Haark\u00e4mmen f\u00fcr festliche Frisuren mit Perlen und Strass besetzt, so zaubern sie im Nu elegante\u00a0Akzente in jede Ball oder Brautfrisur. Sie finden hier auch einfache Haark\u00e4mme f\u00fcr\u00a0die Alltagsfrisur.<\/p>\n\n\t\t<style type=\"text\/css\">\n\t\t\t#gallery-1 {\n\t\t\t\tmargin: auto;\n\t\t\t}\n\t\t\t#gallery-1 .gallery-item {\n\t\t\t\tfloat: left;\n\t\t\t\tmargin-top: 10px;\n\t\t\t\ttext-align: center;\n\t\t\t\twidth: 33%;\n\t\t\t}\n\t\t\t#gallery-1 img {\n\t\t\t\tborder: 2px solid #cfcfcf;\n\t\t\t}\n\t\t\t#gallery-1 .gallery-caption {\n\t\t\t\tmargin-left: 0;\n\t\t\t}\n\t\t\t\/* see gallery_shortcode() in wp-includes\/media.php *\/\n\t\t<\/style>\n\t\t<div id='gallery-1' class='gallery galleryid-331 gallery-columns-3 gallery-size-thumbnail'><dl class='gallery-item'>\n\t\t\t<dt class='gallery-icon landscape'>\n\t\t\t\t<a href='http:\/\/www.simili.at\/WP\/wp-content\/uploads\/2020\/09\/Haarkamm-Braut-1.1102C.12.jpg' rel=\"lightbox[gallery-0]\"><img loading=\"lazy\" decoding=\"async\" width=\"150\" height=\"150\" src=\"http:\/\/www.simili.at\/WP\/wp-content\/uploads\/2020\/09\/Haarkamm-Braut-1.1102C.12-150x150.jpg\" class=\"attachment-thumbnail size-thumbnail\" alt=\"\" aria-describedby=\"gallery-1-7819\" srcset=\"http:\/\/www.simili.at\/WP\/wp-content\/uploads\/2020\/09\/Haarkamm-Braut-1.1102C.12-150x150.jpg 150w, http:\/\/www.simili.at\/WP\/wp-content\/uploads\/2020\/09\/Haarkamm-Braut-1.1102C.12-300x300.jpg 300w, http:\/\/www.simili.at\/WP\/wp-content\/uploads\/2020\/09\/Haarkamm-Braut-1.1102C.12-182x182.jpg 182w, http:\/\/www.simili.at\/WP\/wp-content\/uploads\/2020\/09\/Haarkamm-Braut-1.1102C.12-83x83.jpg 83w, http:\/\/www.simili.at\/WP\/wp-content\/uploads\/2020\/09\/Haarkamm-Braut-1.1102C.12-184x184.jpg 184w, http:\/\/www.simili.at\/WP\/wp-content\/uploads\/2020\/09\/Haarkamm-Braut-1.1102C.12.jpg 600w\" sizes=\"(max-width: 150px) 100vw, 150px\" \/><\/a>\n\t\t\t<\/dt>\n\t\t\t\t<dd class='wp-caption-text gallery-caption' id='gallery-1-7819'>\n\t\t\t\t1.1102C.12\n\t\t\t\t<\/dd><\/dl><dl class='gallery-item'>\n\t\t\t<dt class='gallery-icon landscape'>\n\t\t\t\t<a href='http:\/\/www.simili.at\/WP\/wp-content\/uploads\/2015\/03\/Haarkamm-Braut-1.1102A.121.jpg' rel=\"lightbox[gallery-0]\"><img loading=\"lazy\" decoding=\"async\" width=\"150\" height=\"150\" src=\"http:\/\/www.simili.at\/WP\/wp-content\/uploads\/2015\/03\/Haarkamm-Braut-1.1102A.121-150x150.jpg\" class=\"attachment-thumbnail size-thumbnail\" alt=\"\" aria-describedby=\"gallery-1-4912\" srcset=\"http:\/\/www.simili.at\/WP\/wp-content\/uploads\/2015\/03\/Haarkamm-Braut-1.1102A.121-150x150.jpg 150w, http:\/\/www.simili.at\/WP\/wp-content\/uploads\/2015\/03\/Haarkamm-Braut-1.1102A.121-300x300.jpg 300w, http:\/\/www.simili.at\/WP\/wp-content\/uploads\/2015\/03\/Haarkamm-Braut-1.1102A.121-182x182.jpg 182w, http:\/\/www.simili.at\/WP\/wp-content\/uploads\/2015\/03\/Haarkamm-Braut-1.1102A.121-83x83.jpg 83w, http:\/\/www.simili.at\/WP\/wp-content\/uploads\/2015\/03\/Haarkamm-Braut-1.1102A.121-184x184.jpg 184w, http:\/\/www.simili.at\/WP\/wp-content\/uploads\/2015\/03\/Haarkamm-Braut-1.1102A.121.jpg 600w\" sizes=\"(max-width: 150px) 100vw, 150px\" \/><\/a>\n\t\t\t<\/dt>\n\t\t\t\t<dd class='wp-caption-text gallery-caption' id='gallery-1-4912'>\n\t\t\t\t1.1102A.12\n\t\t\t\t<\/dd><\/dl><dl class='gallery-item'>\n\t\t\t<dt class='gallery-icon landscape'>\n\t\t\t\t<a href='http:\/\/www.simili.at\/WP\/wp-content\/uploads\/2015\/03\/Haarkamm-Braut-1.1113B.12.jpg' rel=\"lightbox[gallery-0]\"><img loading=\"lazy\" decoding=\"async\" width=\"150\" height=\"150\" src=\"http:\/\/www.simili.at\/WP\/wp-content\/uploads\/2015\/03\/Haarkamm-Braut-1.1113B.12-150x150.jpg\" class=\"attachment-thumbnail size-thumbnail\" alt=\"\" aria-describedby=\"gallery-1-5461\" srcset=\"http:\/\/www.simili.at\/WP\/wp-content\/uploads\/2015\/03\/Haarkamm-Braut-1.1113B.12-150x150.jpg 150w, http:\/\/www.simili.at\/WP\/wp-content\/uploads\/2015\/03\/Haarkamm-Braut-1.1113B.12-300x300.jpg 300w, http:\/\/www.simili.at\/WP\/wp-content\/uploads\/2015\/03\/Haarkamm-Braut-1.1113B.12-182x182.jpg 182w, http:\/\/www.simili.at\/WP\/wp-content\/uploads\/2015\/03\/Haarkamm-Braut-1.1113B.12-83x83.jpg 83w, http:\/\/www.simili.at\/WP\/wp-content\/uploads\/2015\/03\/Haarkamm-Braut-1.1113B.12-184x184.jpg 184w, http:\/\/www.simili.at\/WP\/wp-content\/uploads\/2015\/03\/Haarkamm-Braut-1.1113B.12.jpg 600w\" sizes=\"(max-width: 150px) 100vw, 150px\" \/><\/a>\n\t\t\t<\/dt>\n\t\t\t\t<dd class='wp-caption-text gallery-caption' id='gallery-1-5461'>\n\t\t\t\t1.1113B.12\n\t\t\t\t<\/dd><\/dl><br style=\"clear: both\" \/><dl class='gallery-item'>\n\t\t\t<dt class='gallery-icon landscape'>\n\t\t\t\t<a href='http:\/\/www.simili.at\/WP\/wp-content\/uploads\/2015\/03\/Braut-Haarkamm-1.1090.10.jpg' rel=\"lightbox[gallery-0]\"><img loading=\"lazy\" decoding=\"async\" width=\"150\" height=\"150\" src=\"http:\/\/www.simili.at\/WP\/wp-content\/uploads\/2015\/03\/Braut-Haarkamm-1.1090.10-150x150.jpg\" class=\"attachment-thumbnail size-thumbnail\" alt=\"\" aria-describedby=\"gallery-1-3419\" srcset=\"http:\/\/www.simili.at\/WP\/wp-content\/uploads\/2015\/03\/Braut-Haarkamm-1.1090.10-150x150.jpg 150w, http:\/\/www.simili.at\/WP\/wp-content\/uploads\/2015\/03\/Braut-Haarkamm-1.1090.10-300x300.jpg 300w, http:\/\/www.simili.at\/WP\/wp-content\/uploads\/2015\/03\/Braut-Haarkamm-1.1090.10-182x182.jpg 182w, http:\/\/www.simili.at\/WP\/wp-content\/uploads\/2015\/03\/Braut-Haarkamm-1.1090.10-83x83.jpg 83w, http:\/\/www.simili.at\/WP\/wp-content\/uploads\/2015\/03\/Braut-Haarkamm-1.1090.10-184x184.jpg 184w, http:\/\/www.simili.at\/WP\/wp-content\/uploads\/2015\/03\/Braut-Haarkamm-1.1090.10.jpg 600w\" sizes=\"(max-width: 150px) 100vw, 150px\" \/><\/a>\n\t\t\t<\/dt>\n\t\t\t\t<dd class='wp-caption-text gallery-caption' id='gallery-1-3419'>\n\t\t\t\t1.1090.10\n\t\t\t\t<\/dd><\/dl><dl class='gallery-item'>\n\t\t\t<dt class='gallery-icon landscape'>\n\t\t\t\t<a href='http:\/\/www.simili.at\/WP\/wp-content\/uploads\/2015\/03\/Haark\u00e4mme-2.1074.18.jpg' rel=\"lightbox[gallery-0]\"><img loading=\"lazy\" decoding=\"async\" width=\"150\" height=\"150\" src=\"http:\/\/www.simili.at\/WP\/wp-content\/uploads\/2015\/03\/Haark\u00e4mme-2.1074.18-150x150.jpg\" class=\"attachment-thumbnail size-thumbnail\" alt=\"\" aria-describedby=\"gallery-1-2650\" srcset=\"http:\/\/www.simili.at\/WP\/wp-content\/uploads\/2015\/03\/Haark\u00e4mme-2.1074.18-150x150.jpg 150w, http:\/\/www.simili.at\/WP\/wp-content\/uploads\/2015\/03\/Haark\u00e4mme-2.1074.18-300x300.jpg 300w, http:\/\/www.simili.at\/WP\/wp-content\/uploads\/2015\/03\/Haark\u00e4mme-2.1074.18-182x182.jpg 182w, http:\/\/www.simili.at\/WP\/wp-content\/uploads\/2015\/03\/Haark\u00e4mme-2.1074.18-83x83.jpg 83w, http:\/\/www.simili.at\/WP\/wp-content\/uploads\/2015\/03\/Haark\u00e4mme-2.1074.18-184x184.jpg 184w, http:\/\/www.simili.at\/WP\/wp-content\/uploads\/2015\/03\/Haark\u00e4mme-2.1074.18.jpg 600w\" sizes=\"(max-width: 150px) 100vw, 150px\" \/><\/a>\n\t\t\t<\/dt>\n\t\t\t\t<dd class='wp-caption-text gallery-caption' id='gallery-1-2650'>\n\t\t\t\t2.1074.18\n\t\t\t\t<\/dd><\/dl><dl class='gallery-item'>\n\t\t\t<dt class='gallery-icon landscape'>\n\t\t\t\t<a href='http:\/\/www.simili.at\/WP\/wp-content\/uploads\/2015\/03\/Haarkamm-Braut-1.1059A.15.jpg' rel=\"lightbox[gallery-0]\"><img loading=\"lazy\" decoding=\"async\" width=\"150\" height=\"150\" src=\"http:\/\/www.simili.at\/WP\/wp-content\/uploads\/2015\/03\/Haarkamm-Braut-1.1059A.15-150x150.jpg\" class=\"attachment-thumbnail size-thumbnail\" alt=\"\" aria-describedby=\"gallery-1-5363\" srcset=\"http:\/\/www.simili.at\/WP\/wp-content\/uploads\/2015\/03\/Haarkamm-Braut-1.1059A.15-150x150.jpg 150w, http:\/\/www.simili.at\/WP\/wp-content\/uploads\/2015\/03\/Haarkamm-Braut-1.1059A.15-300x300.jpg 300w, http:\/\/www.simili.at\/WP\/wp-content\/uploads\/2015\/03\/Haarkamm-Braut-1.1059A.15-182x182.jpg 182w, http:\/\/www.simili.at\/WP\/wp-content\/uploads\/2015\/03\/Haarkamm-Braut-1.1059A.15-83x83.jpg 83w, http:\/\/www.simili.at\/WP\/wp-content\/uploads\/2015\/03\/Haarkamm-Braut-1.1059A.15-184x184.jpg 184w, http:\/\/www.simili.at\/WP\/wp-content\/uploads\/2015\/03\/Haarkamm-Braut-1.1059A.15.jpg 600w\" sizes=\"(max-width: 150px) 100vw, 150px\" \/><\/a>\n\t\t\t<\/dt>\n\t\t\t\t<dd class='wp-caption-text gallery-caption' id='gallery-1-5363'>\n\t\t\t\t1.1059A.15\n\t\t\t\t<\/dd><\/dl><br style=\"clear: both\" \/><dl class='gallery-item'>\n\t\t\t<dt class='gallery-icon landscape'>\n\t\t\t\t<a href='http:\/\/www.simili.at\/WP\/wp-content\/uploads\/2015\/03\/1.1156B.20.jpg' rel=\"lightbox[gallery-0]\"><img loading=\"lazy\" decoding=\"async\" width=\"150\" height=\"150\" src=\"http:\/\/www.simili.at\/WP\/wp-content\/uploads\/2015\/03\/1.1156B.20-150x150.jpg\" class=\"attachment-thumbnail size-thumbnail\" alt=\"\" aria-describedby=\"gallery-1-1332\" srcset=\"http:\/\/www.simili.at\/WP\/wp-content\/uploads\/2015\/03\/1.1156B.20-150x150.jpg 150w, http:\/\/www.simili.at\/WP\/wp-content\/uploads\/2015\/03\/1.1156B.20-300x300.jpg 300w, http:\/\/www.simili.at\/WP\/wp-content\/uploads\/2015\/03\/1.1156B.20-182x182.jpg 182w, http:\/\/www.simili.at\/WP\/wp-content\/uploads\/2015\/03\/1.1156B.20-83x83.jpg 83w, http:\/\/www.simili.at\/WP\/wp-content\/uploads\/2015\/03\/1.1156B.20-184x184.jpg 184w, http:\/\/www.simili.at\/WP\/wp-content\/uploads\/2015\/03\/1.1156B.20.jpg 600w\" sizes=\"(max-width: 150px) 100vw, 150px\" \/><\/a>\n\t\t\t<\/dt>\n\t\t\t\t<dd class='wp-caption-text gallery-caption' id='gallery-1-1332'>\n\t\t\t\t1.1156B.9\n\t\t\t\t<\/dd><\/dl><dl class='gallery-item'>\n\t\t\t<dt class='gallery-icon landscape'>\n\t\t\t\t<a href='http:\/\/www.simili.at\/WP\/wp-content\/uploads\/2015\/03\/1.1156A.20.jpg' rel=\"lightbox[gallery-0]\"><img loading=\"lazy\" decoding=\"async\" width=\"150\" height=\"150\" src=\"http:\/\/www.simili.at\/WP\/wp-content\/uploads\/2015\/03\/1.1156A.20-150x150.jpg\" class=\"attachment-thumbnail size-thumbnail\" alt=\"\" aria-describedby=\"gallery-1-1125\" srcset=\"http:\/\/www.simili.at\/WP\/wp-content\/uploads\/2015\/03\/1.1156A.20-150x150.jpg 150w, http:\/\/www.simili.at\/WP\/wp-content\/uploads\/2015\/03\/1.1156A.20-300x300.jpg 300w, http:\/\/www.simili.at\/WP\/wp-content\/uploads\/2015\/03\/1.1156A.20-182x182.jpg 182w, http:\/\/www.simili.at\/WP\/wp-content\/uploads\/2015\/03\/1.1156A.20-83x83.jpg 83w, http:\/\/www.simili.at\/WP\/wp-content\/uploads\/2015\/03\/1.1156A.20-184x184.jpg 184w, http:\/\/www.simili.at\/WP\/wp-content\/uploads\/2015\/03\/1.1156A.20.jpg 600w\" sizes=\"(max-width: 150px) 100vw, 150px\" \/><\/a>\n\t\t\t<\/dt>\n\t\t\t\t<dd class='wp-caption-text gallery-caption' id='gallery-1-1125'>\n\t\t\t\t 1.1156A.9\n\t\t\t\t<\/dd><\/dl><dl class='gallery-item'>\n\t\t\t<dt class='gallery-icon landscape'>\n\t\t\t\t<a href='http:\/\/www.simili.at\/WP\/wp-content\/uploads\/2015\/03\/1.1162B.20.jpg' rel=\"lightbox[gallery-0]\"><img loading=\"lazy\" decoding=\"async\" width=\"150\" height=\"150\" src=\"http:\/\/www.simili.at\/WP\/wp-content\/uploads\/2015\/03\/1.1162B.20-150x150.jpg\" class=\"attachment-thumbnail size-thumbnail\" alt=\"\" aria-describedby=\"gallery-1-1126\" srcset=\"http:\/\/www.simili.at\/WP\/wp-content\/uploads\/2015\/03\/1.1162B.20-150x150.jpg 150w, http:\/\/www.simili.at\/WP\/wp-content\/uploads\/2015\/03\/1.1162B.20-300x300.jpg 300w, http:\/\/www.simili.at\/WP\/wp-content\/uploads\/2015\/03\/1.1162B.20-182x182.jpg 182w, http:\/\/www.simili.at\/WP\/wp-content\/uploads\/2015\/03\/1.1162B.20-83x83.jpg 83w, http:\/\/www.simili.at\/WP\/wp-content\/uploads\/2015\/03\/1.1162B.20-184x184.jpg 184w, http:\/\/www.simili.at\/WP\/wp-content\/uploads\/2015\/03\/1.1162B.20.jpg 600w\" sizes=\"(max-width: 150px) 100vw, 150px\" \/><\/a>\n\t\t\t<\/dt>\n\t\t\t\t<dd class='wp-caption-text gallery-caption' id='gallery-1-1126'>\n\t\t\t\t1.1162B.10\n\t\t\t\t<\/dd><\/dl><br style=\"clear: both\" \/><dl class='gallery-item'>\n\t\t\t<dt class='gallery-icon landscape'>\n\t\t\t\t<a href='http:\/\/www.simili.at\/WP\/wp-content\/uploads\/2015\/03\/1.1163B.10.jpg' rel=\"lightbox[gallery-0]\"><img loading=\"lazy\" decoding=\"async\" width=\"150\" height=\"150\" src=\"http:\/\/www.simili.at\/WP\/wp-content\/uploads\/2015\/03\/1.1163B.10-150x150.jpg\" class=\"attachment-thumbnail size-thumbnail\" alt=\"\" aria-describedby=\"gallery-1-1128\" srcset=\"http:\/\/www.simili.at\/WP\/wp-content\/uploads\/2015\/03\/1.1163B.10-150x150.jpg 150w, http:\/\/www.simili.at\/WP\/wp-content\/uploads\/2015\/03\/1.1163B.10-300x300.jpg 300w, http:\/\/www.simili.at\/WP\/wp-content\/uploads\/2015\/03\/1.1163B.10-182x182.jpg 182w, http:\/\/www.simili.at\/WP\/wp-content\/uploads\/2015\/03\/1.1163B.10-83x83.jpg 83w, http:\/\/www.simili.at\/WP\/wp-content\/uploads\/2015\/03\/1.1163B.10-184x184.jpg 184w, http:\/\/www.simili.at\/WP\/wp-content\/uploads\/2015\/03\/1.1163B.10.jpg 600w\" sizes=\"(max-width: 150px) 100vw, 150px\" \/><\/a>\n\t\t\t<\/dt>\n\t\t\t\t<dd class='wp-caption-text gallery-caption' id='gallery-1-1128'>\n\t\t\t\t1.1163B.10\n\t\t\t\t<\/dd><\/dl><dl class='gallery-item'>\n\t\t\t<dt class='gallery-icon landscape'>\n\t\t\t\t<a href='http:\/\/www.simili.at\/WP\/wp-content\/uploads\/2015\/03\/1.1163A.10.jpg' rel=\"lightbox[gallery-0]\"><img loading=\"lazy\" decoding=\"async\" width=\"150\" height=\"150\" src=\"http:\/\/www.simili.at\/WP\/wp-content\/uploads\/2015\/03\/1.1163A.10-150x150.jpg\" class=\"attachment-thumbnail size-thumbnail\" alt=\"\" aria-describedby=\"gallery-1-4876\" srcset=\"http:\/\/www.simili.at\/WP\/wp-content\/uploads\/2015\/03\/1.1163A.10-150x150.jpg 150w, http:\/\/www.simili.at\/WP\/wp-content\/uploads\/2015\/03\/1.1163A.10-300x300.jpg 300w, http:\/\/www.simili.at\/WP\/wp-content\/uploads\/2015\/03\/1.1163A.10-182x182.jpg 182w, http:\/\/www.simili.at\/WP\/wp-content\/uploads\/2015\/03\/1.1163A.10-83x83.jpg 83w, http:\/\/www.simili.at\/WP\/wp-content\/uploads\/2015\/03\/1.1163A.10-184x184.jpg 184w, http:\/\/www.simili.at\/WP\/wp-content\/uploads\/2015\/03\/1.1163A.10.jpg 600w\" sizes=\"(max-width: 150px) 100vw, 150px\" \/><\/a>\n\t\t\t<\/dt>\n\t\t\t\t<dd class='wp-caption-text gallery-caption' id='gallery-1-4876'>\n\t\t\t\t1.1163A.6\n\t\t\t\t<\/dd><\/dl><dl class='gallery-item'>\n\t\t\t<dt class='gallery-icon landscape'>\n\t\t\t\t<a href='http:\/\/www.simili.at\/WP\/wp-content\/uploads\/2015\/03\/12.5040.8.jpg' rel=\"lightbox[gallery-0]\"><img loading=\"lazy\" decoding=\"async\" width=\"150\" height=\"150\" src=\"http:\/\/www.simili.at\/WP\/wp-content\/uploads\/2015\/03\/12.5040.8-150x150.jpg\" class=\"attachment-thumbnail size-thumbnail\" alt=\"\" aria-describedby=\"gallery-1-1137\" srcset=\"http:\/\/www.simili.at\/WP\/wp-content\/uploads\/2015\/03\/12.5040.8-150x150.jpg 150w, http:\/\/www.simili.at\/WP\/wp-content\/uploads\/2015\/03\/12.5040.8-300x300.jpg 300w, http:\/\/www.simili.at\/WP\/wp-content\/uploads\/2015\/03\/12.5040.8-182x182.jpg 182w, http:\/\/www.simili.at\/WP\/wp-content\/uploads\/2015\/03\/12.5040.8-83x83.jpg 83w, http:\/\/www.simili.at\/WP\/wp-content\/uploads\/2015\/03\/12.5040.8-184x184.jpg 184w, http:\/\/www.simili.at\/WP\/wp-content\/uploads\/2015\/03\/12.5040.8.jpg 600w\" sizes=\"(max-width: 150px) 100vw, 150px\" \/><\/a>\n\t\t\t<\/dt>\n\t\t\t\t<dd class='wp-caption-text gallery-caption' id='gallery-1-1137'>\n\t\t\t\t12.5040.8\n\t\t\t\t<\/dd><\/dl><br style=\"clear: both\" \/>\n\t\t<\/div>\n\n","protected":false},"excerpt":{"rendered":"<p>Auf dieser Seite finden sie eine gr0\u00dfe Auswahl an Haark\u00e4mmen f\u00fcr festliche Frisuren mit Perlen und Strass besetzt, so zaubern sie im Nu elegante\u00a0Akzente in jede Ball oder Brautfrisur. Sie finden hier auch einfache Haark\u00e4mme f\u00fcr\u00a0die Alltagsfrisur.<\/p>\n","protected":false},"author":1,"featured_media":0,"parent":0,"menu_order":0,"comment_status":"open","ping_status":"open","template":"","meta":{"footnotes":""},"_links":{"self":[{"href":"http:\/\/www.simili.at\/WP\/wp-json\/wp\/v2\/pages\/331"}],"collection":[{"href":"http:\/\/www.simili.at\/WP\/wp-json\/wp\/v2\/pages"}],"about":[{"href":"http:\/\/www.simili.at\/WP\/wp-json\/wp\/v2\/types\/page"}],"author":[{"embeddable":true,"href":"http:\/\/www.simili.at\/WP\/wp-json\/wp\/v2\/users\/1"}],"replies":[{"embeddable":true,"href":"http:\/\/www.simili.at\/WP\/wp-json\/wp\/v2\/comments?post=331"}],"version-history":[{"count":53,"href":"http:\/\/www.simili.at\/WP\/wp-json\/wp\/v2\/pages\/331\/revisions"}],"predecessor-version":[{"id":8007,"href":"http:\/\/www.simili.at\/WP\/wp-json\/wp\/v2\/pages\/331\/revisions\/8007"}],"wp:attachment":[{"href":"http:\/\/www.simili.at\/WP\/wp-json\/wp\/v2\/media?parent=331"}],"curies":[{"name":"wp","href":"https:\/\/api.w.org\/{rel}","templated":true}]}}