{"id":306,"date":"2015-03-13T22:56:32","date_gmt":"2015-03-13T22:56:32","guid":{"rendered":"http:\/\/www.simili.at\/WP\/?page_id=306"},"modified":"2024-10-04T19:14:07","modified_gmt":"2024-10-04T19:14:07","slug":"strass","status":"publish","type":"page","link":"http:\/\/www.simili.at\/WP\/haarklammern\/strass\/","title":{"rendered":"Strass  Haarklammern"},"content":{"rendered":"<p>Hier finden sie eine gro\u00dfe Auswahl an\u00a0Haarklammern mit Strass in unterschiedlichsten<br \/>Ausf\u00fchrungen und Gr\u00f6\u00dfen. \u00a0Diese Haarklammern eignen sich besonders um einen<br \/>Hauch\u00a0<span style=\"line-height: 1.5;\">von Luxus in\u00a0<\/span>Frisuren zu zaubern.<\/p>\n\n\t\t<style type=\"text\/css\">\n\t\t\t#gallery-1 {\n\t\t\t\tmargin: auto;\n\t\t\t}\n\t\t\t#gallery-1 .gallery-item {\n\t\t\t\tfloat: left;\n\t\t\t\tmargin-top: 10px;\n\t\t\t\ttext-align: center;\n\t\t\t\twidth: 33%;\n\t\t\t}\n\t\t\t#gallery-1 img {\n\t\t\t\tborder: 2px solid #cfcfcf;\n\t\t\t}\n\t\t\t#gallery-1 .gallery-caption {\n\t\t\t\tmargin-left: 0;\n\t\t\t}\n\t\t\t\/* see gallery_shortcode() in wp-includes\/media.php *\/\n\t\t<\/style>\n\t\t<div id='gallery-1' class='gallery galleryid-306 gallery-columns-3 gallery-size-thumbnail'><dl class='gallery-item'>\n\t\t\t<dt class='gallery-icon landscape'>\n\t\t\t\t<a href='http:\/\/www.simili.at\/WP\/wp-content\/uploads\/2024\/10\/Klammern-3.1852.21.jpg' rel=\"lightbox[gallery-0]\"><img loading=\"lazy\" decoding=\"async\" width=\"150\" height=\"150\" src=\"http:\/\/www.simili.at\/WP\/wp-content\/uploads\/2024\/10\/Klammern-3.1852.21-150x150.jpg\" class=\"attachment-thumbnail size-thumbnail\" alt=\"\" aria-describedby=\"gallery-1-9209\" srcset=\"http:\/\/www.simili.at\/WP\/wp-content\/uploads\/2024\/10\/Klammern-3.1852.21-150x150.jpg 150w, http:\/\/www.simili.at\/WP\/wp-content\/uploads\/2024\/10\/Klammern-3.1852.21-300x300.jpg 300w, http:\/\/www.simili.at\/WP\/wp-content\/uploads\/2024\/10\/Klammern-3.1852.21-182x182.jpg 182w, http:\/\/www.simili.at\/WP\/wp-content\/uploads\/2024\/10\/Klammern-3.1852.21-83x83.jpg 83w, http:\/\/www.simili.at\/WP\/wp-content\/uploads\/2024\/10\/Klammern-3.1852.21-184x184.jpg 184w, http:\/\/www.simili.at\/WP\/wp-content\/uploads\/2024\/10\/Klammern-3.1852.21.jpg 600w\" sizes=\"(max-width: 150px) 100vw, 150px\" \/><\/a>\n\t\t\t<\/dt>\n\t\t\t\t<dd class='wp-caption-text gallery-caption' id='gallery-1-9209'>\n\t\t\t\t3.1852.21\n\t\t\t\t<\/dd><\/dl><dl class='gallery-item'>\n\t\t\t<dt class='gallery-icon landscape'>\n\t\t\t\t<a href='http:\/\/www.simili.at\/WP\/wp-content\/uploads\/2024\/10\/Klammern-3.1854.21.jpg' rel=\"lightbox[gallery-0]\"><img loading=\"lazy\" decoding=\"async\" width=\"150\" height=\"150\" src=\"http:\/\/www.simili.at\/WP\/wp-content\/uploads\/2024\/10\/Klammern-3.1854.21-150x150.jpg\" class=\"attachment-thumbnail size-thumbnail\" alt=\"\" aria-describedby=\"gallery-1-9211\" srcset=\"http:\/\/www.simili.at\/WP\/wp-content\/uploads\/2024\/10\/Klammern-3.1854.21-150x150.jpg 150w, http:\/\/www.simili.at\/WP\/wp-content\/uploads\/2024\/10\/Klammern-3.1854.21-300x300.jpg 300w, http:\/\/www.simili.at\/WP\/wp-content\/uploads\/2024\/10\/Klammern-3.1854.21-182x182.jpg 182w, http:\/\/www.simili.at\/WP\/wp-content\/uploads\/2024\/10\/Klammern-3.1854.21-83x83.jpg 83w, http:\/\/www.simili.at\/WP\/wp-content\/uploads\/2024\/10\/Klammern-3.1854.21-184x184.jpg 184w, http:\/\/www.simili.at\/WP\/wp-content\/uploads\/2024\/10\/Klammern-3.1854.21.jpg 600w\" sizes=\"(max-width: 150px) 100vw, 150px\" \/><\/a>\n\t\t\t<\/dt>\n\t\t\t\t<dd class='wp-caption-text gallery-caption' id='gallery-1-9211'>\n\t\t\t\t3.1854.21\n\t\t\t\t<\/dd><\/dl><dl class='gallery-item'>\n\t\t\t<dt class='gallery-icon landscape'>\n\t\t\t\t<a href='http:\/\/www.simili.at\/WP\/wp-content\/uploads\/2024\/02\/Haarklammer-6.1847.29.jpg' rel=\"lightbox[gallery-0]\"><img loading=\"lazy\" decoding=\"async\" width=\"150\" height=\"150\" src=\"http:\/\/www.simili.at\/WP\/wp-content\/uploads\/2024\/02\/Haarklammer-6.1847.29-150x150.jpg\" class=\"attachment-thumbnail size-thumbnail\" alt=\"\" aria-describedby=\"gallery-1-9150\" srcset=\"http:\/\/www.simili.at\/WP\/wp-content\/uploads\/2024\/02\/Haarklammer-6.1847.29-150x150.jpg 150w, http:\/\/www.simili.at\/WP\/wp-content\/uploads\/2024\/02\/Haarklammer-6.1847.29-300x300.jpg 300w, http:\/\/www.simili.at\/WP\/wp-content\/uploads\/2024\/02\/Haarklammer-6.1847.29-182x182.jpg 182w, http:\/\/www.simili.at\/WP\/wp-content\/uploads\/2024\/02\/Haarklammer-6.1847.29-83x83.jpg 83w, http:\/\/www.simili.at\/WP\/wp-content\/uploads\/2024\/02\/Haarklammer-6.1847.29-184x184.jpg 184w, http:\/\/www.simili.at\/WP\/wp-content\/uploads\/2024\/02\/Haarklammer-6.1847.29.jpg 600w\" sizes=\"(max-width: 150px) 100vw, 150px\" \/><\/a>\n\t\t\t<\/dt>\n\t\t\t\t<dd class='wp-caption-text gallery-caption' id='gallery-1-9150'>\n\t\t\t\t6.1847.29\n\t\t\t\t<\/dd><\/dl><br style=\"clear: both\" \/><dl class='gallery-item'>\n\t\t\t<dt class='gallery-icon landscape'>\n\t\t\t\t<a href='http:\/\/www.simili.at\/WP\/wp-content\/uploads\/2023\/09\/Haarklammern-Strass-3.1831.24.jpg' rel=\"lightbox[gallery-0]\"><img loading=\"lazy\" decoding=\"async\" width=\"150\" height=\"150\" src=\"http:\/\/www.simili.at\/WP\/wp-content\/uploads\/2023\/09\/Haarklammern-Strass-3.1831.24-150x150.jpg\" class=\"attachment-thumbnail size-thumbnail\" alt=\"\" aria-describedby=\"gallery-1-8989\" srcset=\"http:\/\/www.simili.at\/WP\/wp-content\/uploads\/2023\/09\/Haarklammern-Strass-3.1831.24-150x150.jpg 150w, http:\/\/www.simili.at\/WP\/wp-content\/uploads\/2023\/09\/Haarklammern-Strass-3.1831.24-300x300.jpg 300w, http:\/\/www.simili.at\/WP\/wp-content\/uploads\/2023\/09\/Haarklammern-Strass-3.1831.24-182x182.jpg 182w, http:\/\/www.simili.at\/WP\/wp-content\/uploads\/2023\/09\/Haarklammern-Strass-3.1831.24-83x83.jpg 83w, http:\/\/www.simili.at\/WP\/wp-content\/uploads\/2023\/09\/Haarklammern-Strass-3.1831.24-184x184.jpg 184w, http:\/\/www.simili.at\/WP\/wp-content\/uploads\/2023\/09\/Haarklammern-Strass-3.1831.24.jpg 600w\" sizes=\"(max-width: 150px) 100vw, 150px\" \/><\/a>\n\t\t\t<\/dt>\n\t\t\t\t<dd class='wp-caption-text gallery-caption' id='gallery-1-8989'>\n\t\t\t\t3.1831.24\n\t\t\t\t<\/dd><\/dl><dl class='gallery-item'>\n\t\t\t<dt class='gallery-icon landscape'>\n\t\t\t\t<a href='http:\/\/www.simili.at\/WP\/wp-content\/uploads\/2023\/09\/Haarklammern-Strass-6.1835.36.jpg' rel=\"lightbox[gallery-0]\"><img loading=\"lazy\" decoding=\"async\" width=\"150\" height=\"150\" src=\"http:\/\/www.simili.at\/WP\/wp-content\/uploads\/2023\/09\/Haarklammern-Strass-6.1835.36-150x150.jpg\" class=\"attachment-thumbnail size-thumbnail\" alt=\"\" aria-describedby=\"gallery-1-8994\" srcset=\"http:\/\/www.simili.at\/WP\/wp-content\/uploads\/2023\/09\/Haarklammern-Strass-6.1835.36-150x150.jpg 150w, http:\/\/www.simili.at\/WP\/wp-content\/uploads\/2023\/09\/Haarklammern-Strass-6.1835.36-300x300.jpg 300w, http:\/\/www.simili.at\/WP\/wp-content\/uploads\/2023\/09\/Haarklammern-Strass-6.1835.36-182x182.jpg 182w, http:\/\/www.simili.at\/WP\/wp-content\/uploads\/2023\/09\/Haarklammern-Strass-6.1835.36-83x83.jpg 83w, http:\/\/www.simili.at\/WP\/wp-content\/uploads\/2023\/09\/Haarklammern-Strass-6.1835.36-184x184.jpg 184w, http:\/\/www.simili.at\/WP\/wp-content\/uploads\/2023\/09\/Haarklammern-Strass-6.1835.36.jpg 600w\" sizes=\"(max-width: 150px) 100vw, 150px\" \/><\/a>\n\t\t\t<\/dt>\n\t\t\t\t<dd class='wp-caption-text gallery-caption' id='gallery-1-8994'>\n\t\t\t\t6.1835.36\n\t\t\t\t<\/dd><\/dl><dl class='gallery-item'>\n\t\t\t<dt class='gallery-icon landscape'>\n\t\t\t\t<a href='http:\/\/www.simili.at\/WP\/wp-content\/uploads\/2023\/09\/Haarklammern-Strass-12.1740.36.jpg' rel=\"lightbox[gallery-0]\"><img loading=\"lazy\" decoding=\"async\" width=\"150\" height=\"150\" src=\"http:\/\/www.simili.at\/WP\/wp-content\/uploads\/2023\/09\/Haarklammern-Strass-12.1740.36-150x150.jpg\" class=\"attachment-thumbnail size-thumbnail\" alt=\"\" aria-describedby=\"gallery-1-9002\" srcset=\"http:\/\/www.simili.at\/WP\/wp-content\/uploads\/2023\/09\/Haarklammern-Strass-12.1740.36-150x150.jpg 150w, http:\/\/www.simili.at\/WP\/wp-content\/uploads\/2023\/09\/Haarklammern-Strass-12.1740.36-300x300.jpg 300w, http:\/\/www.simili.at\/WP\/wp-content\/uploads\/2023\/09\/Haarklammern-Strass-12.1740.36-182x182.jpg 182w, http:\/\/www.simili.at\/WP\/wp-content\/uploads\/2023\/09\/Haarklammern-Strass-12.1740.36-83x83.jpg 83w, http:\/\/www.simili.at\/WP\/wp-content\/uploads\/2023\/09\/Haarklammern-Strass-12.1740.36-184x184.jpg 184w, http:\/\/www.simili.at\/WP\/wp-content\/uploads\/2023\/09\/Haarklammern-Strass-12.1740.36.jpg 600w\" sizes=\"(max-width: 150px) 100vw, 150px\" \/><\/a>\n\t\t\t<\/dt>\n\t\t\t\t<dd class='wp-caption-text gallery-caption' id='gallery-1-9002'>\n\t\t\t\t12.1740.36\n\t\t\t\t<\/dd><\/dl><br style=\"clear: both\" \/><dl class='gallery-item'>\n\t\t\t<dt class='gallery-icon landscape'>\n\t\t\t\t<a href='http:\/\/www.simili.at\/WP\/wp-content\/uploads\/2022\/08\/Haarklammern-Strass-12.1769E.36.jpg' rel=\"lightbox[gallery-0]\"><img loading=\"lazy\" decoding=\"async\" width=\"150\" height=\"150\" src=\"http:\/\/www.simili.at\/WP\/wp-content\/uploads\/2022\/08\/Haarklammern-Strass-12.1769E.36-150x150.jpg\" class=\"attachment-thumbnail size-thumbnail\" alt=\"\" aria-describedby=\"gallery-1-8543\" srcset=\"http:\/\/www.simili.at\/WP\/wp-content\/uploads\/2022\/08\/Haarklammern-Strass-12.1769E.36-150x150.jpg 150w, http:\/\/www.simili.at\/WP\/wp-content\/uploads\/2022\/08\/Haarklammern-Strass-12.1769E.36-300x300.jpg 300w, http:\/\/www.simili.at\/WP\/wp-content\/uploads\/2022\/08\/Haarklammern-Strass-12.1769E.36-182x182.jpg 182w, http:\/\/www.simili.at\/WP\/wp-content\/uploads\/2022\/08\/Haarklammern-Strass-12.1769E.36-83x83.jpg 83w, http:\/\/www.simili.at\/WP\/wp-content\/uploads\/2022\/08\/Haarklammern-Strass-12.1769E.36-184x184.jpg 184w, http:\/\/www.simili.at\/WP\/wp-content\/uploads\/2022\/08\/Haarklammern-Strass-12.1769E.36.jpg 600w\" sizes=\"(max-width: 150px) 100vw, 150px\" \/><\/a>\n\t\t\t<\/dt>\n\t\t\t\t<dd class='wp-caption-text gallery-caption' id='gallery-1-8543'>\n\t\t\t\t12.1769E.36\n\t\t\t\t<\/dd><\/dl><dl class='gallery-item'>\n\t\t\t<dt class='gallery-icon landscape'>\n\t\t\t\t<a href='http:\/\/www.simili.at\/WP\/wp-content\/uploads\/2020\/03\/Klammern-Strass-8.1784.32.jpg' rel=\"lightbox[gallery-0]\"><img loading=\"lazy\" decoding=\"async\" width=\"150\" height=\"150\" src=\"http:\/\/www.simili.at\/WP\/wp-content\/uploads\/2020\/03\/Klammern-Strass-8.1784.32-150x150.jpg\" class=\"attachment-thumbnail size-thumbnail\" alt=\"\" aria-describedby=\"gallery-1-7421\" srcset=\"http:\/\/www.simili.at\/WP\/wp-content\/uploads\/2020\/03\/Klammern-Strass-8.1784.32-150x150.jpg 150w, http:\/\/www.simili.at\/WP\/wp-content\/uploads\/2020\/03\/Klammern-Strass-8.1784.32-300x300.jpg 300w, http:\/\/www.simili.at\/WP\/wp-content\/uploads\/2020\/03\/Klammern-Strass-8.1784.32-182x182.jpg 182w, http:\/\/www.simili.at\/WP\/wp-content\/uploads\/2020\/03\/Klammern-Strass-8.1784.32-83x83.jpg 83w, http:\/\/www.simili.at\/WP\/wp-content\/uploads\/2020\/03\/Klammern-Strass-8.1784.32-184x184.jpg 184w, http:\/\/www.simili.at\/WP\/wp-content\/uploads\/2020\/03\/Klammern-Strass-8.1784.32.jpg 600w\" sizes=\"(max-width: 150px) 100vw, 150px\" \/><\/a>\n\t\t\t<\/dt>\n\t\t\t\t<dd class='wp-caption-text gallery-caption' id='gallery-1-7421'>\n\t\t\t\t8.1784.24\n\t\t\t\t<\/dd><\/dl>\n\t\t\t<br style='clear: both' \/>\n\t\t<\/div>\n\n\n\n<p><\/p>\n","protected":false},"excerpt":{"rendered":"<p>Hier finden sie eine gro\u00dfe Auswahl an\u00a0Haarklammern mit Strass in unterschiedlichstenAusf\u00fchrungen und Gr\u00f6\u00dfen. \u00a0Diese Haarklammern eignen sich besonders um einenHauch\u00a0von Luxus in\u00a0Frisuren zu zaubern.<\/p>\n","protected":false},"author":1,"featured_media":0,"parent":304,"menu_order":0,"comment_status":"open","ping_status":"open","template":"","meta":{"footnotes":""},"_links":{"self":[{"href":"http:\/\/www.simili.at\/WP\/wp-json\/wp\/v2\/pages\/306"}],"collection":[{"href":"http:\/\/www.simili.at\/WP\/wp-json\/wp\/v2\/pages"}],"about":[{"href":"http:\/\/www.simili.at\/WP\/wp-json\/wp\/v2\/types\/page"}],"author":[{"embeddable":true,"href":"http:\/\/www.simili.at\/WP\/wp-json\/wp\/v2\/users\/1"}],"replies":[{"embeddable":true,"href":"http:\/\/www.simili.at\/WP\/wp-json\/wp\/v2\/comments?post=306"}],"version-history":[{"count":71,"href":"http:\/\/www.simili.at\/WP\/wp-json\/wp\/v2\/pages\/306\/revisions"}],"predecessor-version":[{"id":9213,"href":"http:\/\/www.simili.at\/WP\/wp-json\/wp\/v2\/pages\/306\/revisions\/9213"}],"up":[{"embeddable":true,"href":"http:\/\/www.simili.at\/WP\/wp-json\/wp\/v2\/pages\/304"}],"wp:attachment":[{"href":"http:\/\/www.simili.at\/WP\/wp-json\/wp\/v2\/media?parent=306"}],"curies":[{"name":"wp","href":"https:\/\/api.w.org\/{rel}","templated":true}]}}