{"id":283,"date":"2015-03-13T22:49:08","date_gmt":"2015-03-13T22:49:08","guid":{"rendered":"http:\/\/www.simili.at\/WP\/?page_id=283"},"modified":"2023-03-28T11:56:16","modified_gmt":"2023-03-28T11:56:16","slug":"produkte","status":"publish","type":"page","link":"http:\/\/www.simili.at\/WP\/produkte\/","title":{"rendered":"Produkte"},"content":{"rendered":"<p>Wir bieten ihnen Haarschmuck f\u00fcr alle nur erdenklichen Anl\u00e4sse.<br \/>\nEgal was sie suchen, bei uns werden sie f\u00fcndig. Ob Haarschmuck f\u00fcr festliche Anl\u00e4sse, Hochzeiten &#8211; B\u00e4lle &#8211; Erstkommunion &#8230; Haarnadeln, Haarcurlies, Diademe, Haarschieber, Haarb\u00e4nder, Haargummis, Haarreifen, Haark\u00e4mme, Haarblumen, Haarklammern, Haarclipse, Haarspangen, \u00a0 Zopfgummis, Haarextensions, Haarstr\u00e4hnen, Haarnetze, Zubeh\u00f6r f\u00fcr Steckfrisuren, Clic Clac, Concord Clipse, Haarschmuck f\u00fcr Kinder, es bleiben keine W\u00fcnsche offen.<\/p>\n<p>St\u00f6bern sie durch unser Produktangebot und lassen sie sich verf\u00fchren in der Welt des\u00a0Haarschmucks.<\/p>\n","protected":false},"excerpt":{"rendered":"<p>Wir bieten ihnen Haarschmuck f\u00fcr alle nur erdenklichen Anl\u00e4sse. Egal was sie suchen, bei uns werden sie f\u00fcndig. Ob Haarschmuck f\u00fcr festliche Anl\u00e4sse, Hochzeiten &#8211; B\u00e4lle &#8211; Erstkommunion &#8230; Haarnadeln, Haarcurlies, Diademe, Haarschieber, Haarb\u00e4nder, Haargummis, Haarreifen, Haark\u00e4mme, Haarblumen, Haarklammern, Haarclipse, Haarspangen, \u00a0 Zopfgummis, Haarextensions, Haarstr\u00e4hnen, Haarnetze, Zubeh\u00f6r f\u00fcr Steckfrisuren, Clic Clac, Concord Clipse, Haarschmuck f\u00fcr [&hellip;]<\/p>\n","protected":false},"author":1,"featured_media":5693,"parent":0,"menu_order":0,"comment_status":"open","ping_status":"open","template":"","meta":{"footnotes":""},"_links":{"self":[{"href":"http:\/\/www.simili.at\/WP\/wp-json\/wp\/v2\/pages\/283"}],"collection":[{"href":"http:\/\/www.simili.at\/WP\/wp-json\/wp\/v2\/pages"}],"about":[{"href":"http:\/\/www.simili.at\/WP\/wp-json\/wp\/v2\/types\/page"}],"author":[{"embeddable":true,"href":"http:\/\/www.simili.at\/WP\/wp-json\/wp\/v2\/users\/1"}],"replies":[{"embeddable":true,"href":"http:\/\/www.simili.at\/WP\/wp-json\/wp\/v2\/comments?post=283"}],"version-history":[{"count":27,"href":"http:\/\/www.simili.at\/WP\/wp-json\/wp\/v2\/pages\/283\/revisions"}],"predecessor-version":[{"id":8882,"href":"http:\/\/www.simili.at\/WP\/wp-json\/wp\/v2\/pages\/283\/revisions\/8882"}],"wp:featuredmedia":[{"embeddable":true,"href":"http:\/\/www.simili.at\/WP\/wp-json\/wp\/v2\/media\/5693"}],"wp:attachment":[{"href":"http:\/\/www.simili.at\/WP\/wp-json\/wp\/v2\/media?parent=283"}],"curies":[{"name":"wp","href":"https:\/\/api.w.org\/{rel}","templated":true}]}}