{"id":273,"date":"2015-03-13T22:47:24","date_gmt":"2015-03-13T22:47:24","guid":{"rendered":"http:\/\/www.simili.at\/WP\/?page_id=273"},"modified":"2023-01-22T12:54:04","modified_gmt":"2023-01-22T12:54:04","slug":"haargummis","status":"publish","type":"page","link":"http:\/\/www.simili.at\/WP\/kinder\/haargummis\/","title":{"rendered":"Kinder Haargummis"},"content":{"rendered":"<p>Hier finden sie viele fr\u00f6hliche Kinder Haargummis mit lustigen, bunten Applikationen.<br \/>\nSchmetterlinge, Blumen, Bienen, K\u00e4fer, Libellen, Fische, Schildkr\u00f6ten, Bonbons<br \/>\nzieren diese Kinderhaargummis.<\/p>\n\n\t\t<style type=\"text\/css\">\n\t\t\t#gallery-1 {\n\t\t\t\tmargin: auto;\n\t\t\t}\n\t\t\t#gallery-1 .gallery-item {\n\t\t\t\tfloat: left;\n\t\t\t\tmargin-top: 10px;\n\t\t\t\ttext-align: center;\n\t\t\t\twidth: 33%;\n\t\t\t}\n\t\t\t#gallery-1 img {\n\t\t\t\tborder: 2px solid #cfcfcf;\n\t\t\t}\n\t\t\t#gallery-1 .gallery-caption {\n\t\t\t\tmargin-left: 0;\n\t\t\t}\n\t\t\t\/* see gallery_shortcode() in wp-includes\/media.php *\/\n\t\t<\/style>\n\t\t<div id='gallery-1' class='gallery galleryid-273 gallery-columns-3 gallery-size-thumbnail'><dl class='gallery-item'>\n\t\t\t<dt class='gallery-icon landscape'>\n\t\t\t\t<a href='http:\/\/www.simili.at\/WP\/wp-content\/uploads\/2022\/07\/Kinderhaargummis-20.0556.24.jpg' rel=\"lightbox[gallery-0]\"><img loading=\"lazy\" decoding=\"async\" width=\"150\" height=\"150\" src=\"http:\/\/www.simili.at\/WP\/wp-content\/uploads\/2022\/07\/Kinderhaargummis-20.0556.24-150x150.jpg\" class=\"attachment-thumbnail size-thumbnail\" alt=\"\" aria-describedby=\"gallery-1-8494\" srcset=\"http:\/\/www.simili.at\/WP\/wp-content\/uploads\/2022\/07\/Kinderhaargummis-20.0556.24-150x150.jpg 150w, http:\/\/www.simili.at\/WP\/wp-content\/uploads\/2022\/07\/Kinderhaargummis-20.0556.24-300x300.jpg 300w, http:\/\/www.simili.at\/WP\/wp-content\/uploads\/2022\/07\/Kinderhaargummis-20.0556.24-182x182.jpg 182w, http:\/\/www.simili.at\/WP\/wp-content\/uploads\/2022\/07\/Kinderhaargummis-20.0556.24-83x83.jpg 83w, http:\/\/www.simili.at\/WP\/wp-content\/uploads\/2022\/07\/Kinderhaargummis-20.0556.24-184x184.jpg 184w, http:\/\/www.simili.at\/WP\/wp-content\/uploads\/2022\/07\/Kinderhaargummis-20.0556.24.jpg 600w\" sizes=\"(max-width: 150px) 100vw, 150px\" \/><\/a>\n\t\t\t<\/dt>\n\t\t\t\t<dd class='wp-caption-text gallery-caption' id='gallery-1-8494'>\n\t\t\t\t20.0556.24\n\t\t\t\t<\/dd><\/dl><dl class='gallery-item'>\n\t\t\t<dt class='gallery-icon landscape'>\n\t\t\t\t<a href='http:\/\/www.simili.at\/WP\/wp-content\/uploads\/2022\/08\/Kinderhaargummis-12.0498G.8.jpg' rel=\"lightbox[gallery-0]\"><img loading=\"lazy\" decoding=\"async\" width=\"150\" height=\"150\" src=\"http:\/\/www.simili.at\/WP\/wp-content\/uploads\/2022\/08\/Kinderhaargummis-12.0498G.8-150x150.jpg\" class=\"attachment-thumbnail size-thumbnail\" alt=\"\" aria-describedby=\"gallery-1-8573\" srcset=\"http:\/\/www.simili.at\/WP\/wp-content\/uploads\/2022\/08\/Kinderhaargummis-12.0498G.8-150x150.jpg 150w, http:\/\/www.simili.at\/WP\/wp-content\/uploads\/2022\/08\/Kinderhaargummis-12.0498G.8-300x300.jpg 300w, http:\/\/www.simili.at\/WP\/wp-content\/uploads\/2022\/08\/Kinderhaargummis-12.0498G.8-182x182.jpg 182w, http:\/\/www.simili.at\/WP\/wp-content\/uploads\/2022\/08\/Kinderhaargummis-12.0498G.8-83x83.jpg 83w, http:\/\/www.simili.at\/WP\/wp-content\/uploads\/2022\/08\/Kinderhaargummis-12.0498G.8-184x184.jpg 184w, http:\/\/www.simili.at\/WP\/wp-content\/uploads\/2022\/08\/Kinderhaargummis-12.0498G.8.jpg 600w\" sizes=\"(max-width: 150px) 100vw, 150px\" \/><\/a>\n\t\t\t<\/dt>\n\t\t\t\t<dd class='wp-caption-text gallery-caption' id='gallery-1-8573'>\n\t\t\t\t12.0498G.8\n\t\t\t\t<\/dd><\/dl><dl class='gallery-item'>\n\t\t\t<dt class='gallery-icon landscape'>\n\t\t\t\t<a href='http:\/\/www.simili.at\/WP\/wp-content\/uploads\/2022\/09\/Kinderhaargummis-12.0498H.8.jpg' rel=\"lightbox[gallery-0]\"><img loading=\"lazy\" decoding=\"async\" width=\"150\" height=\"150\" src=\"http:\/\/www.simili.at\/WP\/wp-content\/uploads\/2022\/09\/Kinderhaargummis-12.0498H.8-150x150.jpg\" class=\"attachment-thumbnail size-thumbnail\" alt=\"\" aria-describedby=\"gallery-1-8595\" srcset=\"http:\/\/www.simili.at\/WP\/wp-content\/uploads\/2022\/09\/Kinderhaargummis-12.0498H.8-150x150.jpg 150w, http:\/\/www.simili.at\/WP\/wp-content\/uploads\/2022\/09\/Kinderhaargummis-12.0498H.8-300x300.jpg 300w, http:\/\/www.simili.at\/WP\/wp-content\/uploads\/2022\/09\/Kinderhaargummis-12.0498H.8-182x182.jpg 182w, http:\/\/www.simili.at\/WP\/wp-content\/uploads\/2022\/09\/Kinderhaargummis-12.0498H.8-83x83.jpg 83w, http:\/\/www.simili.at\/WP\/wp-content\/uploads\/2022\/09\/Kinderhaargummis-12.0498H.8-184x184.jpg 184w, http:\/\/www.simili.at\/WP\/wp-content\/uploads\/2022\/09\/Kinderhaargummis-12.0498H.8.jpg 600w\" sizes=\"(max-width: 150px) 100vw, 150px\" \/><\/a>\n\t\t\t<\/dt>\n\t\t\t\t<dd class='wp-caption-text gallery-caption' id='gallery-1-8595'>\n\t\t\t\t12.0498H.8\n\t\t\t\t<\/dd><\/dl><br style=\"clear: both\" \/><dl class='gallery-item'>\n\t\t\t<dt class='gallery-icon landscape'>\n\t\t\t\t<a href='http:\/\/www.simili.at\/WP\/wp-content\/uploads\/2015\/03\/Kinder-Haargummis-12.0492N.7.jpg' rel=\"lightbox[gallery-0]\"><img loading=\"lazy\" decoding=\"async\" width=\"150\" height=\"150\" src=\"http:\/\/www.simili.at\/WP\/wp-content\/uploads\/2015\/03\/Kinder-Haargummis-12.0492N.7-150x150.jpg\" class=\"attachment-thumbnail size-thumbnail\" alt=\"\" aria-describedby=\"gallery-1-4179\" srcset=\"http:\/\/www.simili.at\/WP\/wp-content\/uploads\/2015\/03\/Kinder-Haargummis-12.0492N.7-150x150.jpg 150w, http:\/\/www.simili.at\/WP\/wp-content\/uploads\/2015\/03\/Kinder-Haargummis-12.0492N.7-300x300.jpg 300w, http:\/\/www.simili.at\/WP\/wp-content\/uploads\/2015\/03\/Kinder-Haargummis-12.0492N.7-182x182.jpg 182w, http:\/\/www.simili.at\/WP\/wp-content\/uploads\/2015\/03\/Kinder-Haargummis-12.0492N.7-83x83.jpg 83w, http:\/\/www.simili.at\/WP\/wp-content\/uploads\/2015\/03\/Kinder-Haargummis-12.0492N.7-184x184.jpg 184w, http:\/\/www.simili.at\/WP\/wp-content\/uploads\/2015\/03\/Kinder-Haargummis-12.0492N.7.jpg 600w\" sizes=\"(max-width: 150px) 100vw, 150px\" \/><\/a>\n\t\t\t<\/dt>\n\t\t\t\t<dd class='wp-caption-text gallery-caption' id='gallery-1-4179'>\n\t\t\t\t12.0492N.7\n\t\t\t\t<\/dd><\/dl><dl class='gallery-item'>\n\t\t\t<dt class='gallery-icon landscape'>\n\t\t\t\t<a href='http:\/\/www.simili.at\/WP\/wp-content\/uploads\/2022\/05\/Kinder-Haargummis-12.0492Q.7.jpg' rel=\"lightbox[gallery-0]\"><img loading=\"lazy\" decoding=\"async\" width=\"150\" height=\"150\" src=\"http:\/\/www.simili.at\/WP\/wp-content\/uploads\/2022\/05\/Kinder-Haargummis-12.0492Q.7-150x150.jpg\" class=\"attachment-thumbnail size-thumbnail\" alt=\"\" aria-describedby=\"gallery-1-8367\" srcset=\"http:\/\/www.simili.at\/WP\/wp-content\/uploads\/2022\/05\/Kinder-Haargummis-12.0492Q.7-150x150.jpg 150w, http:\/\/www.simili.at\/WP\/wp-content\/uploads\/2022\/05\/Kinder-Haargummis-12.0492Q.7-300x300.jpg 300w, http:\/\/www.simili.at\/WP\/wp-content\/uploads\/2022\/05\/Kinder-Haargummis-12.0492Q.7-182x182.jpg 182w, http:\/\/www.simili.at\/WP\/wp-content\/uploads\/2022\/05\/Kinder-Haargummis-12.0492Q.7-83x83.jpg 83w, http:\/\/www.simili.at\/WP\/wp-content\/uploads\/2022\/05\/Kinder-Haargummis-12.0492Q.7-184x184.jpg 184w, http:\/\/www.simili.at\/WP\/wp-content\/uploads\/2022\/05\/Kinder-Haargummis-12.0492Q.7.jpg 600w\" sizes=\"(max-width: 150px) 100vw, 150px\" \/><\/a>\n\t\t\t<\/dt>\n\t\t\t\t<dd class='wp-caption-text gallery-caption' id='gallery-1-8367'>\n\t\t\t\t12.0492Q.7\n\t\t\t\t<\/dd><\/dl><dl class='gallery-item'>\n\t\t\t<dt class='gallery-icon landscape'>\n\t\t\t\t<a href='http:\/\/www.simili.at\/WP\/wp-content\/uploads\/2015\/03\/Kinder-Haargummis-12.0492R.7.jpg' rel=\"lightbox[gallery-0]\"><img loading=\"lazy\" decoding=\"async\" width=\"150\" height=\"150\" src=\"http:\/\/www.simili.at\/WP\/wp-content\/uploads\/2015\/03\/Kinder-Haargummis-12.0492R.7-150x150.jpg\" class=\"attachment-thumbnail size-thumbnail\" alt=\"\" aria-describedby=\"gallery-1-5536\" srcset=\"http:\/\/www.simili.at\/WP\/wp-content\/uploads\/2015\/03\/Kinder-Haargummis-12.0492R.7-150x150.jpg 150w, http:\/\/www.simili.at\/WP\/wp-content\/uploads\/2015\/03\/Kinder-Haargummis-12.0492R.7-300x300.jpg 300w, http:\/\/www.simili.at\/WP\/wp-content\/uploads\/2015\/03\/Kinder-Haargummis-12.0492R.7-182x182.jpg 182w, http:\/\/www.simili.at\/WP\/wp-content\/uploads\/2015\/03\/Kinder-Haargummis-12.0492R.7-83x83.jpg 83w, http:\/\/www.simili.at\/WP\/wp-content\/uploads\/2015\/03\/Kinder-Haargummis-12.0492R.7-184x184.jpg 184w, http:\/\/www.simili.at\/WP\/wp-content\/uploads\/2015\/03\/Kinder-Haargummis-12.0492R.7.jpg 600w\" sizes=\"(max-width: 150px) 100vw, 150px\" \/><\/a>\n\t\t\t<\/dt>\n\t\t\t\t<dd class='wp-caption-text gallery-caption' id='gallery-1-5536'>\n\t\t\t\t12.0492R.7\n\t\t\t\t<\/dd><\/dl><br style=\"clear: both\" \/>\n\t\t<\/div>\n\n","protected":false},"excerpt":{"rendered":"<p>Hier finden sie viele fr\u00f6hliche Kinder Haargummis mit lustigen, bunten Applikationen. Schmetterlinge, Blumen, Bienen, K\u00e4fer, Libellen, Fische, Schildkr\u00f6ten, Bonbons zieren diese Kinderhaargummis.<\/p>\n","protected":false},"author":1,"featured_media":0,"parent":62,"menu_order":0,"comment_status":"open","ping_status":"open","template":"","meta":{"footnotes":""},"_links":{"self":[{"href":"http:\/\/www.simili.at\/WP\/wp-json\/wp\/v2\/pages\/273"}],"collection":[{"href":"http:\/\/www.simili.at\/WP\/wp-json\/wp\/v2\/pages"}],"about":[{"href":"http:\/\/www.simili.at\/WP\/wp-json\/wp\/v2\/types\/page"}],"author":[{"embeddable":true,"href":"http:\/\/www.simili.at\/WP\/wp-json\/wp\/v2\/users\/1"}],"replies":[{"embeddable":true,"href":"http:\/\/www.simili.at\/WP\/wp-json\/wp\/v2\/comments?post=273"}],"version-history":[{"count":33,"href":"http:\/\/www.simili.at\/WP\/wp-json\/wp\/v2\/pages\/273\/revisions"}],"predecessor-version":[{"id":8811,"href":"http:\/\/www.simili.at\/WP\/wp-json\/wp\/v2\/pages\/273\/revisions\/8811"}],"up":[{"embeddable":true,"href":"http:\/\/www.simili.at\/WP\/wp-json\/wp\/v2\/pages\/62"}],"wp:attachment":[{"href":"http:\/\/www.simili.at\/WP\/wp-json\/wp\/v2\/media?parent=273"}],"curies":[{"name":"wp","href":"https:\/\/api.w.org\/{rel}","templated":true}]}}