{"id":271,"date":"2015-03-13T22:47:10","date_gmt":"2015-03-13T22:47:10","guid":{"rendered":"http:\/\/www.simili.at\/WP\/?page_id=271"},"modified":"2023-09-22T10:39:32","modified_gmt":"2023-09-22T10:39:32","slug":"clic-clac","status":"publish","type":"page","link":"http:\/\/www.simili.at\/WP\/kinder\/clic-clac\/","title":{"rendered":"Kinder Clic Clac"},"content":{"rendered":"<p>Hier finden sie eine gro\u00dfe Auswahl an Haarschmuck f\u00fcr Kinder.\u00a0Clic-Clac mit<br \/>\nApplikationen wie Hello Kitty, Schmetterlinge, Marienk\u00e4fer, Blumen, B\u00e4ren, K\u00fche, Hasen, Hunde,<br \/>\nFische, Schaukelpferd, L\u00f6we, Biene, Schildkr\u00f6te zieren diesen fr\u00f6hlichen Kinder Haarschmuck.<\/p>\n\n\t\t<style type=\"text\/css\">\n\t\t\t#gallery-1 {\n\t\t\t\tmargin: auto;\n\t\t\t}\n\t\t\t#gallery-1 .gallery-item {\n\t\t\t\tfloat: left;\n\t\t\t\tmargin-top: 10px;\n\t\t\t\ttext-align: center;\n\t\t\t\twidth: 33%;\n\t\t\t}\n\t\t\t#gallery-1 img {\n\t\t\t\tborder: 2px solid #cfcfcf;\n\t\t\t}\n\t\t\t#gallery-1 .gallery-caption {\n\t\t\t\tmargin-left: 0;\n\t\t\t}\n\t\t\t\/* see gallery_shortcode() in wp-includes\/media.php *\/\n\t\t<\/style>\n\t\t<div id='gallery-1' class='gallery galleryid-271 gallery-columns-3 gallery-size-thumbnail'><dl class='gallery-item'>\n\t\t\t<dt class='gallery-icon landscape'>\n\t\t\t\t<a href='http:\/\/www.simili.at\/WP\/wp-content\/uploads\/2023\/09\/Kinder-Clic-Clac-12.0532.10.jpg' rel=\"lightbox[gallery-0]\"><img loading=\"lazy\" decoding=\"async\" width=\"150\" height=\"150\" src=\"http:\/\/www.simili.at\/WP\/wp-content\/uploads\/2023\/09\/Kinder-Clic-Clac-12.0532.10-150x150.jpg\" class=\"attachment-thumbnail size-thumbnail\" alt=\"\" aria-describedby=\"gallery-1-9009\" srcset=\"http:\/\/www.simili.at\/WP\/wp-content\/uploads\/2023\/09\/Kinder-Clic-Clac-12.0532.10-150x150.jpg 150w, http:\/\/www.simili.at\/WP\/wp-content\/uploads\/2023\/09\/Kinder-Clic-Clac-12.0532.10-300x300.jpg 300w, http:\/\/www.simili.at\/WP\/wp-content\/uploads\/2023\/09\/Kinder-Clic-Clac-12.0532.10-182x182.jpg 182w, http:\/\/www.simili.at\/WP\/wp-content\/uploads\/2023\/09\/Kinder-Clic-Clac-12.0532.10-83x83.jpg 83w, http:\/\/www.simili.at\/WP\/wp-content\/uploads\/2023\/09\/Kinder-Clic-Clac-12.0532.10-184x184.jpg 184w, http:\/\/www.simili.at\/WP\/wp-content\/uploads\/2023\/09\/Kinder-Clic-Clac-12.0532.10.jpg 600w\" sizes=\"(max-width: 150px) 100vw, 150px\" \/><\/a>\n\t\t\t<\/dt>\n\t\t\t\t<dd class='wp-caption-text gallery-caption' id='gallery-1-9009'>\n\t\t\t\t12.0532.10\n\t\t\t\t<\/dd><\/dl><dl class='gallery-item'>\n\t\t\t<dt class='gallery-icon landscape'>\n\t\t\t\t<a href='http:\/\/www.simili.at\/WP\/wp-content\/uploads\/2023\/09\/Kinder-Clic-Clac-Set-10.0562.10.jpg' rel=\"lightbox[gallery-0]\"><img loading=\"lazy\" decoding=\"async\" width=\"150\" height=\"150\" src=\"http:\/\/www.simili.at\/WP\/wp-content\/uploads\/2023\/09\/Kinder-Clic-Clac-Set-10.0562.10-150x150.jpg\" class=\"attachment-thumbnail size-thumbnail\" alt=\"\" aria-describedby=\"gallery-1-9011\" srcset=\"http:\/\/www.simili.at\/WP\/wp-content\/uploads\/2023\/09\/Kinder-Clic-Clac-Set-10.0562.10-150x150.jpg 150w, http:\/\/www.simili.at\/WP\/wp-content\/uploads\/2023\/09\/Kinder-Clic-Clac-Set-10.0562.10-300x300.jpg 300w, http:\/\/www.simili.at\/WP\/wp-content\/uploads\/2023\/09\/Kinder-Clic-Clac-Set-10.0562.10-182x182.jpg 182w, http:\/\/www.simili.at\/WP\/wp-content\/uploads\/2023\/09\/Kinder-Clic-Clac-Set-10.0562.10-83x83.jpg 83w, http:\/\/www.simili.at\/WP\/wp-content\/uploads\/2023\/09\/Kinder-Clic-Clac-Set-10.0562.10-184x184.jpg 184w, http:\/\/www.simili.at\/WP\/wp-content\/uploads\/2023\/09\/Kinder-Clic-Clac-Set-10.0562.10.jpg 600w\" sizes=\"(max-width: 150px) 100vw, 150px\" \/><\/a>\n\t\t\t<\/dt>\n\t\t\t\t<dd class='wp-caption-text gallery-caption' id='gallery-1-9011'>\n\t\t\t\t10.0562.10\n\t\t\t\t<\/dd><\/dl><dl class='gallery-item'>\n\t\t\t<dt class='gallery-icon landscape'>\n\t\t\t\t<a href='http:\/\/www.simili.at\/WP\/wp-content\/uploads\/2022\/07\/Kinder-Clic-Clac-20.0557.24.jpg' rel=\"lightbox[gallery-0]\"><img loading=\"lazy\" decoding=\"async\" width=\"150\" height=\"150\" src=\"http:\/\/www.simili.at\/WP\/wp-content\/uploads\/2022\/07\/Kinder-Clic-Clac-20.0557.24-150x150.jpg\" class=\"attachment-thumbnail size-thumbnail\" alt=\"\" aria-describedby=\"gallery-1-8492\" srcset=\"http:\/\/www.simili.at\/WP\/wp-content\/uploads\/2022\/07\/Kinder-Clic-Clac-20.0557.24-150x150.jpg 150w, http:\/\/www.simili.at\/WP\/wp-content\/uploads\/2022\/07\/Kinder-Clic-Clac-20.0557.24-300x300.jpg 300w, http:\/\/www.simili.at\/WP\/wp-content\/uploads\/2022\/07\/Kinder-Clic-Clac-20.0557.24-182x182.jpg 182w, http:\/\/www.simili.at\/WP\/wp-content\/uploads\/2022\/07\/Kinder-Clic-Clac-20.0557.24-83x83.jpg 83w, http:\/\/www.simili.at\/WP\/wp-content\/uploads\/2022\/07\/Kinder-Clic-Clac-20.0557.24-184x184.jpg 184w, http:\/\/www.simili.at\/WP\/wp-content\/uploads\/2022\/07\/Kinder-Clic-Clac-20.0557.24.jpg 600w\" sizes=\"(max-width: 150px) 100vw, 150px\" \/><\/a>\n\t\t\t<\/dt>\n\t\t\t\t<dd class='wp-caption-text gallery-caption' id='gallery-1-8492'>\n\t\t\t\t20.0557.24\n\t\t\t\t<\/dd><\/dl><br style=\"clear: both\" \/><dl class='gallery-item'>\n\t\t\t<dt class='gallery-icon landscape'>\n\t\t\t\t<a href='http:\/\/www.simili.at\/WP\/wp-content\/uploads\/2023\/01\/Kinder-Clic-Clac-12.0499H.9.jpg' rel=\"lightbox[gallery-0]\"><img loading=\"lazy\" decoding=\"async\" width=\"150\" height=\"150\" src=\"http:\/\/www.simili.at\/WP\/wp-content\/uploads\/2023\/01\/Kinder-Clic-Clac-12.0499H.9-150x150.jpg\" class=\"attachment-thumbnail size-thumbnail\" alt=\"\" aria-describedby=\"gallery-1-8787\" srcset=\"http:\/\/www.simili.at\/WP\/wp-content\/uploads\/2023\/01\/Kinder-Clic-Clac-12.0499H.9-150x150.jpg 150w, http:\/\/www.simili.at\/WP\/wp-content\/uploads\/2023\/01\/Kinder-Clic-Clac-12.0499H.9-300x300.jpg 300w, http:\/\/www.simili.at\/WP\/wp-content\/uploads\/2023\/01\/Kinder-Clic-Clac-12.0499H.9-182x182.jpg 182w, http:\/\/www.simili.at\/WP\/wp-content\/uploads\/2023\/01\/Kinder-Clic-Clac-12.0499H.9-83x83.jpg 83w, http:\/\/www.simili.at\/WP\/wp-content\/uploads\/2023\/01\/Kinder-Clic-Clac-12.0499H.9-184x184.jpg 184w, http:\/\/www.simili.at\/WP\/wp-content\/uploads\/2023\/01\/Kinder-Clic-Clac-12.0499H.9.jpg 600w\" sizes=\"(max-width: 150px) 100vw, 150px\" \/><\/a>\n\t\t\t<\/dt>\n\t\t\t\t<dd class='wp-caption-text gallery-caption' id='gallery-1-8787'>\n\t\t\t\t12.0499H.9\n\t\t\t\t<\/dd><\/dl><dl class='gallery-item'>\n\t\t\t<dt class='gallery-icon landscape'>\n\t\t\t\t<a href='http:\/\/www.simili.at\/WP\/wp-content\/uploads\/2015\/03\/Kinder-Haarschmuck-12.0493F.7.jpg' rel=\"lightbox[gallery-0]\"><img loading=\"lazy\" decoding=\"async\" width=\"150\" height=\"150\" src=\"http:\/\/www.simili.at\/WP\/wp-content\/uploads\/2015\/03\/Kinder-Haarschmuck-12.0493F.7-150x150.jpg\" class=\"attachment-thumbnail size-thumbnail\" alt=\"\" aria-describedby=\"gallery-1-882\" srcset=\"http:\/\/www.simili.at\/WP\/wp-content\/uploads\/2015\/03\/Kinder-Haarschmuck-12.0493F.7-150x150.jpg 150w, http:\/\/www.simili.at\/WP\/wp-content\/uploads\/2015\/03\/Kinder-Haarschmuck-12.0493F.7-300x300.jpg 300w, http:\/\/www.simili.at\/WP\/wp-content\/uploads\/2015\/03\/Kinder-Haarschmuck-12.0493F.7-182x182.jpg 182w, http:\/\/www.simili.at\/WP\/wp-content\/uploads\/2015\/03\/Kinder-Haarschmuck-12.0493F.7-83x83.jpg 83w, http:\/\/www.simili.at\/WP\/wp-content\/uploads\/2015\/03\/Kinder-Haarschmuck-12.0493F.7-184x184.jpg 184w, http:\/\/www.simili.at\/WP\/wp-content\/uploads\/2015\/03\/Kinder-Haarschmuck-12.0493F.7.jpg 600w\" sizes=\"(max-width: 150px) 100vw, 150px\" \/><\/a>\n\t\t\t<\/dt>\n\t\t\t\t<dd class='wp-caption-text gallery-caption' id='gallery-1-882'>\n\t\t\t\t12.0493F.7\n\t\t\t\t<\/dd><\/dl><dl class='gallery-item'>\n\t\t\t<dt class='gallery-icon landscape'>\n\t\t\t\t<a href='http:\/\/www.simili.at\/WP\/wp-content\/uploads\/2023\/09\/Clic-Clac-20.0541.24.jpg' rel=\"lightbox[gallery-0]\"><img loading=\"lazy\" decoding=\"async\" width=\"150\" height=\"150\" src=\"http:\/\/www.simili.at\/WP\/wp-content\/uploads\/2023\/09\/Clic-Clac-20.0541.24-150x150.jpg\" class=\"attachment-thumbnail size-thumbnail\" alt=\"\" aria-describedby=\"gallery-1-9014\" srcset=\"http:\/\/www.simili.at\/WP\/wp-content\/uploads\/2023\/09\/Clic-Clac-20.0541.24-150x150.jpg 150w, http:\/\/www.simili.at\/WP\/wp-content\/uploads\/2023\/09\/Clic-Clac-20.0541.24-300x300.jpg 300w, http:\/\/www.simili.at\/WP\/wp-content\/uploads\/2023\/09\/Clic-Clac-20.0541.24-182x182.jpg 182w, http:\/\/www.simili.at\/WP\/wp-content\/uploads\/2023\/09\/Clic-Clac-20.0541.24-83x83.jpg 83w, http:\/\/www.simili.at\/WP\/wp-content\/uploads\/2023\/09\/Clic-Clac-20.0541.24-184x184.jpg 184w, http:\/\/www.simili.at\/WP\/wp-content\/uploads\/2023\/09\/Clic-Clac-20.0541.24.jpg 600w\" sizes=\"(max-width: 150px) 100vw, 150px\" \/><\/a>\n\t\t\t<\/dt>\n\t\t\t\t<dd class='wp-caption-text gallery-caption' id='gallery-1-9014'>\n\t\t\t\t20.0541.24\n\t\t\t\t<\/dd><\/dl><br style=\"clear: both\" \/><dl class='gallery-item'>\n\t\t\t<dt class='gallery-icon landscape'>\n\t\t\t\t<a href='http:\/\/www.simili.at\/WP\/wp-content\/uploads\/2015\/03\/Clic-Clac-20.0536E.12.jpg' rel=\"lightbox[gallery-0]\"><img loading=\"lazy\" decoding=\"async\" width=\"150\" height=\"150\" src=\"http:\/\/www.simili.at\/WP\/wp-content\/uploads\/2015\/03\/Clic-Clac-20.0536E.12-150x150.jpg\" class=\"attachment-thumbnail size-thumbnail\" alt=\"\" aria-describedby=\"gallery-1-4846\" srcset=\"http:\/\/www.simili.at\/WP\/wp-content\/uploads\/2015\/03\/Clic-Clac-20.0536E.12-150x150.jpg 150w, http:\/\/www.simili.at\/WP\/wp-content\/uploads\/2015\/03\/Clic-Clac-20.0536E.12-300x300.jpg 300w, http:\/\/www.simili.at\/WP\/wp-content\/uploads\/2015\/03\/Clic-Clac-20.0536E.12-182x182.jpg 182w, http:\/\/www.simili.at\/WP\/wp-content\/uploads\/2015\/03\/Clic-Clac-20.0536E.12-83x83.jpg 83w, http:\/\/www.simili.at\/WP\/wp-content\/uploads\/2015\/03\/Clic-Clac-20.0536E.12-184x184.jpg 184w, http:\/\/www.simili.at\/WP\/wp-content\/uploads\/2015\/03\/Clic-Clac-20.0536E.12.jpg 600w\" sizes=\"(max-width: 150px) 100vw, 150px\" \/><\/a>\n\t\t\t<\/dt>\n\t\t\t\t<dd class='wp-caption-text gallery-caption' id='gallery-1-4846'>\n\t\t\t\t20.0536E.12\n\t\t\t\t<\/dd><\/dl>\n\t\t\t<br style='clear: both' \/>\n\t\t<\/div>\n\n","protected":false},"excerpt":{"rendered":"<p>Hier finden sie eine gro\u00dfe Auswahl an Haarschmuck f\u00fcr Kinder.\u00a0Clic-Clac mit Applikationen wie Hello Kitty, Schmetterlinge, Marienk\u00e4fer, Blumen, B\u00e4ren, K\u00fche, Hasen, Hunde, Fische, Schaukelpferd, L\u00f6we, Biene, Schildkr\u00f6te zieren diesen fr\u00f6hlichen Kinder Haarschmuck.<\/p>\n","protected":false},"author":1,"featured_media":0,"parent":62,"menu_order":0,"comment_status":"open","ping_status":"open","template":"","meta":{"footnotes":""},"_links":{"self":[{"href":"http:\/\/www.simili.at\/WP\/wp-json\/wp\/v2\/pages\/271"}],"collection":[{"href":"http:\/\/www.simili.at\/WP\/wp-json\/wp\/v2\/pages"}],"about":[{"href":"http:\/\/www.simili.at\/WP\/wp-json\/wp\/v2\/types\/page"}],"author":[{"embeddable":true,"href":"http:\/\/www.simili.at\/WP\/wp-json\/wp\/v2\/users\/1"}],"replies":[{"embeddable":true,"href":"http:\/\/www.simili.at\/WP\/wp-json\/wp\/v2\/comments?post=271"}],"version-history":[{"count":48,"href":"http:\/\/www.simili.at\/WP\/wp-json\/wp\/v2\/pages\/271\/revisions"}],"predecessor-version":[{"id":9015,"href":"http:\/\/www.simili.at\/WP\/wp-json\/wp\/v2\/pages\/271\/revisions\/9015"}],"up":[{"embeddable":true,"href":"http:\/\/www.simili.at\/WP\/wp-json\/wp\/v2\/pages\/62"}],"wp:attachment":[{"href":"http:\/\/www.simili.at\/WP\/wp-json\/wp\/v2\/media?parent=271"}],"curies":[{"name":"wp","href":"https:\/\/api.w.org\/{rel}","templated":true}]}}