{"id":2614,"date":"2015-11-05T20:13:11","date_gmt":"2015-11-05T20:13:11","guid":{"rendered":"http:\/\/www.simili.at\/WP\/?page_id=2614"},"modified":"2021-01-10T17:53:00","modified_gmt":"2021-01-10T17:53:00","slug":"latexhaarbaender","status":"publish","type":"page","link":"http:\/\/www.simili.at\/WP\/latexhaarbaender\/","title":{"rendered":"Latexhaarb\u00e4nder"},"content":{"rendered":"<p>Hier finden sie unsere Latexhaarb\u00e4nder. Sie zeichnen sich durch ihre anti-rutsch Eigenschaft aus. Besonders gut eignen sie sich f\u00fcr sportliche Bet\u00e4tigungen, auch zum Schwimmen, das sie durch ihre Beschaffenheit wasserfest sind.<\/p>\n\n\t\t<style type=\"text\/css\">\n\t\t\t#gallery-1 {\n\t\t\t\tmargin: auto;\n\t\t\t}\n\t\t\t#gallery-1 .gallery-item {\n\t\t\t\tfloat: left;\n\t\t\t\tmargin-top: 10px;\n\t\t\t\ttext-align: center;\n\t\t\t\twidth: 33%;\n\t\t\t}\n\t\t\t#gallery-1 img {\n\t\t\t\tborder: 2px solid #cfcfcf;\n\t\t\t}\n\t\t\t#gallery-1 .gallery-caption {\n\t\t\t\tmargin-left: 0;\n\t\t\t}\n\t\t\t\/* see gallery_shortcode() in wp-includes\/media.php *\/\n\t\t<\/style>\n\t\t<div id='gallery-1' class='gallery galleryid-2614 gallery-columns-3 gallery-size-thumbnail'><dl class='gallery-item'>\n\t\t\t<dt class='gallery-icon landscape'>\n\t\t\t\t<a href='http:\/\/www.simili.at\/WP\/wp-content\/uploads\/2019\/09\/Latex-Haarb\u00e4nder-6.1225B.15.jpg' rel=\"lightbox[gallery-0]\"><img loading=\"lazy\" decoding=\"async\" width=\"150\" height=\"150\" src=\"http:\/\/www.simili.at\/WP\/wp-content\/uploads\/2019\/09\/Latex-Haarb\u00e4nder-6.1225B.15-150x150.jpg\" class=\"attachment-thumbnail size-thumbnail\" alt=\"\" aria-describedby=\"gallery-1-7029\" srcset=\"http:\/\/www.simili.at\/WP\/wp-content\/uploads\/2019\/09\/Latex-Haarb\u00e4nder-6.1225B.15-150x150.jpg 150w, http:\/\/www.simili.at\/WP\/wp-content\/uploads\/2019\/09\/Latex-Haarb\u00e4nder-6.1225B.15-300x300.jpg 300w, http:\/\/www.simili.at\/WP\/wp-content\/uploads\/2019\/09\/Latex-Haarb\u00e4nder-6.1225B.15-182x182.jpg 182w, http:\/\/www.simili.at\/WP\/wp-content\/uploads\/2019\/09\/Latex-Haarb\u00e4nder-6.1225B.15-83x83.jpg 83w, http:\/\/www.simili.at\/WP\/wp-content\/uploads\/2019\/09\/Latex-Haarb\u00e4nder-6.1225B.15-184x184.jpg 184w, http:\/\/www.simili.at\/WP\/wp-content\/uploads\/2019\/09\/Latex-Haarb\u00e4nder-6.1225B.15.jpg 600w\" sizes=\"(max-width: 150px) 100vw, 150px\" \/><\/a>\n\t\t\t<\/dt>\n\t\t\t\t<dd class='wp-caption-text gallery-caption' id='gallery-1-7029'>\n\t\t\t\t6.1225B.15\n\t\t\t\t<\/dd><\/dl><dl class='gallery-item'>\n\t\t\t<dt class='gallery-icon landscape'>\n\t\t\t\t<a href='http:\/\/www.simili.at\/WP\/wp-content\/uploads\/2015\/03\/Latex-Haarb\u00e4nder-6.1227C.15.jpg' rel=\"lightbox[gallery-0]\"><img loading=\"lazy\" decoding=\"async\" width=\"150\" height=\"150\" src=\"http:\/\/www.simili.at\/WP\/wp-content\/uploads\/2015\/03\/Latex-Haarb\u00e4nder-6.1227C.15-150x150.jpg\" class=\"attachment-thumbnail size-thumbnail\" alt=\"\" aria-describedby=\"gallery-1-2387\" srcset=\"http:\/\/www.simili.at\/WP\/wp-content\/uploads\/2015\/03\/Latex-Haarb\u00e4nder-6.1227C.15-150x150.jpg 150w, http:\/\/www.simili.at\/WP\/wp-content\/uploads\/2015\/03\/Latex-Haarb\u00e4nder-6.1227C.15-300x300.jpg 300w, http:\/\/www.simili.at\/WP\/wp-content\/uploads\/2015\/03\/Latex-Haarb\u00e4nder-6.1227C.15-182x182.jpg 182w, http:\/\/www.simili.at\/WP\/wp-content\/uploads\/2015\/03\/Latex-Haarb\u00e4nder-6.1227C.15-83x83.jpg 83w, http:\/\/www.simili.at\/WP\/wp-content\/uploads\/2015\/03\/Latex-Haarb\u00e4nder-6.1227C.15-184x184.jpg 184w, http:\/\/www.simili.at\/WP\/wp-content\/uploads\/2015\/03\/Latex-Haarb\u00e4nder-6.1227C.15.jpg 600w\" sizes=\"(max-width: 150px) 100vw, 150px\" \/><\/a>\n\t\t\t<\/dt>\n\t\t\t\t<dd class='wp-caption-text gallery-caption' id='gallery-1-2387'>\n\t\t\t\t6.1227C.15\n\t\t\t\t<\/dd><\/dl><dl class='gallery-item'>\n\t\t\t<dt class='gallery-icon landscape'>\n\t\t\t\t<a href='http:\/\/www.simili.at\/WP\/wp-content\/uploads\/2015\/03\/Silikon-Haarband-6.1228B.151.jpg' rel=\"lightbox[gallery-0]\"><img loading=\"lazy\" decoding=\"async\" width=\"150\" height=\"150\" src=\"http:\/\/www.simili.at\/WP\/wp-content\/uploads\/2015\/03\/Silikon-Haarband-6.1228B.151-150x150.jpg\" class=\"attachment-thumbnail size-thumbnail\" alt=\"\" aria-describedby=\"gallery-1-632\" srcset=\"http:\/\/www.simili.at\/WP\/wp-content\/uploads\/2015\/03\/Silikon-Haarband-6.1228B.151-150x150.jpg 150w, http:\/\/www.simili.at\/WP\/wp-content\/uploads\/2015\/03\/Silikon-Haarband-6.1228B.151-300x300.jpg 300w, http:\/\/www.simili.at\/WP\/wp-content\/uploads\/2015\/03\/Silikon-Haarband-6.1228B.151-182x182.jpg 182w, http:\/\/www.simili.at\/WP\/wp-content\/uploads\/2015\/03\/Silikon-Haarband-6.1228B.151-83x83.jpg 83w, http:\/\/www.simili.at\/WP\/wp-content\/uploads\/2015\/03\/Silikon-Haarband-6.1228B.151-184x184.jpg 184w, http:\/\/www.simili.at\/WP\/wp-content\/uploads\/2015\/03\/Silikon-Haarband-6.1228B.151.jpg 600w\" sizes=\"(max-width: 150px) 100vw, 150px\" \/><\/a>\n\t\t\t<\/dt>\n\t\t\t\t<dd class='wp-caption-text gallery-caption' id='gallery-1-632'>\n\t\t\t\t6.1228B.15\n\t\t\t\t<\/dd><\/dl><br style=\"clear: both\" \/><dl class='gallery-item'>\n\t\t\t<dt class='gallery-icon landscape'>\n\t\t\t\t<a href='http:\/\/www.simili.at\/WP\/wp-content\/uploads\/2015\/03\/Silikon-Haarband-6.1227B.151.jpg' rel=\"lightbox[gallery-0]\"><img loading=\"lazy\" decoding=\"async\" width=\"150\" height=\"150\" src=\"http:\/\/www.simili.at\/WP\/wp-content\/uploads\/2015\/03\/Silikon-Haarband-6.1227B.151-150x150.jpg\" class=\"attachment-thumbnail size-thumbnail\" alt=\"\" aria-describedby=\"gallery-1-630\" srcset=\"http:\/\/www.simili.at\/WP\/wp-content\/uploads\/2015\/03\/Silikon-Haarband-6.1227B.151-150x150.jpg 150w, http:\/\/www.simili.at\/WP\/wp-content\/uploads\/2015\/03\/Silikon-Haarband-6.1227B.151-300x300.jpg 300w, http:\/\/www.simili.at\/WP\/wp-content\/uploads\/2015\/03\/Silikon-Haarband-6.1227B.151-182x182.jpg 182w, http:\/\/www.simili.at\/WP\/wp-content\/uploads\/2015\/03\/Silikon-Haarband-6.1227B.151-83x83.jpg 83w, http:\/\/www.simili.at\/WP\/wp-content\/uploads\/2015\/03\/Silikon-Haarband-6.1227B.151-184x184.jpg 184w, http:\/\/www.simili.at\/WP\/wp-content\/uploads\/2015\/03\/Silikon-Haarband-6.1227B.151.jpg 600w\" sizes=\"(max-width: 150px) 100vw, 150px\" \/><\/a>\n\t\t\t<\/dt>\n\t\t\t\t<dd class='wp-caption-text gallery-caption' id='gallery-1-630'>\n\t\t\t\t6.1227B.15\n\t\t\t\t<\/dd><\/dl><dl class='gallery-item'>\n\t\t\t<dt class='gallery-icon landscape'>\n\t\t\t\t<a href='http:\/\/www.simili.at\/WP\/wp-content\/uploads\/2015\/03\/Silikon-Haarband-6.1210B.121.jpg' rel=\"lightbox[gallery-0]\"><img loading=\"lazy\" decoding=\"async\" width=\"150\" height=\"150\" src=\"http:\/\/www.simili.at\/WP\/wp-content\/uploads\/2015\/03\/Silikon-Haarband-6.1210B.121-150x150.jpg\" class=\"attachment-thumbnail size-thumbnail\" alt=\"\" aria-describedby=\"gallery-1-624\" srcset=\"http:\/\/www.simili.at\/WP\/wp-content\/uploads\/2015\/03\/Silikon-Haarband-6.1210B.121-150x150.jpg 150w, http:\/\/www.simili.at\/WP\/wp-content\/uploads\/2015\/03\/Silikon-Haarband-6.1210B.121-300x300.jpg 300w, http:\/\/www.simili.at\/WP\/wp-content\/uploads\/2015\/03\/Silikon-Haarband-6.1210B.121-182x182.jpg 182w, http:\/\/www.simili.at\/WP\/wp-content\/uploads\/2015\/03\/Silikon-Haarband-6.1210B.121-83x83.jpg 83w, http:\/\/www.simili.at\/WP\/wp-content\/uploads\/2015\/03\/Silikon-Haarband-6.1210B.121-184x184.jpg 184w, http:\/\/www.simili.at\/WP\/wp-content\/uploads\/2015\/03\/Silikon-Haarband-6.1210B.121.jpg 600w\" sizes=\"(max-width: 150px) 100vw, 150px\" \/><\/a>\n\t\t\t<\/dt>\n\t\t\t\t<dd class='wp-caption-text gallery-caption' id='gallery-1-624'>\n\t\t\t\t6.1210B.12\n\t\t\t\t<\/dd><\/dl>\n\t\t\t<br style='clear: both' \/>\n\t\t<\/div>\n\n","protected":false},"excerpt":{"rendered":"<p>Hier finden sie unsere Latexhaarb\u00e4nder. Sie zeichnen sich durch ihre anti-rutsch Eigenschaft aus. Besonders gut eignen sie sich f\u00fcr sportliche Bet\u00e4tigungen, auch zum Schwimmen, das sie durch ihre Beschaffenheit wasserfest sind.<\/p>\n","protected":false},"author":1,"featured_media":0,"parent":0,"menu_order":0,"comment_status":"open","ping_status":"open","template":"","meta":{"footnotes":""},"_links":{"self":[{"href":"http:\/\/www.simili.at\/WP\/wp-json\/wp\/v2\/pages\/2614"}],"collection":[{"href":"http:\/\/www.simili.at\/WP\/wp-json\/wp\/v2\/pages"}],"about":[{"href":"http:\/\/www.simili.at\/WP\/wp-json\/wp\/v2\/types\/page"}],"author":[{"embeddable":true,"href":"http:\/\/www.simili.at\/WP\/wp-json\/wp\/v2\/users\/1"}],"replies":[{"embeddable":true,"href":"http:\/\/www.simili.at\/WP\/wp-json\/wp\/v2\/comments?post=2614"}],"version-history":[{"count":5,"href":"http:\/\/www.simili.at\/WP\/wp-json\/wp\/v2\/pages\/2614\/revisions"}],"predecessor-version":[{"id":7985,"href":"http:\/\/www.simili.at\/WP\/wp-json\/wp\/v2\/pages\/2614\/revisions\/7985"}],"wp:attachment":[{"href":"http:\/\/www.simili.at\/WP\/wp-json\/wp\/v2\/media?parent=2614"}],"curies":[{"name":"wp","href":"https:\/\/api.w.org\/{rel}","templated":true}]}}