{"id":183,"date":"2015-03-01T21:34:11","date_gmt":"2015-03-01T21:34:11","guid":{"rendered":"http:\/\/www.simili.at\/WP\/?page_id=183"},"modified":"2023-11-15T20:25:37","modified_gmt":"2023-11-15T20:25:37","slug":"clic-clac","status":"publish","type":"page","link":"http:\/\/www.simili.at\/WP\/clic-clac\/","title":{"rendered":"Clic Clac"},"content":{"rendered":"<p>Auf dieser Seite finden sie Clic Clac Haarspangen in unterschiedlichsten Gr\u00f6\u00dfen und Ausf\u00fchrungen. Fr\u00f6hlich, bunt oder auch klassisch schwarz und braun. Mit Strass, Glitter oder Stoffbl\u00fcmchen.<\/p>\n<p><!--more--><\/p>\n\n\t\t<style type=\"text\/css\">\n\t\t\t#gallery-1 {\n\t\t\t\tmargin: auto;\n\t\t\t}\n\t\t\t#gallery-1 .gallery-item {\n\t\t\t\tfloat: left;\n\t\t\t\tmargin-top: 10px;\n\t\t\t\ttext-align: center;\n\t\t\t\twidth: 33%;\n\t\t\t}\n\t\t\t#gallery-1 img {\n\t\t\t\tborder: 2px solid #cfcfcf;\n\t\t\t}\n\t\t\t#gallery-1 .gallery-caption {\n\t\t\t\tmargin-left: 0;\n\t\t\t}\n\t\t\t\/* see gallery_shortcode() in wp-includes\/media.php *\/\n\t\t<\/style>\n\t\t<div id='gallery-1' class='gallery galleryid-183 gallery-columns-3 gallery-size-thumbnail'><dl class='gallery-item'>\n\t\t\t<dt class='gallery-icon landscape'>\n\t\t\t\t<a href='http:\/\/www.simili.at\/WP\/wp-content\/uploads\/2023\/01\/Clic-Clac-12.1540B.29.jpg' rel=\"lightbox[gallery-0]\"><img loading=\"lazy\" decoding=\"async\" width=\"150\" height=\"150\" src=\"http:\/\/www.simili.at\/WP\/wp-content\/uploads\/2023\/01\/Clic-Clac-12.1540B.29-150x150.jpg\" class=\"attachment-thumbnail size-thumbnail\" alt=\"\" aria-describedby=\"gallery-1-8747\" srcset=\"http:\/\/www.simili.at\/WP\/wp-content\/uploads\/2023\/01\/Clic-Clac-12.1540B.29-150x150.jpg 150w, http:\/\/www.simili.at\/WP\/wp-content\/uploads\/2023\/01\/Clic-Clac-12.1540B.29-300x300.jpg 300w, http:\/\/www.simili.at\/WP\/wp-content\/uploads\/2023\/01\/Clic-Clac-12.1540B.29-182x182.jpg 182w, http:\/\/www.simili.at\/WP\/wp-content\/uploads\/2023\/01\/Clic-Clac-12.1540B.29-83x83.jpg 83w, http:\/\/www.simili.at\/WP\/wp-content\/uploads\/2023\/01\/Clic-Clac-12.1540B.29-184x184.jpg 184w, http:\/\/www.simili.at\/WP\/wp-content\/uploads\/2023\/01\/Clic-Clac-12.1540B.29.jpg 600w\" sizes=\"(max-width: 150px) 100vw, 150px\" \/><\/a>\n\t\t\t<\/dt>\n\t\t\t\t<dd class='wp-caption-text gallery-caption' id='gallery-1-8747'>\n\t\t\t\t12.1540B.29\n\t\t\t\t<\/dd><\/dl><dl class='gallery-item'>\n\t\t\t<dt class='gallery-icon landscape'>\n\t\t\t\t<a href='http:\/\/www.simili.at\/WP\/wp-content\/uploads\/2023\/01\/Clic-Clac-12.1540A.29.jpg' rel=\"lightbox[gallery-0]\"><img loading=\"lazy\" decoding=\"async\" width=\"150\" height=\"150\" src=\"http:\/\/www.simili.at\/WP\/wp-content\/uploads\/2023\/01\/Clic-Clac-12.1540A.29-150x150.jpg\" class=\"attachment-thumbnail size-thumbnail\" alt=\"\" aria-describedby=\"gallery-1-8746\" srcset=\"http:\/\/www.simili.at\/WP\/wp-content\/uploads\/2023\/01\/Clic-Clac-12.1540A.29-150x150.jpg 150w, http:\/\/www.simili.at\/WP\/wp-content\/uploads\/2023\/01\/Clic-Clac-12.1540A.29-300x300.jpg 300w, http:\/\/www.simili.at\/WP\/wp-content\/uploads\/2023\/01\/Clic-Clac-12.1540A.29-182x182.jpg 182w, http:\/\/www.simili.at\/WP\/wp-content\/uploads\/2023\/01\/Clic-Clac-12.1540A.29-83x83.jpg 83w, http:\/\/www.simili.at\/WP\/wp-content\/uploads\/2023\/01\/Clic-Clac-12.1540A.29-184x184.jpg 184w, http:\/\/www.simili.at\/WP\/wp-content\/uploads\/2023\/01\/Clic-Clac-12.1540A.29.jpg 600w\" sizes=\"(max-width: 150px) 100vw, 150px\" \/><\/a>\n\t\t\t<\/dt>\n\t\t\t\t<dd class='wp-caption-text gallery-caption' id='gallery-1-8746'>\n\t\t\t\t12.1540A.29\n\t\t\t\t<\/dd><\/dl><dl class='gallery-item'>\n\t\t\t<dt class='gallery-icon landscape'>\n\t\t\t\t<a href='http:\/\/www.simili.at\/WP\/wp-content\/uploads\/2023\/11\/Clic-Clac-12.1541B.36.jpg' rel=\"lightbox[gallery-0]\"><img loading=\"lazy\" decoding=\"async\" width=\"150\" height=\"150\" src=\"http:\/\/www.simili.at\/WP\/wp-content\/uploads\/2023\/11\/Clic-Clac-12.1541B.36-150x150.jpg\" class=\"attachment-thumbnail size-thumbnail\" alt=\"\" aria-describedby=\"gallery-1-9093\" srcset=\"http:\/\/www.simili.at\/WP\/wp-content\/uploads\/2023\/11\/Clic-Clac-12.1541B.36-150x150.jpg 150w, http:\/\/www.simili.at\/WP\/wp-content\/uploads\/2023\/11\/Clic-Clac-12.1541B.36-300x300.jpg 300w, http:\/\/www.simili.at\/WP\/wp-content\/uploads\/2023\/11\/Clic-Clac-12.1541B.36-182x182.jpg 182w, http:\/\/www.simili.at\/WP\/wp-content\/uploads\/2023\/11\/Clic-Clac-12.1541B.36-83x83.jpg 83w, http:\/\/www.simili.at\/WP\/wp-content\/uploads\/2023\/11\/Clic-Clac-12.1541B.36-184x184.jpg 184w, http:\/\/www.simili.at\/WP\/wp-content\/uploads\/2023\/11\/Clic-Clac-12.1541B.36.jpg 600w\" sizes=\"(max-width: 150px) 100vw, 150px\" \/><\/a>\n\t\t\t<\/dt>\n\t\t\t\t<dd class='wp-caption-text gallery-caption' id='gallery-1-9093'>\n\t\t\t\t12.1541B.36\n\t\t\t\t<\/dd><\/dl><br style=\"clear: both\" \/><dl class='gallery-item'>\n\t\t\t<dt class='gallery-icon landscape'>\n\t\t\t\t<a href='http:\/\/www.simili.at\/WP\/wp-content\/uploads\/2023\/01\/Clic-Clac-6.1538.24.jpg' rel=\"lightbox[gallery-0]\"><img loading=\"lazy\" decoding=\"async\" width=\"150\" height=\"150\" src=\"http:\/\/www.simili.at\/WP\/wp-content\/uploads\/2023\/01\/Clic-Clac-6.1538.24-150x150.jpg\" class=\"attachment-thumbnail size-thumbnail\" alt=\"\" aria-describedby=\"gallery-1-8744\" srcset=\"http:\/\/www.simili.at\/WP\/wp-content\/uploads\/2023\/01\/Clic-Clac-6.1538.24-150x150.jpg 150w, http:\/\/www.simili.at\/WP\/wp-content\/uploads\/2023\/01\/Clic-Clac-6.1538.24-300x300.jpg 300w, http:\/\/www.simili.at\/WP\/wp-content\/uploads\/2023\/01\/Clic-Clac-6.1538.24-182x182.jpg 182w, http:\/\/www.simili.at\/WP\/wp-content\/uploads\/2023\/01\/Clic-Clac-6.1538.24-83x83.jpg 83w, http:\/\/www.simili.at\/WP\/wp-content\/uploads\/2023\/01\/Clic-Clac-6.1538.24-184x184.jpg 184w, http:\/\/www.simili.at\/WP\/wp-content\/uploads\/2023\/01\/Clic-Clac-6.1538.24.jpg 600w\" sizes=\"(max-width: 150px) 100vw, 150px\" \/><\/a>\n\t\t\t<\/dt>\n\t\t\t\t<dd class='wp-caption-text gallery-caption' id='gallery-1-8744'>\n\t\t\t\t12.1538.48\n\t\t\t\t<\/dd><\/dl><dl class='gallery-item'>\n\t\t\t<dt class='gallery-icon landscape'>\n\t\t\t\t<a href='http:\/\/www.simili.at\/WP\/wp-content\/uploads\/2022\/09\/Clic-Clac-12.1531B.18.jpg' rel=\"lightbox[gallery-0]\"><img loading=\"lazy\" decoding=\"async\" width=\"150\" height=\"150\" src=\"http:\/\/www.simili.at\/WP\/wp-content\/uploads\/2022\/09\/Clic-Clac-12.1531B.18-150x150.jpg\" class=\"attachment-thumbnail size-thumbnail\" alt=\"\" aria-describedby=\"gallery-1-8612\" srcset=\"http:\/\/www.simili.at\/WP\/wp-content\/uploads\/2022\/09\/Clic-Clac-12.1531B.18-150x150.jpg 150w, http:\/\/www.simili.at\/WP\/wp-content\/uploads\/2022\/09\/Clic-Clac-12.1531B.18-300x300.jpg 300w, http:\/\/www.simili.at\/WP\/wp-content\/uploads\/2022\/09\/Clic-Clac-12.1531B.18-182x182.jpg 182w, http:\/\/www.simili.at\/WP\/wp-content\/uploads\/2022\/09\/Clic-Clac-12.1531B.18-83x83.jpg 83w, http:\/\/www.simili.at\/WP\/wp-content\/uploads\/2022\/09\/Clic-Clac-12.1531B.18-184x184.jpg 184w, http:\/\/www.simili.at\/WP\/wp-content\/uploads\/2022\/09\/Clic-Clac-12.1531B.18.jpg 600w\" sizes=\"(max-width: 150px) 100vw, 150px\" \/><\/a>\n\t\t\t<\/dt>\n\t\t\t\t<dd class='wp-caption-text gallery-caption' id='gallery-1-8612'>\n\t\t\t\t12.1531B.18\n\t\t\t\t<\/dd><\/dl><dl class='gallery-item'>\n\t\t\t<dt class='gallery-icon landscape'>\n\t\t\t\t<a href='http:\/\/www.simili.at\/WP\/wp-content\/uploads\/2022\/09\/Clic-Clac-12.1531A.18-neu.jpg' rel=\"lightbox[gallery-0]\"><img loading=\"lazy\" decoding=\"async\" width=\"150\" height=\"150\" src=\"http:\/\/www.simili.at\/WP\/wp-content\/uploads\/2022\/09\/Clic-Clac-12.1531A.18-neu-150x150.jpg\" class=\"attachment-thumbnail size-thumbnail\" alt=\"\" aria-describedby=\"gallery-1-8627\" srcset=\"http:\/\/www.simili.at\/WP\/wp-content\/uploads\/2022\/09\/Clic-Clac-12.1531A.18-neu-150x150.jpg 150w, http:\/\/www.simili.at\/WP\/wp-content\/uploads\/2022\/09\/Clic-Clac-12.1531A.18-neu-300x300.jpg 300w, http:\/\/www.simili.at\/WP\/wp-content\/uploads\/2022\/09\/Clic-Clac-12.1531A.18-neu-182x182.jpg 182w, http:\/\/www.simili.at\/WP\/wp-content\/uploads\/2022\/09\/Clic-Clac-12.1531A.18-neu-83x83.jpg 83w, http:\/\/www.simili.at\/WP\/wp-content\/uploads\/2022\/09\/Clic-Clac-12.1531A.18-neu-184x184.jpg 184w, http:\/\/www.simili.at\/WP\/wp-content\/uploads\/2022\/09\/Clic-Clac-12.1531A.18-neu.jpg 600w\" sizes=\"(max-width: 150px) 100vw, 150px\" \/><\/a>\n\t\t\t<\/dt>\n\t\t\t\t<dd class='wp-caption-text gallery-caption' id='gallery-1-8627'>\n\t\t\t\t12.1531A.18\n\t\t\t\t<\/dd><\/dl><br style=\"clear: both\" \/><dl class='gallery-item'>\n\t\t\t<dt class='gallery-icon landscape'>\n\t\t\t\t<a href='http:\/\/www.simili.at\/WP\/wp-content\/uploads\/2015\/03\/Clic-Clac-12.0002C.15.jpg' rel=\"lightbox[gallery-0]\"><img loading=\"lazy\" decoding=\"async\" width=\"150\" height=\"150\" src=\"http:\/\/www.simili.at\/WP\/wp-content\/uploads\/2015\/03\/Clic-Clac-12.0002C.15-150x150.jpg\" class=\"attachment-thumbnail size-thumbnail\" alt=\"\" aria-describedby=\"gallery-1-5548\" srcset=\"http:\/\/www.simili.at\/WP\/wp-content\/uploads\/2015\/03\/Clic-Clac-12.0002C.15-150x150.jpg 150w, http:\/\/www.simili.at\/WP\/wp-content\/uploads\/2015\/03\/Clic-Clac-12.0002C.15-300x300.jpg 300w, http:\/\/www.simili.at\/WP\/wp-content\/uploads\/2015\/03\/Clic-Clac-12.0002C.15-182x182.jpg 182w, http:\/\/www.simili.at\/WP\/wp-content\/uploads\/2015\/03\/Clic-Clac-12.0002C.15-83x83.jpg 83w, http:\/\/www.simili.at\/WP\/wp-content\/uploads\/2015\/03\/Clic-Clac-12.0002C.15-184x184.jpg 184w, http:\/\/www.simili.at\/WP\/wp-content\/uploads\/2015\/03\/Clic-Clac-12.0002C.15.jpg 600w\" sizes=\"(max-width: 150px) 100vw, 150px\" \/><\/a>\n\t\t\t<\/dt>\n\t\t\t\t<dd class='wp-caption-text gallery-caption' id='gallery-1-5548'>\n\t\t\t\t12.0002C.15\n\t\t\t\t<\/dd><\/dl><dl class='gallery-item'>\n\t\t\t<dt class='gallery-icon landscape'>\n\t\t\t\t<a href='http:\/\/www.simili.at\/WP\/wp-content\/uploads\/2019\/09\/Clic-Clac-20.1587A.10.jpg' rel=\"lightbox[gallery-0]\"><img loading=\"lazy\" decoding=\"async\" width=\"150\" height=\"150\" src=\"http:\/\/www.simili.at\/WP\/wp-content\/uploads\/2019\/09\/Clic-Clac-20.1587A.10-150x150.jpg\" class=\"attachment-thumbnail size-thumbnail\" alt=\"\" aria-describedby=\"gallery-1-7109\" srcset=\"http:\/\/www.simili.at\/WP\/wp-content\/uploads\/2019\/09\/Clic-Clac-20.1587A.10-150x150.jpg 150w, http:\/\/www.simili.at\/WP\/wp-content\/uploads\/2019\/09\/Clic-Clac-20.1587A.10-300x300.jpg 300w, http:\/\/www.simili.at\/WP\/wp-content\/uploads\/2019\/09\/Clic-Clac-20.1587A.10-182x182.jpg 182w, http:\/\/www.simili.at\/WP\/wp-content\/uploads\/2019\/09\/Clic-Clac-20.1587A.10-83x83.jpg 83w, http:\/\/www.simili.at\/WP\/wp-content\/uploads\/2019\/09\/Clic-Clac-20.1587A.10-184x184.jpg 184w, http:\/\/www.simili.at\/WP\/wp-content\/uploads\/2019\/09\/Clic-Clac-20.1587A.10.jpg 600w\" sizes=\"(max-width: 150px) 100vw, 150px\" \/><\/a>\n\t\t\t<\/dt>\n\t\t\t\t<dd class='wp-caption-text gallery-caption' id='gallery-1-7109'>\n\t\t\t\t20.1587A.10\n\t\t\t\t<\/dd><\/dl><dl class='gallery-item'>\n\t\t\t<dt class='gallery-icon landscape'>\n\t\t\t\t<a href='http:\/\/www.simili.at\/WP\/wp-content\/uploads\/2020\/09\/Clic-Clac-Stern-30.1515C.15.jpg' rel=\"lightbox[gallery-0]\"><img loading=\"lazy\" decoding=\"async\" width=\"150\" height=\"150\" src=\"http:\/\/www.simili.at\/WP\/wp-content\/uploads\/2020\/09\/Clic-Clac-Stern-30.1515C.15-150x150.jpg\" class=\"attachment-thumbnail size-thumbnail\" alt=\"\" aria-describedby=\"gallery-1-7665\" srcset=\"http:\/\/www.simili.at\/WP\/wp-content\/uploads\/2020\/09\/Clic-Clac-Stern-30.1515C.15-150x150.jpg 150w, http:\/\/www.simili.at\/WP\/wp-content\/uploads\/2020\/09\/Clic-Clac-Stern-30.1515C.15-300x300.jpg 300w, http:\/\/www.simili.at\/WP\/wp-content\/uploads\/2020\/09\/Clic-Clac-Stern-30.1515C.15-182x182.jpg 182w, http:\/\/www.simili.at\/WP\/wp-content\/uploads\/2020\/09\/Clic-Clac-Stern-30.1515C.15-83x83.jpg 83w, http:\/\/www.simili.at\/WP\/wp-content\/uploads\/2020\/09\/Clic-Clac-Stern-30.1515C.15-184x184.jpg 184w, http:\/\/www.simili.at\/WP\/wp-content\/uploads\/2020\/09\/Clic-Clac-Stern-30.1515C.15.jpg 600w\" sizes=\"(max-width: 150px) 100vw, 150px\" \/><\/a>\n\t\t\t<\/dt>\n\t\t\t\t<dd class='wp-caption-text gallery-caption' id='gallery-1-7665'>\n\t\t\t\t30.1515C.15\n\t\t\t\t<\/dd><\/dl><br style=\"clear: both\" \/><dl class='gallery-item'>\n\t\t\t<dt class='gallery-icon landscape'>\n\t\t\t\t<a href='http:\/\/www.simili.at\/WP\/wp-content\/uploads\/2019\/05\/Clic-Clac-Stern-30.1515A.15.jpg' rel=\"lightbox[gallery-0]\"><img loading=\"lazy\" decoding=\"async\" width=\"150\" height=\"150\" src=\"http:\/\/www.simili.at\/WP\/wp-content\/uploads\/2019\/05\/Clic-Clac-Stern-30.1515A.15-150x150.jpg\" class=\"attachment-thumbnail size-thumbnail\" alt=\"\" aria-describedby=\"gallery-1-6803\" srcset=\"http:\/\/www.simili.at\/WP\/wp-content\/uploads\/2019\/05\/Clic-Clac-Stern-30.1515A.15-150x150.jpg 150w, http:\/\/www.simili.at\/WP\/wp-content\/uploads\/2019\/05\/Clic-Clac-Stern-30.1515A.15-300x300.jpg 300w, http:\/\/www.simili.at\/WP\/wp-content\/uploads\/2019\/05\/Clic-Clac-Stern-30.1515A.15-182x182.jpg 182w, http:\/\/www.simili.at\/WP\/wp-content\/uploads\/2019\/05\/Clic-Clac-Stern-30.1515A.15-83x83.jpg 83w, http:\/\/www.simili.at\/WP\/wp-content\/uploads\/2019\/05\/Clic-Clac-Stern-30.1515A.15-184x184.jpg 184w, http:\/\/www.simili.at\/WP\/wp-content\/uploads\/2019\/05\/Clic-Clac-Stern-30.1515A.15.jpg 600w\" sizes=\"(max-width: 150px) 100vw, 150px\" \/><\/a>\n\t\t\t<\/dt>\n\t\t\t\t<dd class='wp-caption-text gallery-caption' id='gallery-1-6803'>\n\t\t\t\t30.1515A.15\n\t\t\t\t<\/dd><\/dl><dl class='gallery-item'>\n\t\t\t<dt class='gallery-icon landscape'>\n\t\t\t\t<a href='http:\/\/www.simili.at\/WP\/wp-content\/uploads\/2020\/02\/Haarclips-Clic-Clac-30.1512D.24.jpg' rel=\"lightbox[gallery-0]\"><img loading=\"lazy\" decoding=\"async\" width=\"150\" height=\"150\" src=\"http:\/\/www.simili.at\/WP\/wp-content\/uploads\/2020\/02\/Haarclips-Clic-Clac-30.1512D.24-150x150.jpg\" class=\"attachment-thumbnail size-thumbnail\" alt=\"\" aria-describedby=\"gallery-1-7308\" srcset=\"http:\/\/www.simili.at\/WP\/wp-content\/uploads\/2020\/02\/Haarclips-Clic-Clac-30.1512D.24-150x150.jpg 150w, http:\/\/www.simili.at\/WP\/wp-content\/uploads\/2020\/02\/Haarclips-Clic-Clac-30.1512D.24-300x300.jpg 300w, http:\/\/www.simili.at\/WP\/wp-content\/uploads\/2020\/02\/Haarclips-Clic-Clac-30.1512D.24-182x182.jpg 182w, http:\/\/www.simili.at\/WP\/wp-content\/uploads\/2020\/02\/Haarclips-Clic-Clac-30.1512D.24-83x83.jpg 83w, http:\/\/www.simili.at\/WP\/wp-content\/uploads\/2020\/02\/Haarclips-Clic-Clac-30.1512D.24-184x184.jpg 184w, http:\/\/www.simili.at\/WP\/wp-content\/uploads\/2020\/02\/Haarclips-Clic-Clac-30.1512D.24.jpg 600w\" sizes=\"(max-width: 150px) 100vw, 150px\" \/><\/a>\n\t\t\t<\/dt>\n\t\t\t\t<dd class='wp-caption-text gallery-caption' id='gallery-1-7308'>\n\t\t\t\t30.1512D.24\n\t\t\t\t<\/dd><\/dl><dl class='gallery-item'>\n\t\t\t<dt class='gallery-icon landscape'>\n\t\t\t\t<a href='http:\/\/www.simili.at\/WP\/wp-content\/uploads\/2015\/03\/Haarclips-Clic-Clac-12.1548B.8.jpg' rel=\"lightbox[gallery-0]\"><img loading=\"lazy\" decoding=\"async\" width=\"150\" height=\"150\" src=\"http:\/\/www.simili.at\/WP\/wp-content\/uploads\/2015\/03\/Haarclips-Clic-Clac-12.1548B.8-150x150.jpg\" class=\"attachment-thumbnail size-thumbnail\" alt=\"\" aria-describedby=\"gallery-1-519\" srcset=\"http:\/\/www.simili.at\/WP\/wp-content\/uploads\/2015\/03\/Haarclips-Clic-Clac-12.1548B.8-150x150.jpg 150w, http:\/\/www.simili.at\/WP\/wp-content\/uploads\/2015\/03\/Haarclips-Clic-Clac-12.1548B.8-300x300.jpg 300w, http:\/\/www.simili.at\/WP\/wp-content\/uploads\/2015\/03\/Haarclips-Clic-Clac-12.1548B.8-182x182.jpg 182w, http:\/\/www.simili.at\/WP\/wp-content\/uploads\/2015\/03\/Haarclips-Clic-Clac-12.1548B.8-83x83.jpg 83w, http:\/\/www.simili.at\/WP\/wp-content\/uploads\/2015\/03\/Haarclips-Clic-Clac-12.1548B.8-184x184.jpg 184w, http:\/\/www.simili.at\/WP\/wp-content\/uploads\/2015\/03\/Haarclips-Clic-Clac-12.1548B.8.jpg 600w\" sizes=\"(max-width: 150px) 100vw, 150px\" \/><\/a>\n\t\t\t<\/dt>\n\t\t\t\t<dd class='wp-caption-text gallery-caption' id='gallery-1-519'>\n\t\t\t\t12.1548B.8\n\t\t\t\t<\/dd><\/dl><br style=\"clear: both\" \/><dl class='gallery-item'>\n\t\t\t<dt class='gallery-icon landscape'>\n\t\t\t\t<a href='http:\/\/www.simili.at\/WP\/wp-content\/uploads\/2015\/03\/Haarclipc-Clic-Clac-20.1504D.7.jpg' rel=\"lightbox[gallery-0]\"><img loading=\"lazy\" decoding=\"async\" width=\"150\" height=\"150\" src=\"http:\/\/www.simili.at\/WP\/wp-content\/uploads\/2015\/03\/Haarclipc-Clic-Clac-20.1504D.7-150x150.jpg\" class=\"attachment-thumbnail size-thumbnail\" alt=\"\" aria-describedby=\"gallery-1-2025\" srcset=\"http:\/\/www.simili.at\/WP\/wp-content\/uploads\/2015\/03\/Haarclipc-Clic-Clac-20.1504D.7-150x150.jpg 150w, http:\/\/www.simili.at\/WP\/wp-content\/uploads\/2015\/03\/Haarclipc-Clic-Clac-20.1504D.7-300x300.jpg 300w, http:\/\/www.simili.at\/WP\/wp-content\/uploads\/2015\/03\/Haarclipc-Clic-Clac-20.1504D.7-182x182.jpg 182w, http:\/\/www.simili.at\/WP\/wp-content\/uploads\/2015\/03\/Haarclipc-Clic-Clac-20.1504D.7-83x83.jpg 83w, http:\/\/www.simili.at\/WP\/wp-content\/uploads\/2015\/03\/Haarclipc-Clic-Clac-20.1504D.7-184x184.jpg 184w, http:\/\/www.simili.at\/WP\/wp-content\/uploads\/2015\/03\/Haarclipc-Clic-Clac-20.1504D.7.jpg 600w\" sizes=\"(max-width: 150px) 100vw, 150px\" \/><\/a>\n\t\t\t<\/dt>\n\t\t\t\t<dd class='wp-caption-text gallery-caption' id='gallery-1-2025'>\n\t\t\t\t20.1504D.8\n\t\t\t\t<\/dd><\/dl><dl class='gallery-item'>\n\t\t\t<dt class='gallery-icon landscape'>\n\t\t\t\t<a href='http:\/\/www.simili.at\/WP\/wp-content\/uploads\/2015\/03\/Clic-Clac-12.1954.15.jpg' rel=\"lightbox[gallery-0]\"><img loading=\"lazy\" decoding=\"async\" width=\"150\" height=\"150\" src=\"http:\/\/www.simili.at\/WP\/wp-content\/uploads\/2015\/03\/Clic-Clac-12.1954.15-150x150.jpg\" class=\"attachment-thumbnail size-thumbnail\" alt=\"\" aria-describedby=\"gallery-1-3156\" srcset=\"http:\/\/www.simili.at\/WP\/wp-content\/uploads\/2015\/03\/Clic-Clac-12.1954.15-150x150.jpg 150w, http:\/\/www.simili.at\/WP\/wp-content\/uploads\/2015\/03\/Clic-Clac-12.1954.15-300x300.jpg 300w, http:\/\/www.simili.at\/WP\/wp-content\/uploads\/2015\/03\/Clic-Clac-12.1954.15-182x182.jpg 182w, http:\/\/www.simili.at\/WP\/wp-content\/uploads\/2015\/03\/Clic-Clac-12.1954.15-83x83.jpg 83w, http:\/\/www.simili.at\/WP\/wp-content\/uploads\/2015\/03\/Clic-Clac-12.1954.15-184x184.jpg 184w, http:\/\/www.simili.at\/WP\/wp-content\/uploads\/2015\/03\/Clic-Clac-12.1954.15.jpg 600w\" sizes=\"(max-width: 150px) 100vw, 150px\" \/><\/a>\n\t\t\t<\/dt>\n\t\t\t\t<dd class='wp-caption-text gallery-caption' id='gallery-1-3156'>\n\t\t\t\t12.1954.15\n\t\t\t\t<\/dd><\/dl><dl class='gallery-item'>\n\t\t\t<dt class='gallery-icon landscape'>\n\t\t\t\t<a href='http:\/\/www.simili.at\/WP\/wp-content\/uploads\/2019\/09\/Haarclipc-Clic-Clac-20.1504AB.8.jpg' rel=\"lightbox[gallery-0]\"><img loading=\"lazy\" decoding=\"async\" width=\"150\" height=\"150\" src=\"http:\/\/www.simili.at\/WP\/wp-content\/uploads\/2019\/09\/Haarclipc-Clic-Clac-20.1504AB.8-150x150.jpg\" class=\"attachment-thumbnail size-thumbnail\" alt=\"\" aria-describedby=\"gallery-1-7110\" srcset=\"http:\/\/www.simili.at\/WP\/wp-content\/uploads\/2019\/09\/Haarclipc-Clic-Clac-20.1504AB.8-150x150.jpg 150w, http:\/\/www.simili.at\/WP\/wp-content\/uploads\/2019\/09\/Haarclipc-Clic-Clac-20.1504AB.8-300x300.jpg 300w, http:\/\/www.simili.at\/WP\/wp-content\/uploads\/2019\/09\/Haarclipc-Clic-Clac-20.1504AB.8-182x182.jpg 182w, http:\/\/www.simili.at\/WP\/wp-content\/uploads\/2019\/09\/Haarclipc-Clic-Clac-20.1504AB.8-83x83.jpg 83w, http:\/\/www.simili.at\/WP\/wp-content\/uploads\/2019\/09\/Haarclipc-Clic-Clac-20.1504AB.8-184x184.jpg 184w, http:\/\/www.simili.at\/WP\/wp-content\/uploads\/2019\/09\/Haarclipc-Clic-Clac-20.1504AB.8.jpg 600w\" sizes=\"(max-width: 150px) 100vw, 150px\" \/><\/a>\n\t\t\t<\/dt>\n\t\t\t\t<dd class='wp-caption-text gallery-caption' id='gallery-1-7110'>\n\t\t\t\t20.1504AB.8\n\t\t\t\t<\/dd><\/dl><br style=\"clear: both\" \/><dl class='gallery-item'>\n\t\t\t<dt class='gallery-icon landscape'>\n\t\t\t\t<a href='http:\/\/www.simili.at\/WP\/wp-content\/uploads\/2015\/03\/Haarclipc-Clic-Clac-24.1582C.14.jpg' rel=\"lightbox[gallery-0]\"><img loading=\"lazy\" decoding=\"async\" width=\"150\" height=\"150\" src=\"http:\/\/www.simili.at\/WP\/wp-content\/uploads\/2015\/03\/Haarclipc-Clic-Clac-24.1582C.14-150x150.jpg\" class=\"attachment-thumbnail size-thumbnail\" alt=\"\" aria-describedby=\"gallery-1-2095\" srcset=\"http:\/\/www.simili.at\/WP\/wp-content\/uploads\/2015\/03\/Haarclipc-Clic-Clac-24.1582C.14-150x150.jpg 150w, http:\/\/www.simili.at\/WP\/wp-content\/uploads\/2015\/03\/Haarclipc-Clic-Clac-24.1582C.14-300x300.jpg 300w, http:\/\/www.simili.at\/WP\/wp-content\/uploads\/2015\/03\/Haarclipc-Clic-Clac-24.1582C.14-182x182.jpg 182w, http:\/\/www.simili.at\/WP\/wp-content\/uploads\/2015\/03\/Haarclipc-Clic-Clac-24.1582C.14-83x83.jpg 83w, http:\/\/www.simili.at\/WP\/wp-content\/uploads\/2015\/03\/Haarclipc-Clic-Clac-24.1582C.14-184x184.jpg 184w, http:\/\/www.simili.at\/WP\/wp-content\/uploads\/2015\/03\/Haarclipc-Clic-Clac-24.1582C.14.jpg 600w\" sizes=\"(max-width: 150px) 100vw, 150px\" \/><\/a>\n\t\t\t<\/dt>\n\t\t\t\t<dd class='wp-caption-text gallery-caption' id='gallery-1-2095'>\n\t\t\t\t24.1582C.14\n\t\t\t\t<\/dd><\/dl><dl class='gallery-item'>\n\t\t\t<dt class='gallery-icon landscape'>\n\t\t\t\t<a href='http:\/\/www.simili.at\/WP\/wp-content\/uploads\/2015\/03\/Haarclipc-Clic-Clac-24.1583D.12.jpg' rel=\"lightbox[gallery-0]\"><img loading=\"lazy\" decoding=\"async\" width=\"150\" height=\"150\" src=\"http:\/\/www.simili.at\/WP\/wp-content\/uploads\/2015\/03\/Haarclipc-Clic-Clac-24.1583D.12-150x150.jpg\" class=\"attachment-thumbnail size-thumbnail\" alt=\"\" aria-describedby=\"gallery-1-2096\" srcset=\"http:\/\/www.simili.at\/WP\/wp-content\/uploads\/2015\/03\/Haarclipc-Clic-Clac-24.1583D.12-150x150.jpg 150w, http:\/\/www.simili.at\/WP\/wp-content\/uploads\/2015\/03\/Haarclipc-Clic-Clac-24.1583D.12-300x300.jpg 300w, http:\/\/www.simili.at\/WP\/wp-content\/uploads\/2015\/03\/Haarclipc-Clic-Clac-24.1583D.12-182x182.jpg 182w, http:\/\/www.simili.at\/WP\/wp-content\/uploads\/2015\/03\/Haarclipc-Clic-Clac-24.1583D.12-83x83.jpg 83w, http:\/\/www.simili.at\/WP\/wp-content\/uploads\/2015\/03\/Haarclipc-Clic-Clac-24.1583D.12-184x184.jpg 184w, http:\/\/www.simili.at\/WP\/wp-content\/uploads\/2015\/03\/Haarclipc-Clic-Clac-24.1583D.12.jpg 600w\" sizes=\"(max-width: 150px) 100vw, 150px\" \/><\/a>\n\t\t\t<\/dt>\n\t\t\t\t<dd class='wp-caption-text gallery-caption' id='gallery-1-2096'>\n\t\t\t\t24.1583D.12\n\t\t\t\t<\/dd><\/dl><dl class='gallery-item'>\n\t\t\t<dt class='gallery-icon landscape'>\n\t\t\t\t<a href='http:\/\/www.simili.at\/WP\/wp-content\/uploads\/2019\/09\/Clic-Clac-20.1504D.8.jpg' rel=\"lightbox[gallery-0]\"><img loading=\"lazy\" decoding=\"async\" width=\"150\" height=\"150\" src=\"http:\/\/www.simili.at\/WP\/wp-content\/uploads\/2019\/09\/Clic-Clac-20.1504D.8-150x150.jpg\" class=\"attachment-thumbnail size-thumbnail\" alt=\"\" aria-describedby=\"gallery-1-7108\" srcset=\"http:\/\/www.simili.at\/WP\/wp-content\/uploads\/2019\/09\/Clic-Clac-20.1504D.8-150x150.jpg 150w, http:\/\/www.simili.at\/WP\/wp-content\/uploads\/2019\/09\/Clic-Clac-20.1504D.8-300x300.jpg 300w, http:\/\/www.simili.at\/WP\/wp-content\/uploads\/2019\/09\/Clic-Clac-20.1504D.8-182x182.jpg 182w, http:\/\/www.simili.at\/WP\/wp-content\/uploads\/2019\/09\/Clic-Clac-20.1504D.8-83x83.jpg 83w, http:\/\/www.simili.at\/WP\/wp-content\/uploads\/2019\/09\/Clic-Clac-20.1504D.8-184x184.jpg 184w, http:\/\/www.simili.at\/WP\/wp-content\/uploads\/2019\/09\/Clic-Clac-20.1504D.8.jpg 600w\" sizes=\"(max-width: 150px) 100vw, 150px\" \/><\/a>\n\t\t\t<\/dt>\n\t\t\t\t<dd class='wp-caption-text gallery-caption' id='gallery-1-7108'>\n\t\t\t\t20.1504D.8\n\t\t\t\t<\/dd><\/dl><br style=\"clear: both\" \/><dl class='gallery-item'>\n\t\t\t<dt class='gallery-icon landscape'>\n\t\t\t\t<a href='http:\/\/www.simili.at\/WP\/wp-content\/uploads\/2022\/08\/Clic-Clac-12.1517A.8.jpg' rel=\"lightbox[gallery-0]\"><img loading=\"lazy\" decoding=\"async\" width=\"150\" height=\"150\" src=\"http:\/\/www.simili.at\/WP\/wp-content\/uploads\/2022\/08\/Clic-Clac-12.1517A.8-150x150.jpg\" class=\"attachment-thumbnail size-thumbnail\" alt=\"\" aria-describedby=\"gallery-1-8523\" srcset=\"http:\/\/www.simili.at\/WP\/wp-content\/uploads\/2022\/08\/Clic-Clac-12.1517A.8-150x150.jpg 150w, http:\/\/www.simili.at\/WP\/wp-content\/uploads\/2022\/08\/Clic-Clac-12.1517A.8-300x300.jpg 300w, http:\/\/www.simili.at\/WP\/wp-content\/uploads\/2022\/08\/Clic-Clac-12.1517A.8-182x182.jpg 182w, http:\/\/www.simili.at\/WP\/wp-content\/uploads\/2022\/08\/Clic-Clac-12.1517A.8-83x83.jpg 83w, http:\/\/www.simili.at\/WP\/wp-content\/uploads\/2022\/08\/Clic-Clac-12.1517A.8-184x184.jpg 184w, http:\/\/www.simili.at\/WP\/wp-content\/uploads\/2022\/08\/Clic-Clac-12.1517A.8.jpg 600w\" sizes=\"(max-width: 150px) 100vw, 150px\" \/><\/a>\n\t\t\t<\/dt>\n\t\t\t\t<dd class='wp-caption-text gallery-caption' id='gallery-1-8523'>\n\t\t\t\t12.1517A.8\n\t\t\t\t<\/dd><\/dl><dl class='gallery-item'>\n\t\t\t<dt class='gallery-icon landscape'>\n\t\t\t\t<a href='http:\/\/www.simili.at\/WP\/wp-content\/uploads\/2022\/08\/Clic-Clac-12.1517B.8.jpg' rel=\"lightbox[gallery-0]\"><img loading=\"lazy\" decoding=\"async\" width=\"150\" height=\"150\" src=\"http:\/\/www.simili.at\/WP\/wp-content\/uploads\/2022\/08\/Clic-Clac-12.1517B.8-150x150.jpg\" class=\"attachment-thumbnail size-thumbnail\" alt=\"\" aria-describedby=\"gallery-1-8524\" srcset=\"http:\/\/www.simili.at\/WP\/wp-content\/uploads\/2022\/08\/Clic-Clac-12.1517B.8-150x150.jpg 150w, http:\/\/www.simili.at\/WP\/wp-content\/uploads\/2022\/08\/Clic-Clac-12.1517B.8-300x300.jpg 300w, http:\/\/www.simili.at\/WP\/wp-content\/uploads\/2022\/08\/Clic-Clac-12.1517B.8-182x182.jpg 182w, http:\/\/www.simili.at\/WP\/wp-content\/uploads\/2022\/08\/Clic-Clac-12.1517B.8-83x83.jpg 83w, http:\/\/www.simili.at\/WP\/wp-content\/uploads\/2022\/08\/Clic-Clac-12.1517B.8-184x184.jpg 184w, http:\/\/www.simili.at\/WP\/wp-content\/uploads\/2022\/08\/Clic-Clac-12.1517B.8.jpg 600w\" sizes=\"(max-width: 150px) 100vw, 150px\" \/><\/a>\n\t\t\t<\/dt>\n\t\t\t\t<dd class='wp-caption-text gallery-caption' id='gallery-1-8524'>\n\t\t\t\t12.1517B.8\n\t\t\t\t<\/dd><\/dl>\n\t\t\t<br style='clear: both' \/>\n\t\t<\/div>\n\n","protected":false},"excerpt":{"rendered":"<p>Auf dieser Seite finden sie Clic Clac Haarspangen in unterschiedlichsten Gr\u00f6\u00dfen und Ausf\u00fchrungen. Fr\u00f6hlich, bunt oder auch klassisch schwarz und braun. Mit Strass, Glitter oder Stoffbl\u00fcmchen.<\/p>\n","protected":false},"author":1,"featured_media":0,"parent":0,"menu_order":0,"comment_status":"open","ping_status":"open","template":"","meta":{"footnotes":""},"_links":{"self":[{"href":"http:\/\/www.simili.at\/WP\/wp-json\/wp\/v2\/pages\/183"}],"collection":[{"href":"http:\/\/www.simili.at\/WP\/wp-json\/wp\/v2\/pages"}],"about":[{"href":"http:\/\/www.simili.at\/WP\/wp-json\/wp\/v2\/types\/page"}],"author":[{"embeddable":true,"href":"http:\/\/www.simili.at\/WP\/wp-json\/wp\/v2\/users\/1"}],"replies":[{"embeddable":true,"href":"http:\/\/www.simili.at\/WP\/wp-json\/wp\/v2\/comments?post=183"}],"version-history":[{"count":63,"href":"http:\/\/www.simili.at\/WP\/wp-json\/wp\/v2\/pages\/183\/revisions"}],"predecessor-version":[{"id":9098,"href":"http:\/\/www.simili.at\/WP\/wp-json\/wp\/v2\/pages\/183\/revisions\/9098"}],"wp:attachment":[{"href":"http:\/\/www.simili.at\/WP\/wp-json\/wp\/v2\/media?parent=183"}],"curies":[{"name":"wp","href":"https:\/\/api.w.org\/{rel}","templated":true}]}}