{"id":1609,"date":"2015-04-19T17:44:57","date_gmt":"2015-04-19T17:44:57","guid":{"rendered":"http:\/\/www.simili.at\/WP\/?page_id=1609"},"modified":"2023-09-22T13:29:06","modified_gmt":"2023-09-22T13:29:06","slug":"stretcharmbaender","status":"publish","type":"page","link":"http:\/\/www.simili.at\/WP\/armbaender\/stretcharmbaender\/","title":{"rendered":"Stretcharmb\u00e4nder"},"content":{"rendered":"<p>Hier finden sie eine gro\u00dfe Auswahl an Stretcharmb\u00e4ndern.<\/p>\n\n\t\t<style type=\"text\/css\">\n\t\t\t#gallery-1 {\n\t\t\t\tmargin: auto;\n\t\t\t}\n\t\t\t#gallery-1 .gallery-item {\n\t\t\t\tfloat: left;\n\t\t\t\tmargin-top: 10px;\n\t\t\t\ttext-align: center;\n\t\t\t\twidth: 33%;\n\t\t\t}\n\t\t\t#gallery-1 img {\n\t\t\t\tborder: 2px solid #cfcfcf;\n\t\t\t}\n\t\t\t#gallery-1 .gallery-caption {\n\t\t\t\tmargin-left: 0;\n\t\t\t}\n\t\t\t\/* see gallery_shortcode() in wp-includes\/media.php *\/\n\t\t<\/style>\n\t\t<div id='gallery-1' class='gallery galleryid-1609 gallery-columns-3 gallery-size-thumbnail'><dl class='gallery-item'>\n\t\t\t<dt class='gallery-icon landscape'>\n\t\t\t\t<a href='http:\/\/www.simili.at\/WP\/wp-content\/uploads\/2023\/09\/Haargummi-Armband-6.6509B.29.jpg' rel=\"lightbox[gallery-0]\"><img loading=\"lazy\" decoding=\"async\" width=\"150\" height=\"150\" src=\"http:\/\/www.simili.at\/WP\/wp-content\/uploads\/2023\/09\/Haargummi-Armband-6.6509B.29-150x150.jpg\" class=\"attachment-thumbnail size-thumbnail\" alt=\"\" aria-describedby=\"gallery-1-9045\" srcset=\"http:\/\/www.simili.at\/WP\/wp-content\/uploads\/2023\/09\/Haargummi-Armband-6.6509B.29-150x150.jpg 150w, http:\/\/www.simili.at\/WP\/wp-content\/uploads\/2023\/09\/Haargummi-Armband-6.6509B.29-300x300.jpg 300w, http:\/\/www.simili.at\/WP\/wp-content\/uploads\/2023\/09\/Haargummi-Armband-6.6509B.29-182x182.jpg 182w, http:\/\/www.simili.at\/WP\/wp-content\/uploads\/2023\/09\/Haargummi-Armband-6.6509B.29-83x83.jpg 83w, http:\/\/www.simili.at\/WP\/wp-content\/uploads\/2023\/09\/Haargummi-Armband-6.6509B.29-184x184.jpg 184w, http:\/\/www.simili.at\/WP\/wp-content\/uploads\/2023\/09\/Haargummi-Armband-6.6509B.29.jpg 600w\" sizes=\"(max-width: 150px) 100vw, 150px\" \/><\/a>\n\t\t\t<\/dt>\n\t\t\t\t<dd class='wp-caption-text gallery-caption' id='gallery-1-9045'>\n\t\t\t\t6.6509B.29\n\t\t\t\t<\/dd><\/dl><dl class='gallery-item'>\n\t\t\t<dt class='gallery-icon landscape'>\n\t\t\t\t<a href='http:\/\/www.simili.at\/WP\/wp-content\/uploads\/2020\/11\/Armb\u00e4nder-12.8128E.24.jpg' rel=\"lightbox[gallery-0]\"><img loading=\"lazy\" decoding=\"async\" width=\"150\" height=\"150\" src=\"http:\/\/www.simili.at\/WP\/wp-content\/uploads\/2020\/11\/Armb\u00e4nder-12.8128E.24-150x150.jpg\" class=\"attachment-thumbnail size-thumbnail\" alt=\"\" aria-describedby=\"gallery-1-7887\" srcset=\"http:\/\/www.simili.at\/WP\/wp-content\/uploads\/2020\/11\/Armb\u00e4nder-12.8128E.24-150x150.jpg 150w, http:\/\/www.simili.at\/WP\/wp-content\/uploads\/2020\/11\/Armb\u00e4nder-12.8128E.24-300x300.jpg 300w, http:\/\/www.simili.at\/WP\/wp-content\/uploads\/2020\/11\/Armb\u00e4nder-12.8128E.24-182x182.jpg 182w, http:\/\/www.simili.at\/WP\/wp-content\/uploads\/2020\/11\/Armb\u00e4nder-12.8128E.24-83x83.jpg 83w, http:\/\/www.simili.at\/WP\/wp-content\/uploads\/2020\/11\/Armb\u00e4nder-12.8128E.24-184x184.jpg 184w, http:\/\/www.simili.at\/WP\/wp-content\/uploads\/2020\/11\/Armb\u00e4nder-12.8128E.24.jpg 600w\" sizes=\"(max-width: 150px) 100vw, 150px\" \/><\/a>\n\t\t\t<\/dt>\n\t\t\t\t<dd class='wp-caption-text gallery-caption' id='gallery-1-7887'>\n\t\t\t\t12.8128E.24\n\t\t\t\t<\/dd><\/dl><dl class='gallery-item'>\n\t\t\t<dt class='gallery-icon landscape'>\n\t\t\t\t<a href='http:\/\/www.simili.at\/WP\/wp-content\/uploads\/2015\/03\/Stretch-Armband-1.8172A.6.jpg' rel=\"lightbox[gallery-0]\"><img loading=\"lazy\" decoding=\"async\" width=\"150\" height=\"150\" src=\"http:\/\/www.simili.at\/WP\/wp-content\/uploads\/2015\/03\/Stretch-Armband-1.8172A.6-150x150.jpg\" class=\"attachment-thumbnail size-thumbnail\" alt=\"\" aria-describedby=\"gallery-1-4287\" srcset=\"http:\/\/www.simili.at\/WP\/wp-content\/uploads\/2015\/03\/Stretch-Armband-1.8172A.6-150x150.jpg 150w, http:\/\/www.simili.at\/WP\/wp-content\/uploads\/2015\/03\/Stretch-Armband-1.8172A.6-300x300.jpg 300w, http:\/\/www.simili.at\/WP\/wp-content\/uploads\/2015\/03\/Stretch-Armband-1.8172A.6-182x182.jpg 182w, http:\/\/www.simili.at\/WP\/wp-content\/uploads\/2015\/03\/Stretch-Armband-1.8172A.6-83x83.jpg 83w, http:\/\/www.simili.at\/WP\/wp-content\/uploads\/2015\/03\/Stretch-Armband-1.8172A.6-184x184.jpg 184w, http:\/\/www.simili.at\/WP\/wp-content\/uploads\/2015\/03\/Stretch-Armband-1.8172A.6.jpg 600w\" sizes=\"(max-width: 150px) 100vw, 150px\" \/><\/a>\n\t\t\t<\/dt>\n\t\t\t\t<dd class='wp-caption-text gallery-caption' id='gallery-1-4287'>\n\t\t\t\t1.8172A.6\n\t\t\t\t<\/dd><\/dl><br style=\"clear: both\" \/><dl class='gallery-item'>\n\t\t\t<dt class='gallery-icon landscape'>\n\t\t\t\t<a href='http:\/\/www.simili.at\/WP\/wp-content\/uploads\/2015\/03\/Stretch-Armband-1.8172E.6.jpg' rel=\"lightbox[gallery-0]\"><img loading=\"lazy\" decoding=\"async\" width=\"150\" height=\"150\" src=\"http:\/\/www.simili.at\/WP\/wp-content\/uploads\/2015\/03\/Stretch-Armband-1.8172E.6-150x150.jpg\" class=\"attachment-thumbnail size-thumbnail\" alt=\"\" aria-describedby=\"gallery-1-4291\" srcset=\"http:\/\/www.simili.at\/WP\/wp-content\/uploads\/2015\/03\/Stretch-Armband-1.8172E.6-150x150.jpg 150w, http:\/\/www.simili.at\/WP\/wp-content\/uploads\/2015\/03\/Stretch-Armband-1.8172E.6-300x300.jpg 300w, http:\/\/www.simili.at\/WP\/wp-content\/uploads\/2015\/03\/Stretch-Armband-1.8172E.6-182x182.jpg 182w, http:\/\/www.simili.at\/WP\/wp-content\/uploads\/2015\/03\/Stretch-Armband-1.8172E.6-83x83.jpg 83w, http:\/\/www.simili.at\/WP\/wp-content\/uploads\/2015\/03\/Stretch-Armband-1.8172E.6-184x184.jpg 184w, http:\/\/www.simili.at\/WP\/wp-content\/uploads\/2015\/03\/Stretch-Armband-1.8172E.6.jpg 600w\" sizes=\"(max-width: 150px) 100vw, 150px\" \/><\/a>\n\t\t\t<\/dt>\n\t\t\t\t<dd class='wp-caption-text gallery-caption' id='gallery-1-4291'>\n\t\t\t\t1.8172E.6\n\t\t\t\t<\/dd><\/dl><dl class='gallery-item'>\n\t\t\t<dt class='gallery-icon landscape'>\n\t\t\t\t<a href='http:\/\/www.simili.at\/WP\/wp-content\/uploads\/2015\/03\/Stretch-Armband-1.8172B.6.jpg' rel=\"lightbox[gallery-0]\"><img loading=\"lazy\" decoding=\"async\" width=\"150\" height=\"150\" src=\"http:\/\/www.simili.at\/WP\/wp-content\/uploads\/2015\/03\/Stretch-Armband-1.8172B.6-150x150.jpg\" class=\"attachment-thumbnail size-thumbnail\" alt=\"\" aria-describedby=\"gallery-1-4288\" srcset=\"http:\/\/www.simili.at\/WP\/wp-content\/uploads\/2015\/03\/Stretch-Armband-1.8172B.6-150x150.jpg 150w, http:\/\/www.simili.at\/WP\/wp-content\/uploads\/2015\/03\/Stretch-Armband-1.8172B.6-300x300.jpg 300w, http:\/\/www.simili.at\/WP\/wp-content\/uploads\/2015\/03\/Stretch-Armband-1.8172B.6-182x182.jpg 182w, http:\/\/www.simili.at\/WP\/wp-content\/uploads\/2015\/03\/Stretch-Armband-1.8172B.6-83x83.jpg 83w, http:\/\/www.simili.at\/WP\/wp-content\/uploads\/2015\/03\/Stretch-Armband-1.8172B.6-184x184.jpg 184w, http:\/\/www.simili.at\/WP\/wp-content\/uploads\/2015\/03\/Stretch-Armband-1.8172B.6.jpg 600w\" sizes=\"(max-width: 150px) 100vw, 150px\" \/><\/a>\n\t\t\t<\/dt>\n\t\t\t\t<dd class='wp-caption-text gallery-caption' id='gallery-1-4288'>\n\t\t\t\t1.8172B.6\n\t\t\t\t<\/dd><\/dl><dl class='gallery-item'>\n\t\t\t<dt class='gallery-icon landscape'>\n\t\t\t\t<a href='http:\/\/www.simili.at\/WP\/wp-content\/uploads\/2015\/03\/Stretch-Armband-1.8172D.6.jpg' rel=\"lightbox[gallery-0]\"><img loading=\"lazy\" decoding=\"async\" width=\"150\" height=\"150\" src=\"http:\/\/www.simili.at\/WP\/wp-content\/uploads\/2015\/03\/Stretch-Armband-1.8172D.6-150x150.jpg\" class=\"attachment-thumbnail size-thumbnail\" alt=\"\" aria-describedby=\"gallery-1-4290\" srcset=\"http:\/\/www.simili.at\/WP\/wp-content\/uploads\/2015\/03\/Stretch-Armband-1.8172D.6-150x150.jpg 150w, http:\/\/www.simili.at\/WP\/wp-content\/uploads\/2015\/03\/Stretch-Armband-1.8172D.6-300x300.jpg 300w, http:\/\/www.simili.at\/WP\/wp-content\/uploads\/2015\/03\/Stretch-Armband-1.8172D.6-182x182.jpg 182w, http:\/\/www.simili.at\/WP\/wp-content\/uploads\/2015\/03\/Stretch-Armband-1.8172D.6-83x83.jpg 83w, http:\/\/www.simili.at\/WP\/wp-content\/uploads\/2015\/03\/Stretch-Armband-1.8172D.6-184x184.jpg 184w, http:\/\/www.simili.at\/WP\/wp-content\/uploads\/2015\/03\/Stretch-Armband-1.8172D.6.jpg 600w\" sizes=\"(max-width: 150px) 100vw, 150px\" \/><\/a>\n\t\t\t<\/dt>\n\t\t\t\t<dd class='wp-caption-text gallery-caption' id='gallery-1-4290'>\n\t\t\t\t1.8172D.6\n\t\t\t\t<\/dd><\/dl><br style=\"clear: both\" \/><dl class='gallery-item'>\n\t\t\t<dt class='gallery-icon landscape'>\n\t\t\t\t<a href='http:\/\/www.simili.at\/WP\/wp-content\/uploads\/2015\/03\/Armband-1.8169C.6.jpg' rel=\"lightbox[gallery-0]\"><img loading=\"lazy\" decoding=\"async\" width=\"150\" height=\"150\" src=\"http:\/\/www.simili.at\/WP\/wp-content\/uploads\/2015\/03\/Armband-1.8169C.6-150x150.jpg\" class=\"attachment-thumbnail size-thumbnail\" alt=\"\" aria-describedby=\"gallery-1-3806\" srcset=\"http:\/\/www.simili.at\/WP\/wp-content\/uploads\/2015\/03\/Armband-1.8169C.6-150x150.jpg 150w, http:\/\/www.simili.at\/WP\/wp-content\/uploads\/2015\/03\/Armband-1.8169C.6-300x300.jpg 300w, http:\/\/www.simili.at\/WP\/wp-content\/uploads\/2015\/03\/Armband-1.8169C.6-182x182.jpg 182w, http:\/\/www.simili.at\/WP\/wp-content\/uploads\/2015\/03\/Armband-1.8169C.6-83x83.jpg 83w, http:\/\/www.simili.at\/WP\/wp-content\/uploads\/2015\/03\/Armband-1.8169C.6-184x184.jpg 184w, http:\/\/www.simili.at\/WP\/wp-content\/uploads\/2015\/03\/Armband-1.8169C.6.jpg 600w\" sizes=\"(max-width: 150px) 100vw, 150px\" \/><\/a>\n\t\t\t<\/dt>\n\t\t\t\t<dd class='wp-caption-text gallery-caption' id='gallery-1-3806'>\n\t\t\t\t1.8169C.6\n\t\t\t\t<\/dd><\/dl><dl class='gallery-item'>\n\t\t\t<dt class='gallery-icon landscape'>\n\t\t\t\t<a href='http:\/\/www.simili.at\/WP\/wp-content\/uploads\/2015\/04\/Stretch-Armband-1.8028C.8.jpg' rel=\"lightbox[gallery-0]\"><img loading=\"lazy\" decoding=\"async\" width=\"150\" height=\"150\" src=\"http:\/\/www.simili.at\/WP\/wp-content\/uploads\/2015\/04\/Stretch-Armband-1.8028C.8-150x150.jpg\" class=\"attachment-thumbnail size-thumbnail\" alt=\"\" aria-describedby=\"gallery-1-1614\" srcset=\"http:\/\/www.simili.at\/WP\/wp-content\/uploads\/2015\/04\/Stretch-Armband-1.8028C.8-150x150.jpg 150w, http:\/\/www.simili.at\/WP\/wp-content\/uploads\/2015\/04\/Stretch-Armband-1.8028C.8-300x300.jpg 300w, http:\/\/www.simili.at\/WP\/wp-content\/uploads\/2015\/04\/Stretch-Armband-1.8028C.8-182x182.jpg 182w, http:\/\/www.simili.at\/WP\/wp-content\/uploads\/2015\/04\/Stretch-Armband-1.8028C.8-83x83.jpg 83w, http:\/\/www.simili.at\/WP\/wp-content\/uploads\/2015\/04\/Stretch-Armband-1.8028C.8-184x184.jpg 184w, http:\/\/www.simili.at\/WP\/wp-content\/uploads\/2015\/04\/Stretch-Armband-1.8028C.8.jpg 600w\" sizes=\"(max-width: 150px) 100vw, 150px\" \/><\/a>\n\t\t\t<\/dt>\n\t\t\t\t<dd class='wp-caption-text gallery-caption' id='gallery-1-1614'>\n\t\t\t\t1.8028C.8\n\t\t\t\t<\/dd><\/dl><dl class='gallery-item'>\n\t\t\t<dt class='gallery-icon landscape'>\n\t\t\t\t<a href='http:\/\/www.simili.at\/WP\/wp-content\/uploads\/2015\/04\/Stretch-Armband-1.8028D.8.jpg' rel=\"lightbox[gallery-0]\"><img loading=\"lazy\" decoding=\"async\" width=\"150\" height=\"150\" src=\"http:\/\/www.simili.at\/WP\/wp-content\/uploads\/2015\/04\/Stretch-Armband-1.8028D.8-150x150.jpg\" class=\"attachment-thumbnail size-thumbnail\" alt=\"\" aria-describedby=\"gallery-1-1615\" srcset=\"http:\/\/www.simili.at\/WP\/wp-content\/uploads\/2015\/04\/Stretch-Armband-1.8028D.8-150x150.jpg 150w, http:\/\/www.simili.at\/WP\/wp-content\/uploads\/2015\/04\/Stretch-Armband-1.8028D.8-300x300.jpg 300w, http:\/\/www.simili.at\/WP\/wp-content\/uploads\/2015\/04\/Stretch-Armband-1.8028D.8-182x182.jpg 182w, http:\/\/www.simili.at\/WP\/wp-content\/uploads\/2015\/04\/Stretch-Armband-1.8028D.8-83x83.jpg 83w, http:\/\/www.simili.at\/WP\/wp-content\/uploads\/2015\/04\/Stretch-Armband-1.8028D.8-184x184.jpg 184w, http:\/\/www.simili.at\/WP\/wp-content\/uploads\/2015\/04\/Stretch-Armband-1.8028D.8.jpg 600w\" sizes=\"(max-width: 150px) 100vw, 150px\" \/><\/a>\n\t\t\t<\/dt>\n\t\t\t\t<dd class='wp-caption-text gallery-caption' id='gallery-1-1615'>\n\t\t\t\t1.8028D.8\n\t\t\t\t<\/dd><\/dl><br style=\"clear: both\" \/><dl class='gallery-item'>\n\t\t\t<dt class='gallery-icon landscape'>\n\t\t\t\t<a href='http:\/\/www.simili.at\/WP\/wp-content\/uploads\/2015\/04\/Stretch-Armband-1.8028E.8.jpg' rel=\"lightbox[gallery-0]\"><img loading=\"lazy\" decoding=\"async\" width=\"150\" height=\"150\" src=\"http:\/\/www.simili.at\/WP\/wp-content\/uploads\/2015\/04\/Stretch-Armband-1.8028E.8-150x150.jpg\" class=\"attachment-thumbnail size-thumbnail\" alt=\"\" aria-describedby=\"gallery-1-1616\" srcset=\"http:\/\/www.simili.at\/WP\/wp-content\/uploads\/2015\/04\/Stretch-Armband-1.8028E.8-150x150.jpg 150w, http:\/\/www.simili.at\/WP\/wp-content\/uploads\/2015\/04\/Stretch-Armband-1.8028E.8-300x300.jpg 300w, http:\/\/www.simili.at\/WP\/wp-content\/uploads\/2015\/04\/Stretch-Armband-1.8028E.8-182x182.jpg 182w, http:\/\/www.simili.at\/WP\/wp-content\/uploads\/2015\/04\/Stretch-Armband-1.8028E.8-83x83.jpg 83w, http:\/\/www.simili.at\/WP\/wp-content\/uploads\/2015\/04\/Stretch-Armband-1.8028E.8-184x184.jpg 184w, http:\/\/www.simili.at\/WP\/wp-content\/uploads\/2015\/04\/Stretch-Armband-1.8028E.8.jpg 600w\" sizes=\"(max-width: 150px) 100vw, 150px\" \/><\/a>\n\t\t\t<\/dt>\n\t\t\t\t<dd class='wp-caption-text gallery-caption' id='gallery-1-1616'>\n\t\t\t\t1.8028E.8\n\t\t\t\t<\/dd><\/dl><dl class='gallery-item'>\n\t\t\t<dt class='gallery-icon landscape'>\n\t\t\t\t<a href='http:\/\/www.simili.at\/WP\/wp-content\/uploads\/2015\/04\/Stretch-Armband-1.8028Y.8.jpg' rel=\"lightbox[gallery-0]\"><img loading=\"lazy\" decoding=\"async\" width=\"150\" height=\"150\" src=\"http:\/\/www.simili.at\/WP\/wp-content\/uploads\/2015\/04\/Stretch-Armband-1.8028Y.8-150x150.jpg\" class=\"attachment-thumbnail size-thumbnail\" alt=\"\" aria-describedby=\"gallery-1-1660\" srcset=\"http:\/\/www.simili.at\/WP\/wp-content\/uploads\/2015\/04\/Stretch-Armband-1.8028Y.8-150x150.jpg 150w, http:\/\/www.simili.at\/WP\/wp-content\/uploads\/2015\/04\/Stretch-Armband-1.8028Y.8-300x300.jpg 300w, http:\/\/www.simili.at\/WP\/wp-content\/uploads\/2015\/04\/Stretch-Armband-1.8028Y.8-182x182.jpg 182w, http:\/\/www.simili.at\/WP\/wp-content\/uploads\/2015\/04\/Stretch-Armband-1.8028Y.8-83x83.jpg 83w, http:\/\/www.simili.at\/WP\/wp-content\/uploads\/2015\/04\/Stretch-Armband-1.8028Y.8-184x184.jpg 184w, http:\/\/www.simili.at\/WP\/wp-content\/uploads\/2015\/04\/Stretch-Armband-1.8028Y.8.jpg 600w\" sizes=\"(max-width: 150px) 100vw, 150px\" \/><\/a>\n\t\t\t<\/dt>\n\t\t\t\t<dd class='wp-caption-text gallery-caption' id='gallery-1-1660'>\n\t\t\t\t1.8028Y.8\n\t\t\t\t<\/dd><\/dl><dl class='gallery-item'>\n\t\t\t<dt class='gallery-icon landscape'>\n\t\t\t\t<a href='http:\/\/www.simili.at\/WP\/wp-content\/uploads\/2015\/04\/Stretch-Armband-1.8087.9.jpg' rel=\"lightbox[gallery-0]\"><img loading=\"lazy\" decoding=\"async\" width=\"150\" height=\"150\" src=\"http:\/\/www.simili.at\/WP\/wp-content\/uploads\/2015\/04\/Stretch-Armband-1.8087.9-150x150.jpg\" class=\"attachment-thumbnail size-thumbnail\" alt=\"\" aria-describedby=\"gallery-1-1637\" srcset=\"http:\/\/www.simili.at\/WP\/wp-content\/uploads\/2015\/04\/Stretch-Armband-1.8087.9-150x150.jpg 150w, http:\/\/www.simili.at\/WP\/wp-content\/uploads\/2015\/04\/Stretch-Armband-1.8087.9-300x300.jpg 300w, http:\/\/www.simili.at\/WP\/wp-content\/uploads\/2015\/04\/Stretch-Armband-1.8087.9-182x182.jpg 182w, http:\/\/www.simili.at\/WP\/wp-content\/uploads\/2015\/04\/Stretch-Armband-1.8087.9-83x83.jpg 83w, http:\/\/www.simili.at\/WP\/wp-content\/uploads\/2015\/04\/Stretch-Armband-1.8087.9-184x184.jpg 184w, http:\/\/www.simili.at\/WP\/wp-content\/uploads\/2015\/04\/Stretch-Armband-1.8087.9.jpg 600w\" sizes=\"(max-width: 150px) 100vw, 150px\" \/><\/a>\n\t\t\t<\/dt>\n\t\t\t\t<dd class='wp-caption-text gallery-caption' id='gallery-1-1637'>\n\t\t\t\t1.8087.9\n\t\t\t\t<\/dd><\/dl><br style=\"clear: both\" \/><dl class='gallery-item'>\n\t\t\t<dt class='gallery-icon landscape'>\n\t\t\t\t<a href='http:\/\/www.simili.at\/WP\/wp-content\/uploads\/2015\/04\/Stretch-Armband-2.8088.18.jpg' rel=\"lightbox[gallery-0]\"><img loading=\"lazy\" decoding=\"async\" width=\"150\" height=\"150\" src=\"http:\/\/www.simili.at\/WP\/wp-content\/uploads\/2015\/04\/Stretch-Armband-2.8088.18-150x150.jpg\" class=\"attachment-thumbnail size-thumbnail\" alt=\"\" aria-describedby=\"gallery-1-1641\" srcset=\"http:\/\/www.simili.at\/WP\/wp-content\/uploads\/2015\/04\/Stretch-Armband-2.8088.18-150x150.jpg 150w, http:\/\/www.simili.at\/WP\/wp-content\/uploads\/2015\/04\/Stretch-Armband-2.8088.18-300x300.jpg 300w, http:\/\/www.simili.at\/WP\/wp-content\/uploads\/2015\/04\/Stretch-Armband-2.8088.18-182x182.jpg 182w, http:\/\/www.simili.at\/WP\/wp-content\/uploads\/2015\/04\/Stretch-Armband-2.8088.18-83x83.jpg 83w, http:\/\/www.simili.at\/WP\/wp-content\/uploads\/2015\/04\/Stretch-Armband-2.8088.18-184x184.jpg 184w, http:\/\/www.simili.at\/WP\/wp-content\/uploads\/2015\/04\/Stretch-Armband-2.8088.18.jpg 600w\" sizes=\"(max-width: 150px) 100vw, 150px\" \/><\/a>\n\t\t\t<\/dt>\n\t\t\t\t<dd class='wp-caption-text gallery-caption' id='gallery-1-1641'>\n\t\t\t\t2.8088.12\n\t\t\t\t<\/dd><\/dl>\n\t\t\t<br style='clear: both' \/>\n\t\t<\/div>\n\n","protected":false},"excerpt":{"rendered":"<p>Hier finden sie eine gro\u00dfe Auswahl an Stretcharmb\u00e4ndern.<\/p>\n","protected":false},"author":1,"featured_media":0,"parent":1552,"menu_order":0,"comment_status":"open","ping_status":"open","template":"","meta":{"footnotes":""},"_links":{"self":[{"href":"http:\/\/www.simili.at\/WP\/wp-json\/wp\/v2\/pages\/1609"}],"collection":[{"href":"http:\/\/www.simili.at\/WP\/wp-json\/wp\/v2\/pages"}],"about":[{"href":"http:\/\/www.simili.at\/WP\/wp-json\/wp\/v2\/types\/page"}],"author":[{"embeddable":true,"href":"http:\/\/www.simili.at\/WP\/wp-json\/wp\/v2\/users\/1"}],"replies":[{"embeddable":true,"href":"http:\/\/www.simili.at\/WP\/wp-json\/wp\/v2\/comments?post=1609"}],"version-history":[{"count":31,"href":"http:\/\/www.simili.at\/WP\/wp-json\/wp\/v2\/pages\/1609\/revisions"}],"predecessor-version":[{"id":9047,"href":"http:\/\/www.simili.at\/WP\/wp-json\/wp\/v2\/pages\/1609\/revisions\/9047"}],"up":[{"embeddable":true,"href":"http:\/\/www.simili.at\/WP\/wp-json\/wp\/v2\/pages\/1552"}],"wp:attachment":[{"href":"http:\/\/www.simili.at\/WP\/wp-json\/wp\/v2\/media?parent=1609"}],"curies":[{"name":"wp","href":"https:\/\/api.w.org\/{rel}","templated":true}]}}