{"id":1183,"date":"2015-04-01T15:51:40","date_gmt":"2015-04-01T15:51:40","guid":{"rendered":"http:\/\/www.simili.at\/WP\/?page_id=1183"},"modified":"2021-10-16T11:34:46","modified_gmt":"2021-10-16T11:34:46","slug":"kinder-haarbaender","status":"publish","type":"page","link":"http:\/\/www.simili.at\/WP\/kinder\/kinder-haarbaender\/","title":{"rendered":"Kinder Haarb\u00e4nder"},"content":{"rendered":"<p>Hier finden sie fr\u00f6hliche Kinder Haarb\u00e4nder in frechem Design und hohem Tragekomfort.<\/p>\n\n\t\t<style type=\"text\/css\">\n\t\t\t#gallery-1 {\n\t\t\t\tmargin: auto;\n\t\t\t}\n\t\t\t#gallery-1 .gallery-item {\n\t\t\t\tfloat: left;\n\t\t\t\tmargin-top: 10px;\n\t\t\t\ttext-align: center;\n\t\t\t\twidth: 33%;\n\t\t\t}\n\t\t\t#gallery-1 img {\n\t\t\t\tborder: 2px solid #cfcfcf;\n\t\t\t}\n\t\t\t#gallery-1 .gallery-caption {\n\t\t\t\tmargin-left: 0;\n\t\t\t}\n\t\t\t\/* see gallery_shortcode() in wp-includes\/media.php *\/\n\t\t<\/style>\n\t\t<div id='gallery-1' class='gallery galleryid-1183 gallery-columns-3 gallery-size-thumbnail'><dl class='gallery-item'>\n\t\t\t<dt class='gallery-icon landscape'>\n\t\t\t\t<a href='http:\/\/www.simili.at\/WP\/wp-content\/uploads\/2021\/10\/Kinderhaarb\u00e4nder-6.2313.15.jpg' rel=\"lightbox[gallery-0]\"><img loading=\"lazy\" decoding=\"async\" width=\"150\" height=\"150\" src=\"http:\/\/www.simili.at\/WP\/wp-content\/uploads\/2021\/10\/Kinderhaarb\u00e4nder-6.2313.15-150x150.jpg\" class=\"attachment-thumbnail size-thumbnail\" alt=\"\" aria-describedby=\"gallery-1-8238\" srcset=\"http:\/\/www.simili.at\/WP\/wp-content\/uploads\/2021\/10\/Kinderhaarb\u00e4nder-6.2313.15-150x150.jpg 150w, http:\/\/www.simili.at\/WP\/wp-content\/uploads\/2021\/10\/Kinderhaarb\u00e4nder-6.2313.15-300x300.jpg 300w, http:\/\/www.simili.at\/WP\/wp-content\/uploads\/2021\/10\/Kinderhaarb\u00e4nder-6.2313.15-182x182.jpg 182w, http:\/\/www.simili.at\/WP\/wp-content\/uploads\/2021\/10\/Kinderhaarb\u00e4nder-6.2313.15-83x83.jpg 83w, http:\/\/www.simili.at\/WP\/wp-content\/uploads\/2021\/10\/Kinderhaarb\u00e4nder-6.2313.15-184x184.jpg 184w, http:\/\/www.simili.at\/WP\/wp-content\/uploads\/2021\/10\/Kinderhaarb\u00e4nder-6.2313.15.jpg 600w\" sizes=\"(max-width: 150px) 100vw, 150px\" \/><\/a>\n\t\t\t<\/dt>\n\t\t\t\t<dd class='wp-caption-text gallery-caption' id='gallery-1-8238'>\n\t\t\t\t6.2313.15\n\t\t\t\t<\/dd><\/dl><dl class='gallery-item'>\n\t\t\t<dt class='gallery-icon landscape'>\n\t\t\t\t<a href='http:\/\/www.simili.at\/WP\/wp-content\/uploads\/2021\/10\/Kinderhaarb\u00e4nder-6.2312.15.jpg' rel=\"lightbox[gallery-0]\"><img loading=\"lazy\" decoding=\"async\" width=\"150\" height=\"150\" src=\"http:\/\/www.simili.at\/WP\/wp-content\/uploads\/2021\/10\/Kinderhaarb\u00e4nder-6.2312.15-150x150.jpg\" class=\"attachment-thumbnail size-thumbnail\" alt=\"\" aria-describedby=\"gallery-1-8237\" srcset=\"http:\/\/www.simili.at\/WP\/wp-content\/uploads\/2021\/10\/Kinderhaarb\u00e4nder-6.2312.15-150x150.jpg 150w, http:\/\/www.simili.at\/WP\/wp-content\/uploads\/2021\/10\/Kinderhaarb\u00e4nder-6.2312.15-300x300.jpg 300w, http:\/\/www.simili.at\/WP\/wp-content\/uploads\/2021\/10\/Kinderhaarb\u00e4nder-6.2312.15-182x182.jpg 182w, http:\/\/www.simili.at\/WP\/wp-content\/uploads\/2021\/10\/Kinderhaarb\u00e4nder-6.2312.15-83x83.jpg 83w, http:\/\/www.simili.at\/WP\/wp-content\/uploads\/2021\/10\/Kinderhaarb\u00e4nder-6.2312.15-184x184.jpg 184w, http:\/\/www.simili.at\/WP\/wp-content\/uploads\/2021\/10\/Kinderhaarb\u00e4nder-6.2312.15.jpg 600w\" sizes=\"(max-width: 150px) 100vw, 150px\" \/><\/a>\n\t\t\t<\/dt>\n\t\t\t\t<dd class='wp-caption-text gallery-caption' id='gallery-1-8237'>\n\t\t\t\t6.2312.15\n\t\t\t\t<\/dd><\/dl><dl class='gallery-item'>\n\t\t\t<dt class='gallery-icon landscape'>\n\t\t\t\t<a href='http:\/\/www.simili.at\/WP\/wp-content\/uploads\/2015\/03\/Kinderhaarb\u00e4nder-6.2309.15.jpg' rel=\"lightbox[gallery-0]\"><img loading=\"lazy\" decoding=\"async\" width=\"150\" height=\"150\" src=\"http:\/\/www.simili.at\/WP\/wp-content\/uploads\/2015\/03\/Kinderhaarb\u00e4nder-6.2309.15-150x150.jpg\" class=\"attachment-thumbnail size-thumbnail\" alt=\"\" aria-describedby=\"gallery-1-5413\" srcset=\"http:\/\/www.simili.at\/WP\/wp-content\/uploads\/2015\/03\/Kinderhaarb\u00e4nder-6.2309.15-150x150.jpg 150w, http:\/\/www.simili.at\/WP\/wp-content\/uploads\/2015\/03\/Kinderhaarb\u00e4nder-6.2309.15-300x300.jpg 300w, http:\/\/www.simili.at\/WP\/wp-content\/uploads\/2015\/03\/Kinderhaarb\u00e4nder-6.2309.15-182x182.jpg 182w, http:\/\/www.simili.at\/WP\/wp-content\/uploads\/2015\/03\/Kinderhaarb\u00e4nder-6.2309.15-83x83.jpg 83w, http:\/\/www.simili.at\/WP\/wp-content\/uploads\/2015\/03\/Kinderhaarb\u00e4nder-6.2309.15-184x184.jpg 184w, http:\/\/www.simili.at\/WP\/wp-content\/uploads\/2015\/03\/Kinderhaarb\u00e4nder-6.2309.15.jpg 600w\" sizes=\"(max-width: 150px) 100vw, 150px\" \/><\/a>\n\t\t\t<\/dt>\n\t\t\t\t<dd class='wp-caption-text gallery-caption' id='gallery-1-5413'>\n\t\t\t\t6.2309A.18\n\t\t\t\t<\/dd><\/dl><br style=\"clear: both\" \/><dl class='gallery-item'>\n\t\t\t<dt class='gallery-icon landscape'>\n\t\t\t\t<a href='http:\/\/www.simili.at\/WP\/wp-content\/uploads\/2021\/10\/Kinderhaarb\u00e4nder-6.2309C.18.jpg' rel=\"lightbox[gallery-0]\"><img loading=\"lazy\" decoding=\"async\" width=\"150\" height=\"150\" src=\"http:\/\/www.simili.at\/WP\/wp-content\/uploads\/2021\/10\/Kinderhaarb\u00e4nder-6.2309C.18-150x150.jpg\" class=\"attachment-thumbnail size-thumbnail\" alt=\"\" aria-describedby=\"gallery-1-8236\" srcset=\"http:\/\/www.simili.at\/WP\/wp-content\/uploads\/2021\/10\/Kinderhaarb\u00e4nder-6.2309C.18-150x150.jpg 150w, http:\/\/www.simili.at\/WP\/wp-content\/uploads\/2021\/10\/Kinderhaarb\u00e4nder-6.2309C.18-300x300.jpg 300w, http:\/\/www.simili.at\/WP\/wp-content\/uploads\/2021\/10\/Kinderhaarb\u00e4nder-6.2309C.18-182x182.jpg 182w, http:\/\/www.simili.at\/WP\/wp-content\/uploads\/2021\/10\/Kinderhaarb\u00e4nder-6.2309C.18-83x83.jpg 83w, http:\/\/www.simili.at\/WP\/wp-content\/uploads\/2021\/10\/Kinderhaarb\u00e4nder-6.2309C.18-184x184.jpg 184w, http:\/\/www.simili.at\/WP\/wp-content\/uploads\/2021\/10\/Kinderhaarb\u00e4nder-6.2309C.18.jpg 600w\" sizes=\"(max-width: 150px) 100vw, 150px\" \/><\/a>\n\t\t\t<\/dt>\n\t\t\t\t<dd class='wp-caption-text gallery-caption' id='gallery-1-8236'>\n\t\t\t\t6.2309C.18\n\t\t\t\t<\/dd><\/dl>\n\t\t\t<br style='clear: both' \/>\n\t\t<\/div>\n\n","protected":false},"excerpt":{"rendered":"<p>Hier finden sie fr\u00f6hliche Kinder Haarb\u00e4nder in frechem Design und hohem Tragekomfort.<\/p>\n","protected":false},"author":1,"featured_media":0,"parent":62,"menu_order":0,"comment_status":"open","ping_status":"open","template":"","meta":{"footnotes":""},"_links":{"self":[{"href":"http:\/\/www.simili.at\/WP\/wp-json\/wp\/v2\/pages\/1183"}],"collection":[{"href":"http:\/\/www.simili.at\/WP\/wp-json\/wp\/v2\/pages"}],"about":[{"href":"http:\/\/www.simili.at\/WP\/wp-json\/wp\/v2\/types\/page"}],"author":[{"embeddable":true,"href":"http:\/\/www.simili.at\/WP\/wp-json\/wp\/v2\/users\/1"}],"replies":[{"embeddable":true,"href":"http:\/\/www.simili.at\/WP\/wp-json\/wp\/v2\/comments?post=1183"}],"version-history":[{"count":17,"href":"http:\/\/www.simili.at\/WP\/wp-json\/wp\/v2\/pages\/1183\/revisions"}],"predecessor-version":[{"id":8243,"href":"http:\/\/www.simili.at\/WP\/wp-json\/wp\/v2\/pages\/1183\/revisions\/8243"}],"up":[{"embeddable":true,"href":"http:\/\/www.simili.at\/WP\/wp-json\/wp\/v2\/pages\/62"}],"wp:attachment":[{"href":"http:\/\/www.simili.at\/WP\/wp-json\/wp\/v2\/media?parent=1183"}],"curies":[{"name":"wp","href":"https:\/\/api.w.org\/{rel}","templated":true}]}}