{"id":1058,"date":"2015-03-30T17:59:22","date_gmt":"2015-03-30T17:59:22","guid":{"rendered":"http:\/\/www.simili.at\/WP\/?page_id=1058"},"modified":"2018-06-05T14:40:26","modified_gmt":"2018-06-05T14:40:26","slug":"aussendienst","status":"publish","type":"page","link":"http:\/\/www.simili.at\/WP\/aussendienst\/","title":{"rendered":"Au\u00dfendienst"},"content":{"rendered":"<p>Nutzen sie\u00a0M\u00f6glichkeit, von uns in ihrem Gesch\u00e4ft \u00a0besucht zu werden.<br \/>\nDaraus\u00a0ergibt sich der Vorteil, dass sie alle Produkte in ihrer originalen<br \/>\nBeschaffenheit\u00a0sehen und ausprobieren k\u00f6nnen.<br \/>\nWir bereisen ganz\u00a0\u00d6sterreich in regelm\u00e4\u00dfigen Abst\u00e4nden.<\/p>\n<p><span style=\"text-decoration: underline;\">Au\u00dfendienst &#8211; Leo Pendl<\/span><\/p>\n<p><a href=\"http:\/\/www.simili.at\/WP\/wp-content\/uploads\/2015\/03\/Leo-e1428270696766.png\" rel=\"lightbox-0\"><img loading=\"lazy\" decoding=\"async\" class=\"alignnone wp-image-1292 size-full\" src=\"http:\/\/www.simili.at\/WP\/wp-content\/uploads\/2015\/03\/Leo-e1428270696766.png\" alt=\"\" width=\"113\" height=\"147\" \/><\/a><\/p>\n<p><a href=\"http:\/\/www.simili.at\/WP\/wp-content\/uploads\/2015\/03\/Leo-neu.jpg\" rel=\"lightbox-1\">G<\/a>erne komme ich in ihr Gesch\u00e4ft um ihnen<br \/>\nunsere umfangreiche Kollektion zu\u00a0pr\u00e4sentieren.<\/p>\n<p>Terminvereinbarung unter \u00a0<img loading=\"lazy\" decoding=\"async\" class=\"alignnone size-full wp-image-1232\" src=\"http:\/\/www.simili.at\/WP\/wp-content\/uploads\/2015\/03\/tel_s.png\" alt=\"tel_s\" width=\"21\" height=\"19\" \/>\u00a0 +43 5352 66869 oder per Email unter\u00a0office@simili.at<\/p>\n<p>&nbsp;<\/p>\n<p><a href=\"http:\/\/www.simili.at\/WP\/clic-clac\/\"><img loading=\"lazy\" decoding=\"async\" class=\"alignnone wp-image-2241 size-full\" src=\"http:\/\/www.simili.at\/WP\/wp-content\/uploads\/2015\/03\/Startseite-5-Herbst-2015.jpg\" alt=\"\" width=\"650\" height=\"315\" srcset=\"http:\/\/www.simili.at\/WP\/wp-content\/uploads\/2015\/03\/Startseite-5-Herbst-2015.jpg 650w, http:\/\/www.simili.at\/WP\/wp-content\/uploads\/2015\/03\/Startseite-5-Herbst-2015-300x145.jpg 300w\" sizes=\"(max-width: 650px) 100vw, 650px\" \/><\/a><\/p>\n","protected":false},"excerpt":{"rendered":"<p>Nutzen sie\u00a0M\u00f6glichkeit, von uns in ihrem Gesch\u00e4ft \u00a0besucht zu werden. Daraus\u00a0ergibt sich der Vorteil, dass sie alle Produkte in ihrer originalen Beschaffenheit\u00a0sehen und ausprobieren k\u00f6nnen. Wir bereisen ganz\u00a0\u00d6sterreich in regelm\u00e4\u00dfigen Abst\u00e4nden. Au\u00dfendienst &#8211; Leo Pendl Gerne komme ich in ihr Gesch\u00e4ft um ihnen unsere umfangreiche Kollektion zu\u00a0pr\u00e4sentieren. Terminvereinbarung unter \u00a0\u00a0 +43 5352 66869 oder per [&hellip;]<\/p>\n","protected":false},"author":1,"featured_media":0,"parent":0,"menu_order":0,"comment_status":"open","ping_status":"open","template":"","meta":{"footnotes":""},"_links":{"self":[{"href":"http:\/\/www.simili.at\/WP\/wp-json\/wp\/v2\/pages\/1058"}],"collection":[{"href":"http:\/\/www.simili.at\/WP\/wp-json\/wp\/v2\/pages"}],"about":[{"href":"http:\/\/www.simili.at\/WP\/wp-json\/wp\/v2\/types\/page"}],"author":[{"embeddable":true,"href":"http:\/\/www.simili.at\/WP\/wp-json\/wp\/v2\/users\/1"}],"replies":[{"embeddable":true,"href":"http:\/\/www.simili.at\/WP\/wp-json\/wp\/v2\/comments?post=1058"}],"version-history":[{"count":35,"href":"http:\/\/www.simili.at\/WP\/wp-json\/wp\/v2\/pages\/1058\/revisions"}],"predecessor-version":[{"id":5647,"href":"http:\/\/www.simili.at\/WP\/wp-json\/wp\/v2\/pages\/1058\/revisions\/5647"}],"wp:attachment":[{"href":"http:\/\/www.simili.at\/WP\/wp-json\/wp\/v2\/media?parent=1058"}],"curies":[{"name":"wp","href":"https:\/\/api.w.org\/{rel}","templated":true}]}}